{"id":198783,"date":"2024-07-23T23:02:25","date_gmt":"2024-07-23T23:02:25","guid":{"rendered":"https:\/\/aldeco.pt\/staging\/product\/cojin-ever-lasting-natural-nude-45x45-p\/"},"modified":"2024-08-29T14:38:23","modified_gmt":"2024-08-29T14:38:23","slug":"cojin-ever-lasting-natural-nude-45x45-p","status":"publish","type":"product","link":"https:\/\/staging.aldeco.pt\/es\/product\/cojin-ever-lasting-natural-nude-45x45-p\/","title":{"rendered":"COJ\u00cdN EVER LASTING NATURAL NUDE 45&#215;45 P"},"content":{"rendered":"<p>Elegante coj\u00edn cuadrado decorativo en tejido de chenilla ign\u00edfugo con vivo de terciopelo Si\u00e9ge. Ever Lasting FR tiene un dise\u00f1o ondulado inspirado en formas naturales como plumas de p\u00e1jaros y tejidos que forman un zigzag fluido. Esta almohada tiene cremallera oculta y est\u00e1 disponible en diferentes combinaciones de colores, con o sin relleno.<\/p>\n","protected":false},"excerpt":{"rendered":"<p>Elegante coj\u00edn cuadrado decorativo en tejido de chenilla ign\u00edfugo con vivo de terciopelo Si\u00e9ge. Ever Lasting FR tiene un dise\u00f1o ondulado inspirado en formas naturales como plumas de p\u00e1jaros y tejidos que forman un zigzag fluido. Esta almohada tiene cremallera oculta y est\u00e1 disponible en diferentes combinaciones de colores, con o sin relleno. <\/p>\n<h2>Coj\u00edn Ever Lasting FR tiene un dise\u00f1o ondulado inspirado en formas naturales como plumas de p\u00e1jaros formando un zigzag fluido.<\/h2>\n<p><img fetchpriority=\"high\" decoding=\"async\" class=\"alignnone wp-image-197309 size-medium\" src=\"https:\/\/aldeco.pt\/staging\/wp-content\/uploads\/2024\/07\/CUSHION-EVER-LASTING-NATURAL-NUDE-45x45-P-300x241.jpg\" alt=\"Coj\u00edn Ever Lasting Natural Nude - Aldeco\" width=\"300\" height=\"241\"><\/p>\n<p><a href=\"https:\/\/aldeco.pt\/staging\/product\/cushion-ever-lasting-natural-nude-45x45-p\/?attribute_pa_aldeco-color=02-natural-nude\">https:\/\/aldeco.pt\/staging\/product\/cushion-ever-lasting-natural-nude-45&#215;45-p\/?attribute_pa_aldeco-color=02-natural-nude<\/a><a href=\"https:\/\/www.instagram.com\/aldeco_interiorfabrics\/\">https:\/\/www.instagram.com\/aldeco_interiorfabrics\/<\/a><\/p>\n","protected":false},"featured_media":197311,"template":"","meta":[],"product_brand":[],"product_cat":[6146],"product_tag":[],"class_list":{"0":"post-198783","1":"product","2":"type-product","3":"status-publish","4":"has-post-thumbnail","6":"product_cat-aldeco-2-es","7":"pa_composition-ext-46-vi-29-co-25-pl-es","8":"pa_line-cojines","9":"pa_range-chenilla","12":"first","13":"instock","14":"purchasable","15":"product-type-variable"},"acf":[],"_links":{"self":[{"href":"https:\/\/staging.aldeco.pt\/es\/wp-json\/wp\/v2\/product\/198783","targetHints":{"allow":["GET"]}}],"collection":[{"href":"https:\/\/staging.aldeco.pt\/es\/wp-json\/wp\/v2\/product"}],"about":[{"href":"https:\/\/staging.aldeco.pt\/es\/wp-json\/wp\/v2\/types\/product"}],"version-history":[{"count":1,"href":"https:\/\/staging.aldeco.pt\/es\/wp-json\/wp\/v2\/product\/198783\/revisions"}],"predecessor-version":[{"id":199597,"href":"https:\/\/staging.aldeco.pt\/es\/wp-json\/wp\/v2\/product\/198783\/revisions\/199597"}],"wp:featuredmedia":[{"embeddable":true,"href":"https:\/\/staging.aldeco.pt\/es\/wp-json\/wp\/v2\/media\/197311"}],"wp:attachment":[{"href":"https:\/\/staging.aldeco.pt\/es\/wp-json\/wp\/v2\/media?parent=198783"}],"wp:term":[{"taxonomy":"product_brand","embeddable":true,"href":"https:\/\/staging.aldeco.pt\/es\/wp-json\/wp\/v2\/product_brand?post=198783"},{"taxonomy":"product_cat","embeddable":true,"href":"https:\/\/staging.aldeco.pt\/es\/wp-json\/wp\/v2\/product_cat?post=198783"},{"taxonomy":"product_tag","embeddable":true,"href":"https:\/\/staging.aldeco.pt\/es\/wp-json\/wp\/v2\/product_tag?post=198783"}],"curies":[{"name":"wp","href":"https:\/\/api.w.org\/{rel}","templated":true}]}}