{"id":198779,"date":"2024-07-23T23:02:16","date_gmt":"2024-07-23T23:02:16","guid":{"rendered":"https:\/\/aldeco.pt\/staging\/product\/cojin-dolly-wild-white-60x30\/"},"modified":"2024-10-03T08:21:47","modified_gmt":"2024-10-03T08:21:47","slug":"cojin-dolly-wild-white-60x30","status":"publish","type":"product","link":"https:\/\/staging.aldeco.pt\/es\/product\/cojin-dolly-wild-white-60x30\/","title":{"rendered":"COJ\u00cdN DOLLY WILD WHITE 60&#215;30"},"content":{"rendered":"<p>Descubre Dolly, un coj\u00edn decorativo rectangular con aspecto de lana y efecto boucl\u00e9 de tacto muy suave y c\u00e1lido. Esta almohada tiene cremallera oculta y est\u00e1 disponible en diferentes combinaciones de colores, con o sin relleno.<\/p>\n","protected":false},"excerpt":{"rendered":"<p>Descubre Dolly, un coj\u00edn decorativo rectangular con aspecto de lana y efecto boucl\u00e9 de tacto muy suave y c\u00e1lido. Esta almohada tiene cremallera oculta y est\u00e1 disponible en diferentes combinaciones de colores, con o sin relleno.<\/p>\n<h2>Coj\u00edn Dolly, un coj\u00edn decorativo rectangular con aspecto de lana y efecto boucl\u00e9 de tacto muy suave y c\u00e1lido. Esta almohada tiene cremallera oculta y est\u00e1 disponible en diferentes combinaciones de colores, con o sin relleno.<\/h2>\n<p><img fetchpriority=\"high\" decoding=\"async\" class=\"alignnone wp-image-196454 size-medium\" src=\"https:\/\/aldeco.pt\/staging\/wp-content\/uploads\/2024\/07\/CUSHION-DOLLY-WILD-WHITE-60x30-1-300x241.jpg\" alt=\"Coj\u00edn Dolly Wild White - Aldeco\" width=\"300\" height=\"241\" \/><\/p>\n<p><a href=\"https:\/\/aldeco.pt\/staging\/product\/cushion-dolly-wild-white-60x30\/?attribute_pa_aldeco-color=01-wild-white\">https:\/\/aldeco.pt\/staging\/product\/cushion-dolly-wild-white-60&#215;30\/?attribute_pa_aldeco-color=01-wild-white<\/a><a href=\"https:\/\/www.instagram.com\/aldeco_interiorfabrics\/\">https:\/\/www.instagram.com\/aldeco_interiorfabrics\/<\/a><\/p>\n<p>&nbsp;<\/p>\n","protected":false},"featured_media":196456,"template":"","meta":[],"product_brand":[],"product_cat":[6146],"product_tag":[],"class_list":{"0":"post-198779","1":"product","2":"type-product","3":"status-publish","4":"has-post-thumbnail","6":"product_cat-aldeco-2-es","7":"pa_composition-ext-100-pl-es","8":"pa_line-cojines","9":"pa_range-boucle-es","12":"first","13":"instock","14":"purchasable","15":"product-type-variable"},"acf":[],"_links":{"self":[{"href":"https:\/\/staging.aldeco.pt\/es\/wp-json\/wp\/v2\/product\/198779","targetHints":{"allow":["GET"]}}],"collection":[{"href":"https:\/\/staging.aldeco.pt\/es\/wp-json\/wp\/v2\/product"}],"about":[{"href":"https:\/\/staging.aldeco.pt\/es\/wp-json\/wp\/v2\/types\/product"}],"version-history":[{"count":2,"href":"https:\/\/staging.aldeco.pt\/es\/wp-json\/wp\/v2\/product\/198779\/revisions"}],"predecessor-version":[{"id":201908,"href":"https:\/\/staging.aldeco.pt\/es\/wp-json\/wp\/v2\/product\/198779\/revisions\/201908"}],"wp:featuredmedia":[{"embeddable":true,"href":"https:\/\/staging.aldeco.pt\/es\/wp-json\/wp\/v2\/media\/196456"}],"wp:attachment":[{"href":"https:\/\/staging.aldeco.pt\/es\/wp-json\/wp\/v2\/media?parent=198779"}],"wp:term":[{"taxonomy":"product_brand","embeddable":true,"href":"https:\/\/staging.aldeco.pt\/es\/wp-json\/wp\/v2\/product_brand?post=198779"},{"taxonomy":"product_cat","embeddable":true,"href":"https:\/\/staging.aldeco.pt\/es\/wp-json\/wp\/v2\/product_cat?post=198779"},{"taxonomy":"product_tag","embeddable":true,"href":"https:\/\/staging.aldeco.pt\/es\/wp-json\/wp\/v2\/product_tag?post=198779"}],"curies":[{"name":"wp","href":"https:\/\/api.w.org\/{rel}","templated":true}]}}