{"id":198775,"date":"2024-07-23T23:02:06","date_gmt":"2024-07-23T23:02:06","guid":{"rendered":"https:\/\/aldeco.pt\/staging\/product\/cojin-digby-velvet-taupe-gold-50x50\/"},"modified":"2024-10-01T08:50:57","modified_gmt":"2024-10-01T08:50:57","slug":"cojin-digby-velvet-taupe-gold-50x50","status":"publish","type":"product","link":"https:\/\/staging.aldeco.pt\/es\/product\/cojin-digby-velvet-taupe-gold-50x50\/","title":{"rendered":"COJ\u00cdN DIGBY VELVET TAUPE GOLD 50&#215;50"},"content":{"rendered":"<p>Experimente la suavidad pura en esta almohada decorativa cuadrada a trav\u00e9s del lujo contempor\u00e1neo y atm\u00f3sferas intrigantes. DIGBY VELVET es un elegante terciopelo jacquard con una identidad audaz, crea un di\u00e1logo art\u00edstico perfecto entre el patr\u00f3n geom\u00e9trico y los elegantes tonos de colores. Inspirada en la nueva ola de artistas brit\u00e1nicos, algunos de ellos involucrados en procesos de reinterpretaci\u00f3n del arte y en un pasado glorioso para un presente elegante y distintivo. Digby Velvet es un elegante y fino terciopelo jacquard con un motivo geom\u00e9trico que recuerda las m\u00faltiples facetas de aquella \u00e9poca hist\u00f3rica. Revisado y redise\u00f1ado con un toque contempor\u00e1neo para volverse atemporal. Tiene un importante efecto mat\u00e9rico, crea y potencia la fuerte identidad de los terciopelos jacquard, con peque\u00f1os motivos geom\u00e9tricos y animalier. Esta almohada tiene cremallera oculta y est\u00e1 disponible en diferentes combinaciones de colores, con o sin relleno.<\/p>\n","protected":false},"excerpt":{"rendered":"<p>Experimente la suavidad pura en esta almohada decorativa cuadrada a trav\u00e9s del lujo contempor\u00e1neo y atm\u00f3sferas intrigantes. DIGBY VELVET es un elegante terciopelo jacquard con una identidad audaz, crea un di\u00e1logo art\u00edstico perfecto entre el patr\u00f3n geom\u00e9trico y los elegantes tonos de colores. Inspirada en la nueva ola de artistas brit\u00e1nicos, algunos de ellos involucrados en procesos de reinterpretaci\u00f3n del arte y en un pasado glorioso para un presente elegante y distintivo. Digby Velvet es un elegante y fino terciopelo jacquard con un motivo geom\u00e9trico que recuerda las m\u00faltiples facetas de aquella \u00e9poca hist\u00f3rica. Revisado y redise\u00f1ado con un toque contempor\u00e1neo para volverse atemporal. Tiene un importante efecto mat\u00e9rico, crea y potencia la fuerte identidad de los terciopelos jacquard, con peque\u00f1os motivos geom\u00e9tricos y animalier. Esta almohada tiene cremallera oculta y est\u00e1 disponible en diferentes combinaciones de colores, con o sin relleno.<\/p>\n<h2>Cushion DIGBY VELVET is an elegant jacquard velvet with a bold identity, it creates a perfect artistic dialogue between the geometric pattern and elegant shades of colours. Inspirada en la nueva ola de artistas brit\u00e1nicos, algunos de ellos involucrados en procesos de reinterpretaci\u00f3n del arte y en un pasado glorioso para un presente elegante y distintivo. Digby Velvet es un elegante y fino terciopelo jacquard con un motivo geom\u00e9trico que recuerda las m\u00faltiples facetas de aquella \u00e9poca hist\u00f3rica. Revisado y redise\u00f1ado con un toque contempor\u00e1neo para volverse atemporal. Tiene un importante efecto mat\u00e9rico, crea y potencia la fuerte identidad de los terciopelos jacquard, con peque\u00f1os motivos geom\u00e9tricos y animalier. Esta almohada tiene cremallera oculta y est\u00e1 disponible en diferentes combinaciones de colores, con o sin relleno.<\/h2>\n<p><img fetchpriority=\"high\" decoding=\"async\" class=\"alignnone wp-image-195771 size-medium\" src=\"https:\/\/aldeco.pt\/staging\/wp-content\/uploads\/2024\/07\/CUSHION-DIGBY-VELVET-TAUPE-GOLD-50x50-1-300x241.jpg\" alt=\"Coj\u00edn Digby Velvet Taupe Gold - Aldeco\" width=\"300\" height=\"241\" \/><\/p>\n<p><a href=\"https:\/\/aldeco.pt\/staging\/product\/cushion-digby-velvet-taupe-gold-50x50\/?attribute_pa_aldeco-color=02-taupe-gold\">https:\/\/aldeco.pt\/staging\/product\/cushion-digby-velvet-taupe-gold-50&#215;50\/?attribute_pa_aldeco-color=02-taupe-gold<\/a><a href=\"https:\/\/www.instagram.com\/aldeco_interiorfabrics\/\">https:\/\/www.instagram.com\/aldeco_interiorfabrics\/<\/a><\/p>\n","protected":false},"featured_media":195773,"template":"","meta":[],"product_brand":[],"product_cat":[6146],"product_tag":[],"class_list":{"0":"post-198775","1":"product","2":"type-product","3":"status-publish","4":"has-post-thumbnail","6":"product_cat-aldeco-2-es","7":"pa_composition-ext-39-vi-36-pl-25-co-es","8":"pa_line-cojines","9":"pa_range-terciopelo","12":"first","13":"instock","14":"purchasable","15":"product-type-variable"},"acf":[],"_links":{"self":[{"href":"https:\/\/staging.aldeco.pt\/es\/wp-json\/wp\/v2\/product\/198775","targetHints":{"allow":["GET"]}}],"collection":[{"href":"https:\/\/staging.aldeco.pt\/es\/wp-json\/wp\/v2\/product"}],"about":[{"href":"https:\/\/staging.aldeco.pt\/es\/wp-json\/wp\/v2\/types\/product"}],"version-history":[{"count":2,"href":"https:\/\/staging.aldeco.pt\/es\/wp-json\/wp\/v2\/product\/198775\/revisions"}],"predecessor-version":[{"id":200892,"href":"https:\/\/staging.aldeco.pt\/es\/wp-json\/wp\/v2\/product\/198775\/revisions\/200892"}],"wp:featuredmedia":[{"embeddable":true,"href":"https:\/\/staging.aldeco.pt\/es\/wp-json\/wp\/v2\/media\/195773"}],"wp:attachment":[{"href":"https:\/\/staging.aldeco.pt\/es\/wp-json\/wp\/v2\/media?parent=198775"}],"wp:term":[{"taxonomy":"product_brand","embeddable":true,"href":"https:\/\/staging.aldeco.pt\/es\/wp-json\/wp\/v2\/product_brand?post=198775"},{"taxonomy":"product_cat","embeddable":true,"href":"https:\/\/staging.aldeco.pt\/es\/wp-json\/wp\/v2\/product_cat?post=198775"},{"taxonomy":"product_tag","embeddable":true,"href":"https:\/\/staging.aldeco.pt\/es\/wp-json\/wp\/v2\/product_tag?post=198775"}],"curies":[{"name":"wp","href":"https:\/\/api.w.org\/{rel}","templated":true}]}}