{"id":198757,"date":"2024-07-23T23:01:17","date_gmt":"2024-07-23T23:01:17","guid":{"rendered":"https:\/\/aldeco.pt\/staging\/product\/cojin-demoiselles-fr-exotic-night-45x30\/"},"modified":"2024-08-29T14:38:34","modified_gmt":"2024-08-29T14:38:34","slug":"cojin-demoiselles-fr-exotic-night-45x30","status":"publish","type":"product","link":"https:\/\/staging.aldeco.pt\/es\/product\/cojin-demoiselles-fr-exotic-night-45x30\/","title":{"rendered":"COJ\u00cdN DEMOISELLES FR EXOTIC NIGHT 45&#215;30"},"content":{"rendered":"<p>D\u00e9jate seducir por este coj\u00edn decorativo rectangular. DEMOISELLES IN\/OUTDOOR FR es un tejido muy vers\u00e1til, tiene un aspecto de lino, es muy pesado y es adecuado tanto para uso interior como exterior. Este tejido est\u00e1 fabricado de conformidad con las normativas medioambientales vigentes en la CEE y adem\u00e1s es ign\u00edfugo. Inspirado especialmente en los pintores modernistas como Gaugin y Picasso con el uso de una figura humana estilizada y una flora ex\u00f3tica recurriendo al uso de colores planos para definir formas. El uso de elementos de tatuajes polinesios refuerza esta rica tradici\u00f3n de las islas del Pac\u00edfico Sur. Esta almohada tiene cremallera oculta y est\u00e1 disponible en diferentes combinaciones de colores, con o sin relleno.<\/p>\n","protected":false},"excerpt":{"rendered":"<p>D\u00e9jate seducir por este coj\u00edn decorativo rectangular. DEMOISELLES IN\/OUTDOOR FR es un tejido muy vers\u00e1til, tiene un aspecto de lino, es muy pesado y es adecuado tanto para uso interior como exterior. Este tejido est\u00e1 fabricado de conformidad con las normativas medioambientales vigentes en la CEE y adem\u00e1s es ign\u00edfugo. Inspirado especialmente en los pintores modernistas como Gaugin y Picasso con el uso de una figura humana estilizada y una flora ex\u00f3tica recurriendo al uso de colores planos para definir formas. El uso de elementos de tatuajes polinesios refuerza esta rica tradici\u00f3n de las islas del Pac\u00edfico Sur. Esta almohada tiene cremallera oculta y est\u00e1 disponible en diferentes combinaciones de colores, con o sin relleno. <\/p>\n<h2>Coj\u00edn DEMOISELLES IN\/OUTDOOR FR es un tejido muy vers\u00e1til, tiene un aspecto de lino, es muy pesado y es adecuado tanto para uso interior como exterior. Este tejido est\u00e1 fabricado de conformidad con las normativas medioambientales vigentes en la CEE y adem\u00e1s es ign\u00edfugo. Inspirado especialmente en los pintores modernistas como Gaugin y Picasso con el uso de una figura humana estilizada y una flora ex\u00f3tica recurriendo al uso de colores planos para definir formas. El uso de elementos de tatuajes polinesios refuerza esta rica tradici\u00f3n de las islas del Pac\u00edfico Sur. Esta almohada tiene cremallera oculta y est\u00e1 disponible en diferentes combinaciones de colores, con o sin relleno.<\/h2>\n<p><img fetchpriority=\"high\" decoding=\"async\" class=\"alignnone wp-image-195724 size-medium\" src=\"https:\/\/aldeco.pt\/staging\/wp-content\/uploads\/2024\/07\/CUSHION-DEMOISELLES-FR-EXOTIC-NIGHT-45x30-1-300x241.jpg\" alt=\"Coj\u00edn Demoiselles FR Exotic Night - Aldeco\" width=\"300\" height=\"241\"><\/p>\n<p><a href=\"https:\/\/aldeco.pt\/staging\/product\/cushion-demoiselles-fr-exotic-night-45x30\/?attribute_pa_aldeco-color=02-exotic-night\">https:\/\/aldeco.pt\/staging\/product\/cushion-demoiselles-fr-exotic-night-45&#215;30\/?attribute_pa_aldeco-color=02-exotic-night<\/a><a href=\"https:\/\/www.instagram.com\/aldeco_interiorfabrics\/\">https:\/\/www.instagram.com\/aldeco_interiorfabrics\/<\/a><\/p>\n","protected":false},"featured_media":195726,"template":"","meta":[],"product_brand":[],"product_cat":[6146],"product_tag":[],"class_list":{"0":"post-198757","1":"product","2":"type-product","3":"status-publish","4":"has-post-thumbnail","6":"product_cat-aldeco-2-es","7":"pa_composition-ext-100-pl-es","8":"pa_line-cojines","11":"first","12":"instock","13":"purchasable","14":"product-type-variable"},"acf":[],"_links":{"self":[{"href":"https:\/\/staging.aldeco.pt\/es\/wp-json\/wp\/v2\/product\/198757","targetHints":{"allow":["GET"]}}],"collection":[{"href":"https:\/\/staging.aldeco.pt\/es\/wp-json\/wp\/v2\/product"}],"about":[{"href":"https:\/\/staging.aldeco.pt\/es\/wp-json\/wp\/v2\/types\/product"}],"version-history":[{"count":1,"href":"https:\/\/staging.aldeco.pt\/es\/wp-json\/wp\/v2\/product\/198757\/revisions"}],"predecessor-version":[{"id":199610,"href":"https:\/\/staging.aldeco.pt\/es\/wp-json\/wp\/v2\/product\/198757\/revisions\/199610"}],"wp:featuredmedia":[{"embeddable":true,"href":"https:\/\/staging.aldeco.pt\/es\/wp-json\/wp\/v2\/media\/195726"}],"wp:attachment":[{"href":"https:\/\/staging.aldeco.pt\/es\/wp-json\/wp\/v2\/media?parent=198757"}],"wp:term":[{"taxonomy":"product_brand","embeddable":true,"href":"https:\/\/staging.aldeco.pt\/es\/wp-json\/wp\/v2\/product_brand?post=198757"},{"taxonomy":"product_cat","embeddable":true,"href":"https:\/\/staging.aldeco.pt\/es\/wp-json\/wp\/v2\/product_cat?post=198757"},{"taxonomy":"product_tag","embeddable":true,"href":"https:\/\/staging.aldeco.pt\/es\/wp-json\/wp\/v2\/product_tag?post=198757"}],"curies":[{"name":"wp","href":"https:\/\/api.w.org\/{rel}","templated":true}]}}