{"id":198747,"date":"2024-07-23T23:00:53","date_gmt":"2024-07-23T23:00:53","guid":{"rendered":"https:\/\/aldeco.pt\/staging\/product\/cojin-decoupe-velvet-antelope-gray-50x50-p\/"},"modified":"2024-08-29T14:38:38","modified_gmt":"2024-08-29T14:38:38","slug":"cojin-decoupe-velvet-antelope-gray-50x50-p","status":"publish","type":"product","link":"https:\/\/staging.aldeco.pt\/es\/product\/cojin-decoupe-velvet-antelope-gray-50x50-p\/","title":{"rendered":"COJ\u00cdN DECOUP\u00c9 VELVET ANTELOPE GRAY 50&#215;50 P"},"content":{"rendered":"<p>Coj\u00edn cuadrado moderno con frontal de terciopelo jacquard DECOUP\u00c9 y tejido Tribe en el reverso y vivo. DECOUP\u00c8 VELVET es un terciopelo jacquard apto para tapicer\u00eda con un elegante fondo de lino y un tacto muy natural. El pelaje tiene una apariencia similar a una huella dactilar con formas din\u00e1micas grandes y divertidas que evocan tanto las formas abstractas del arte moderno como los tatuajes Mahori tradicionales que sol\u00edan cubrir todo el cuerpo de los pueblos ind\u00edgenas en las islas de la Polinesia Francesa. Esta almohada tiene cremallera oculta y est\u00e1 disponible en diferentes combinaciones de colores, con o sin relleno.<\/p>\n","protected":false},"excerpt":{"rendered":"<p>Coj\u00edn cuadrado moderno con frontal de terciopelo jacquard DECOUP\u00c9 y tejido Tribe en el reverso y vivo. DECOUP\u00c8 VELVET es un terciopelo jacquard apto para tapicer\u00eda con un elegante fondo de lino y un tacto muy natural. El pelaje tiene una apariencia similar a una huella dactilar con formas din\u00e1micas grandes y divertidas que evocan tanto las formas abstractas del arte moderno como los tatuajes Mahori tradicionales que sol\u00edan cubrir todo el cuerpo de los pueblos ind\u00edgenas en las islas de la Polinesia Francesa. Esta almohada tiene cremallera oculta y est\u00e1 disponible en diferentes combinaciones de colores, con o sin relleno. <\/p>\n<h2>Coj\u00edn DECOUP\u00c8 VELVET es un terciopelo jacquard apto para tapicer\u00eda con un elegante fondo de lino y un tacto muy natural. El pelaje tiene una apariencia similar a una huella dactilar con formas din\u00e1micas grandes y divertidas que evocan tanto las formas abstractas del arte moderno como los tatuajes Mahori tradicionales que sol\u00edan cubrir todo el cuerpo de los pueblos ind\u00edgenas en las islas de la Polinesia Francesa. Esta almohada tiene cremallera oculta y est\u00e1 disponible en diferentes combinaciones de colores, con o sin relleno.<\/h2>\n<p><img fetchpriority=\"high\" decoding=\"async\" class=\"alignnone wp-image-195687 size-medium\" src=\"https:\/\/aldeco.pt\/staging\/wp-content\/uploads\/2024\/07\/CUSHION-DECOUPE-VELVET-ANTELOPE-GRAY-50x50-P-300x241.jpg\" alt=\"Coj\u00edn Decoup\u00e9 Velvet Linen Black - Aldeco\" width=\"300\" height=\"241\"><\/p>\n<p><a href=\"https:\/\/aldeco.pt\/staging\/product\/cushion-decoupe-velvet-antelope-gray-50x50-p\/?attribute_pa_aldeco-color=01-antelope-gray\">https:\/\/aldeco.pt\/staging\/product\/cushion-decoupe-velvet-antelope-gray-50&#215;50-p\/?attribute_pa_aldeco-color=01-antelope-gray<\/a><a href=\"https:\/\/www.instagram.com\/aldeco_interiorfabrics\/\">https:\/\/www.instagram.com\/aldeco_interiorfabrics\/<\/a><\/p>\n","protected":false},"featured_media":195689,"template":"","meta":[],"product_brand":[],"product_cat":[6146],"product_tag":[],"class_list":{"0":"post-198747","1":"product","2":"type-product","3":"status-publish","4":"has-post-thumbnail","6":"product_cat-aldeco-2-es","7":"pa_composition-ext-70-vi-16-pl-10-co-4-li-es","8":"pa_line-cojines","9":"pa_range-terciopelo","12":"first","13":"instock","14":"purchasable","15":"product-type-variable"},"acf":[],"_links":{"self":[{"href":"https:\/\/staging.aldeco.pt\/es\/wp-json\/wp\/v2\/product\/198747","targetHints":{"allow":["GET"]}}],"collection":[{"href":"https:\/\/staging.aldeco.pt\/es\/wp-json\/wp\/v2\/product"}],"about":[{"href":"https:\/\/staging.aldeco.pt\/es\/wp-json\/wp\/v2\/types\/product"}],"version-history":[{"count":1,"href":"https:\/\/staging.aldeco.pt\/es\/wp-json\/wp\/v2\/product\/198747\/revisions"}],"predecessor-version":[{"id":199615,"href":"https:\/\/staging.aldeco.pt\/es\/wp-json\/wp\/v2\/product\/198747\/revisions\/199615"}],"wp:featuredmedia":[{"embeddable":true,"href":"https:\/\/staging.aldeco.pt\/es\/wp-json\/wp\/v2\/media\/195689"}],"wp:attachment":[{"href":"https:\/\/staging.aldeco.pt\/es\/wp-json\/wp\/v2\/media?parent=198747"}],"wp:term":[{"taxonomy":"product_brand","embeddable":true,"href":"https:\/\/staging.aldeco.pt\/es\/wp-json\/wp\/v2\/product_brand?post=198747"},{"taxonomy":"product_cat","embeddable":true,"href":"https:\/\/staging.aldeco.pt\/es\/wp-json\/wp\/v2\/product_cat?post=198747"},{"taxonomy":"product_tag","embeddable":true,"href":"https:\/\/staging.aldeco.pt\/es\/wp-json\/wp\/v2\/product_tag?post=198747"}],"curies":[{"name":"wp","href":"https:\/\/api.w.org\/{rel}","templated":true}]}}