{"id":198739,"date":"2024-07-23T23:00:32","date_gmt":"2024-07-23T23:00:32","guid":{"rendered":"https:\/\/aldeco.pt\/staging\/product\/cojin-damier-amazon-sunrise-50x30\/"},"modified":"2024-08-29T14:38:41","modified_gmt":"2024-08-29T14:38:41","slug":"cojin-damier-amazon-sunrise-50x30","status":"publish","type":"product","link":"https:\/\/staging.aldeco.pt\/es\/product\/cojin-damier-amazon-sunrise-50x30\/","title":{"rendered":"COJ\u00cdN DAMIER AMAZON SUNRISE 50&#215;30"},"content":{"rendered":"<p>Divertido y elegante, as\u00ed es el coj\u00edn decorativo rectangular Damier. Confeccionado en tejido de chenilla con un motivo geom\u00e9trico con un impresionante degradado enriquecido con un hilo extra que crea un color rico y profundo.  Esta almohada tiene cremallera oculta y est\u00e1 disponible en diferentes combinaciones de colores, con o sin relleno.<\/p>\n","protected":false},"excerpt":{"rendered":"<p>Divertido y elegante, as\u00ed es el coj\u00edn decorativo rectangular Damier. Confeccionado en tejido de chenilla con un motivo geom\u00e9trico con un impresionante degradado enriquecido con un hilo extra que crea un color rico y profundo.  Esta almohada tiene cremallera oculta y est\u00e1 disponible en diferentes combinaciones de colores, con o sin relleno. <\/p>\n<h2>Coj\u00edn Damier en tejido de chenilla con un motivo geom\u00e9trico con un impresionante degradado enriquecido con un hilo extra que crea un color rico y profundo.<\/h2>\n<p><img fetchpriority=\"high\" decoding=\"async\" class=\"alignnone size-medium wp-image-197282\" src=\"https:\/\/aldeco.pt\/staging\/wp-content\/uploads\/2024\/07\/CUSHION-DAMIER-AMAZON-SUNRISE-50x30-1-300x241.jpg\" alt=\"\" width=\"300\" height=\"241\"><\/p>\n<p><a href=\"https:\/\/aldeco.pt\/staging\/product\/cushion-damier-amazon-sunrise-50x30\/?attribute_pa_aldeco-color=06-amazon-sunrise\">https:\/\/aldeco.pt\/staging\/product\/cushion-damier-amazon-sunrise-50&#215;30\/?attribute_pa_aldeco-color=06-amazon-sunrise<\/a><a href=\"https:\/\/www.instagram.com\/aldeco_interiorfabrics\/\">https:\/\/www.instagram.com\/aldeco_interiorfabrics\/<\/a><\/p>\n","protected":false},"featured_media":197284,"template":"","meta":[],"product_brand":[],"product_cat":[6146],"product_tag":[],"class_list":{"0":"post-198739","1":"product","2":"type-product","3":"status-publish","4":"has-post-thumbnail","6":"product_cat-aldeco-2-es","7":"pa_composition-ext-42-vi-33-co-25-pl-es","8":"pa_line-cojines","9":"pa_range-chenilla","12":"first","13":"instock","14":"purchasable","15":"product-type-variable"},"acf":[],"_links":{"self":[{"href":"https:\/\/staging.aldeco.pt\/es\/wp-json\/wp\/v2\/product\/198739","targetHints":{"allow":["GET"]}}],"collection":[{"href":"https:\/\/staging.aldeco.pt\/es\/wp-json\/wp\/v2\/product"}],"about":[{"href":"https:\/\/staging.aldeco.pt\/es\/wp-json\/wp\/v2\/types\/product"}],"version-history":[{"count":1,"href":"https:\/\/staging.aldeco.pt\/es\/wp-json\/wp\/v2\/product\/198739\/revisions"}],"predecessor-version":[{"id":199619,"href":"https:\/\/staging.aldeco.pt\/es\/wp-json\/wp\/v2\/product\/198739\/revisions\/199619"}],"wp:featuredmedia":[{"embeddable":true,"href":"https:\/\/staging.aldeco.pt\/es\/wp-json\/wp\/v2\/media\/197284"}],"wp:attachment":[{"href":"https:\/\/staging.aldeco.pt\/es\/wp-json\/wp\/v2\/media?parent=198739"}],"wp:term":[{"taxonomy":"product_brand","embeddable":true,"href":"https:\/\/staging.aldeco.pt\/es\/wp-json\/wp\/v2\/product_brand?post=198739"},{"taxonomy":"product_cat","embeddable":true,"href":"https:\/\/staging.aldeco.pt\/es\/wp-json\/wp\/v2\/product_cat?post=198739"},{"taxonomy":"product_tag","embeddable":true,"href":"https:\/\/staging.aldeco.pt\/es\/wp-json\/wp\/v2\/product_tag?post=198739"}],"curies":[{"name":"wp","href":"https:\/\/api.w.org\/{rel}","templated":true}]}}