{"id":198737,"date":"2024-07-23T23:00:22","date_gmt":"2024-07-23T23:00:22","guid":{"rendered":"https:\/\/aldeco.pt\/staging\/product\/cojin-chroniques-de-voyage-spring-earth-50x50-ox\/"},"modified":"2024-10-02T11:53:37","modified_gmt":"2024-10-02T11:53:37","slug":"cojin-chroniques-de-voyage-spring-earth-50x50-ox","status":"publish","type":"product","link":"https:\/\/staging.aldeco.pt\/es\/product\/cojin-chroniques-de-voyage-spring-earth-50x50-ox\/","title":{"rendered":"COJ\u00cdN CHRONIQUES DE VOYAGE SPRING EARTH 50&#215;50 OX"},"content":{"rendered":"<p>Descubre este exquisito coj\u00edn cuadrado con oxford de 1 cm alrededor. CHRONIQUES DE VOYAGE es un hermoso y estilizado tejido bordado de vegetaci\u00f3n que celebra la forma y el color. Esta tela especial de algod\u00f3n tiene puntadas voluminosas que hacen que la superficie de este dise\u00f1o integral sea impresionante con una sensaci\u00f3n hecha a mano. Inspirado en las cr\u00f3nicas de viajes aventureros de Veva por campos buc\u00f3licos con vegetaci\u00f3n en tonos c\u00e1lidos y naturales. Esta almohada tiene cremallera oculta y est\u00e1 disponible en diferentes combinaciones de colores, con o sin relleno.<\/p>\n","protected":false},"excerpt":{"rendered":"<p>Descubre este exquisito coj\u00edn cuadrado con oxford de 1 cm alrededor. CHRONIQUES DE VOYAGE es un hermoso y estilizado tejido bordado de vegetaci\u00f3n que celebra la forma y el color. Esta tela especial de algod\u00f3n tiene puntadas voluminosas que hacen que la superficie de este dise\u00f1o integral sea impresionante con una sensaci\u00f3n hecha a mano. Inspirado en las cr\u00f3nicas de viajes aventureros de Veva por campos buc\u00f3licos con vegetaci\u00f3n en tonos c\u00e1lidos y naturales. Esta almohada tiene cremallera oculta y est\u00e1 disponible en diferentes combinaciones de colores, con o sin relleno.<\/p>\n<h2>Coj\u00edn CHRONIQUES DE VOYAGE es una tela hermosa y estilizada bordada con follaje que celebra la forma y el color. Esta tela especial de algod\u00f3n tiene puntadas voluminosas que hacen que la superficie de este dise\u00f1o integral sea impresionante con una sensaci\u00f3n hecha a mano. Inspirado en las cr\u00f3nicas de viajes aventureros de Veva por campos buc\u00f3licos con vegetaci\u00f3n en tonos c\u00e1lidos y naturales. Esta almohada tiene cremallera oculta y est\u00e1 disponible en diferentes combinaciones de colores, con o sin relleno.<\/h2>\n<p><img fetchpriority=\"high\" decoding=\"async\" class=\"alignnone wp-image-195395 size-medium\" src=\"https:\/\/aldeco.pt\/staging\/wp-content\/uploads\/2024\/07\/CUSHION-CHRONIQUES-DE-VOYAGE-SPRING-EARTH-50x50-OX-3-300x241.jpg\" alt=\"Coj\u00edn Chroniques de Voyage Spring Earth - Aldeco\" width=\"300\" height=\"241\" \/><\/p>\n<p><a href=\"https:\/\/aldeco.pt\/staging\/product\/cushion-chroniques-de-voyage-spring-earth-50x50-ox\/?attribute_pa_aldeco-color=02-spring-earth\">https:\/\/aldeco.pt\/staging\/product\/cushion-chroniques-de-voyage-spring-earth-50&#215;50-ox\/?attribute_pa_aldeco-color=02-spring-earth<\/a><a href=\"https:\/\/www.instagram.com\/aldeco_interiorfabrics\/\">https:\/\/www.instagram.com\/aldeco_interiorfabrics\/<\/a><\/p>\n","protected":false},"featured_media":195397,"template":"","meta":[],"product_brand":[],"product_cat":[6146],"product_tag":[],"class_list":{"0":"post-198737","1":"product","2":"type-product","3":"status-publish","4":"has-post-thumbnail","6":"product_cat-aldeco-2-es","7":"pa_composition-ext-100-co-bordado-100-pl-es","8":"pa_line-cojines","9":"pa_range-bordado-es","10":"pa_range-combed-es","13":"first","14":"instock","15":"purchasable","16":"product-type-variable"},"acf":[],"_links":{"self":[{"href":"https:\/\/staging.aldeco.pt\/es\/wp-json\/wp\/v2\/product\/198737","targetHints":{"allow":["GET"]}}],"collection":[{"href":"https:\/\/staging.aldeco.pt\/es\/wp-json\/wp\/v2\/product"}],"about":[{"href":"https:\/\/staging.aldeco.pt\/es\/wp-json\/wp\/v2\/types\/product"}],"version-history":[{"count":2,"href":"https:\/\/staging.aldeco.pt\/es\/wp-json\/wp\/v2\/product\/198737\/revisions"}],"predecessor-version":[{"id":201834,"href":"https:\/\/staging.aldeco.pt\/es\/wp-json\/wp\/v2\/product\/198737\/revisions\/201834"}],"wp:featuredmedia":[{"embeddable":true,"href":"https:\/\/staging.aldeco.pt\/es\/wp-json\/wp\/v2\/media\/195397"}],"wp:attachment":[{"href":"https:\/\/staging.aldeco.pt\/es\/wp-json\/wp\/v2\/media?parent=198737"}],"wp:term":[{"taxonomy":"product_brand","embeddable":true,"href":"https:\/\/staging.aldeco.pt\/es\/wp-json\/wp\/v2\/product_brand?post=198737"},{"taxonomy":"product_cat","embeddable":true,"href":"https:\/\/staging.aldeco.pt\/es\/wp-json\/wp\/v2\/product_cat?post=198737"},{"taxonomy":"product_tag","embeddable":true,"href":"https:\/\/staging.aldeco.pt\/es\/wp-json\/wp\/v2\/product_tag?post=198737"}],"curies":[{"name":"wp","href":"https:\/\/api.w.org\/{rel}","templated":true}]}}