{"id":198731,"date":"2024-07-23T22:59:55","date_gmt":"2024-07-23T22:59:55","guid":{"rendered":"https:\/\/aldeco.pt\/staging\/product\/cojin-chiado-fr-autumn-mix-ball-35\/"},"modified":"2024-10-10T10:18:22","modified_gmt":"2024-10-10T10:18:22","slug":"cojin-chiado-fr-autumn-mix-ball-35","status":"publish","type":"product","link":"https:\/\/staging.aldeco.pt\/es\/product\/cojin-chiado-fr-autumn-mix-ball-35\/","title":{"rendered":"COJ\u00cdN CHIADO FR AUTUMN MIX BALL 35"},"content":{"rendered":"<p>A\u00f1ade un elemento divertido e igualmente lujoso a tu sof\u00e1 o cama con el coj\u00edn decorativo de bola. Presentamos CHIADO FR, un tejido mixto de alta resistencia a la abrasi\u00f3n. Este tejido de gran textura y apariencia tridimensional cumple con el est\u00e1ndar REACH sobre sostenibilidad y trazabilidad de sustancias qu\u00edmicas. Este coj\u00edn con cremallera oculta muy de moda est\u00e1 disponible en diferentes combinaciones de colores, con o sin relleno.<\/p>\n","protected":false},"excerpt":{"rendered":"<p>A\u00f1ade un elemento divertido e igualmente lujoso a tu sof\u00e1 o cama con el coj\u00edn decorativo de bola. Presentamos CHIADO FR, un tejido mixto de alta resistencia a la abrasi\u00f3n. Este tejido de gran textura y apariencia tridimensional cumple con el est\u00e1ndar REACH sobre sostenibilidad y trazabilidad de sustancias qu\u00edmicas. Este coj\u00edn con cremallera oculta muy de moda est\u00e1 disponible en diferentes combinaciones de colores, con o sin relleno.<\/p>\n<h2>Coj\u00edn CHIADO FR, un tejido mixto de alta resistencia a la abrasi\u00f3n. Este tejido de gran textura y apariencia tridimensional cumple con el est\u00e1ndar REACH sobre sostenibilidad y trazabilidad de sustancias qu\u00edmicas. Este coj\u00edn con cremallera oculta muy de moda est\u00e1 disponible en diferentes combinaciones de colores, con o sin relleno.<\/h2>\n<p><img fetchpriority=\"high\" decoding=\"async\" class=\"alignnone wp-image-195542 size-medium\" src=\"https:\/\/aldeco.pt\/staging\/wp-content\/uploads\/2024\/07\/CUSHION-CHIADO-FR-AUTUMN-MIX-BALL-35-1-300x241.jpg\" alt=\"Coj\u00edn Chiado FR Autumn Mix - Aldeco\" width=\"300\" height=\"241\" \/><\/p>\n<p>&nbsp;<\/p>\n<p><a href=\"https:\/\/aldeco.pt\/staging\/product\/cushion-chiado-fr-autumn-mix-ball-35\/?attribute_pa_colour=multicolour&amp;attribute_pa_aldeco-color=13-autumn-mix\">https:\/\/aldeco.pt\/staging\/product\/cushion-chiado-fr-autumn-mix-ball-35\/?attribute_pa_colour=multicolourattribute_pa_aldeco-color=13-autumn-mix<\/a><a href=\"https:\/\/www.instagram.com\/aldeco_interiorfabrics\/\">https:\/\/www.instagram.com\/aldeco_interiorfabrics\/<\/a><\/p>\n","protected":false},"featured_media":195544,"template":"","meta":[],"product_brand":[],"product_cat":[6146],"product_tag":[],"class_list":{"0":"post-198731","1":"product","2":"type-product","3":"status-publish","4":"has-post-thumbnail","6":"product_cat-aldeco-2-es","7":"pa_composition-ext-100-pl-es","8":"pa_line-cojines","9":"pa_range-jacquard-es","12":"first","13":"instock","14":"purchasable","15":"product-type-variable"},"acf":[],"_links":{"self":[{"href":"https:\/\/staging.aldeco.pt\/es\/wp-json\/wp\/v2\/product\/198731","targetHints":{"allow":["GET"]}}],"collection":[{"href":"https:\/\/staging.aldeco.pt\/es\/wp-json\/wp\/v2\/product"}],"about":[{"href":"https:\/\/staging.aldeco.pt\/es\/wp-json\/wp\/v2\/types\/product"}],"version-history":[{"count":2,"href":"https:\/\/staging.aldeco.pt\/es\/wp-json\/wp\/v2\/product\/198731\/revisions"}],"predecessor-version":[{"id":204923,"href":"https:\/\/staging.aldeco.pt\/es\/wp-json\/wp\/v2\/product\/198731\/revisions\/204923"}],"wp:featuredmedia":[{"embeddable":true,"href":"https:\/\/staging.aldeco.pt\/es\/wp-json\/wp\/v2\/media\/195544"}],"wp:attachment":[{"href":"https:\/\/staging.aldeco.pt\/es\/wp-json\/wp\/v2\/media?parent=198731"}],"wp:term":[{"taxonomy":"product_brand","embeddable":true,"href":"https:\/\/staging.aldeco.pt\/es\/wp-json\/wp\/v2\/product_brand?post=198731"},{"taxonomy":"product_cat","embeddable":true,"href":"https:\/\/staging.aldeco.pt\/es\/wp-json\/wp\/v2\/product_cat?post=198731"},{"taxonomy":"product_tag","embeddable":true,"href":"https:\/\/staging.aldeco.pt\/es\/wp-json\/wp\/v2\/product_tag?post=198731"}],"curies":[{"name":"wp","href":"https:\/\/api.w.org\/{rel}","templated":true}]}}