{"id":198729,"date":"2024-07-23T22:59:51","date_gmt":"2024-07-23T22:59:51","guid":{"rendered":"https:\/\/aldeco.pt\/staging\/product\/cojin-celebration-pool-party-60x35-p\/"},"modified":"2024-10-07T11:43:37","modified_gmt":"2024-10-07T11:43:37","slug":"cojin-celebration-pool-party-60x35-p","status":"publish","type":"product","link":"https:\/\/staging.aldeco.pt\/es\/product\/cojin-celebration-pool-party-60x35-p\/","title":{"rendered":"COJ\u00cdN CELEBRATION POOL PARTY 60&#215;35 P"},"content":{"rendered":"<p>Coj\u00edn decorativo rectangular en tejido jacquard Celebration. Celebration es una versi\u00f3n de rayas de nuestro dise\u00f1o Blessed, tambi\u00e9n con efecto zig-zag. Ambos se pueden combinar de diferentes maneras, gracias a las rayas multicolores de Celebration. Todos los colores de rayas est\u00e1n disponibles en tela Blessed. Esta almohada tiene vivo Si\u00e9ge Velvet para darle ese toque especial y cremallera oculta y est\u00e1 disponible en diferentes combinaciones de colores, con o sin relleno.<\/p>\n","protected":false},"excerpt":{"rendered":"<p>Coj\u00edn decorativo rectangular en tejido jacquard Celebration. Celebration es una versi\u00f3n de rayas de nuestro dise\u00f1o Blessed, tambi\u00e9n con efecto zig-zag. Ambos se pueden combinar de diferentes maneras, gracias a las rayas multicolores de Celebration. Todos los colores de rayas est\u00e1n disponibles en tela Blessed. Esta almohada tiene vivo Si\u00e9ge Velvet para darle ese toque especial y cremallera oculta y est\u00e1 disponible en diferentes combinaciones de colores, con o sin relleno.<\/p>\n<h2>Coj\u00edn Celebration es una versi\u00f3n de rayas de nuestro dise\u00f1o Blessed, tambi\u00e9n con efecto zig-zag.<\/h2>\n<p><img fetchpriority=\"high\" decoding=\"async\" class=\"alignnone wp-image-197276 size-medium\" src=\"https:\/\/aldeco.pt\/staging\/wp-content\/uploads\/2024\/07\/CUSHION-CELEBRATION-POOL-PARTY-60x35-P-300x241.jpg\" alt=\"Coj\u00edn Celebration Pool Party - Aldeco\" width=\"300\" height=\"241\" \/><\/p>\n<p><a href=\"https:\/\/aldeco.pt\/staging\/product\/cushion-celebration-pool-party-60x35-p\/?attribute_pa_aldeco-color=06-pool-party\">https:\/\/aldeco.pt\/staging\/product\/cushion-celebration-pool-party-60&#215;35-p\/?attribute_pa_aldeco-color=06-pool-party<\/a><a href=\"https:\/\/www.instagram.com\/aldeco_interiorfabrics\/\">https:\/\/www.instagram.com\/aldeco_interiorfabrics\/<\/a><\/p>\n<p>&nbsp;<\/p>\n<p>&nbsp;<\/p>\n","protected":false},"featured_media":197278,"template":"","meta":[],"product_brand":[],"product_cat":[6146],"product_tag":[],"class_list":{"0":"post-198729","1":"product","2":"type-product","3":"status-publish","4":"has-post-thumbnail","6":"product_cat-aldeco-2-es","7":"pa_composition-ext-46-vi-22-li-20-co-12-pl-es","8":"pa_line-cojines","9":"pa_range-jacquard-es","12":"first","13":"instock","14":"purchasable","15":"product-type-variable"},"acf":[],"_links":{"self":[{"href":"https:\/\/staging.aldeco.pt\/es\/wp-json\/wp\/v2\/product\/198729","targetHints":{"allow":["GET"]}}],"collection":[{"href":"https:\/\/staging.aldeco.pt\/es\/wp-json\/wp\/v2\/product"}],"about":[{"href":"https:\/\/staging.aldeco.pt\/es\/wp-json\/wp\/v2\/types\/product"}],"version-history":[{"count":2,"href":"https:\/\/staging.aldeco.pt\/es\/wp-json\/wp\/v2\/product\/198729\/revisions"}],"predecessor-version":[{"id":202123,"href":"https:\/\/staging.aldeco.pt\/es\/wp-json\/wp\/v2\/product\/198729\/revisions\/202123"}],"wp:featuredmedia":[{"embeddable":true,"href":"https:\/\/staging.aldeco.pt\/es\/wp-json\/wp\/v2\/media\/197278"}],"wp:attachment":[{"href":"https:\/\/staging.aldeco.pt\/es\/wp-json\/wp\/v2\/media?parent=198729"}],"wp:term":[{"taxonomy":"product_brand","embeddable":true,"href":"https:\/\/staging.aldeco.pt\/es\/wp-json\/wp\/v2\/product_brand?post=198729"},{"taxonomy":"product_cat","embeddable":true,"href":"https:\/\/staging.aldeco.pt\/es\/wp-json\/wp\/v2\/product_cat?post=198729"},{"taxonomy":"product_tag","embeddable":true,"href":"https:\/\/staging.aldeco.pt\/es\/wp-json\/wp\/v2\/product_tag?post=198729"}],"curies":[{"name":"wp","href":"https:\/\/api.w.org\/{rel}","templated":true}]}}