{"id":198699,"date":"2024-07-23T22:58:52","date_gmt":"2024-07-23T22:58:52","guid":{"rendered":"https:\/\/aldeco.pt\/staging\/product\/cojin-carousel-cord-golden-olive-60x30-p\/"},"modified":"2024-10-01T14:44:11","modified_gmt":"2024-10-01T14:44:11","slug":"cojin-carousel-cord-golden-olive-60x30-p","status":"publish","type":"product","link":"https:\/\/staging.aldeco.pt\/es\/product\/cojin-carousel-cord-golden-olive-60x30-p\/","title":{"rendered":"COJ\u00cdN CAROUSEL CORD GOLDEN OLIVE 60&#215;30 P"},"content":{"rendered":"<p>Rico y elegante coj\u00edn rectangular hecho de Carousel Cord que representa la construcci\u00f3n simple y \u00fanica de una cuerda de manera retorcida, limpia y organizada. Este elemento est\u00e1 presente en las varillas del carrusel y est\u00e1 representado de una manera arquitect\u00f3nica y muy singular. Cada color tiene 3 colores de hilo diferentes, lo que hace que sea f\u00e1cil de mezclar y combinar con el resto de la decoraci\u00f3n. Este coj\u00edn es tela jacquard en el frente y raso Fondant en el reverso y vivo en un color que combine, tiene cremallera oculta. Est\u00e1 disponible en diferentes combinaciones de colores, con o sin relleno.<\/p>\n","protected":false},"excerpt":{"rendered":"<p>Rico y elegante coj\u00edn rectangular hecho de Carousel Cord que representa la construcci\u00f3n simple y \u00fanica de una cuerda de manera retorcida, limpia y organizada. Este elemento est\u00e1 presente en las varillas del carrusel y est\u00e1 representado de una manera arquitect\u00f3nica y muy singular. Cada color tiene 3 colores de hilo diferentes, lo que hace que sea f\u00e1cil de mezclar y combinar con el resto de la decoraci\u00f3n. Este coj\u00edn es tela jacquard en el frente y raso Fondant en el reverso y vivo en un color que combine, tiene cremallera oculta. Est\u00e1 disponible en diferentes combinaciones de colores, con o sin relleno.<\/p>\n<h2>Coj\u00edn Carousel Cord, representa la construcci\u00f3n simple y \u00fanica de una cuerda de manera retorcida, limpia y organizada. Este elemento est\u00e1 presente en las varillas del carrusel y est\u00e1 representado de una manera arquitect\u00f3nica y muy singular. Cada color tiene 3 colores de hilo diferentes, lo que hace que sea f\u00e1cil de mezclar y combinar con el resto de la decoraci\u00f3n. Este coj\u00edn es tela jacquard en el frente y raso Fondant en el reverso y vivo en un color que combine, tiene cremallera oculta. Est\u00e1 disponible en diferentes combinaciones de colores, con o sin relleno.<\/h2>\n<p><img fetchpriority=\"high\" decoding=\"async\" class=\"alignnone wp-image-196036 size-medium\" src=\"https:\/\/aldeco.pt\/staging\/wp-content\/uploads\/2024\/07\/CUSHION-CAROUSEL-CORD-GOLDEN-OLIVE-60x30-P-1-300x241.jpg\" alt=\"Coj\u00edn Carousel Cord Golden Olive - Aldeco\" width=\"300\" height=\"241\" \/><\/p>\n<p><a href=\"https:\/\/aldeco.pt\/staging\/product\/cushion-carousel-cord-golden-olive-60x30-p\/?attribute_pa_aldeco-color=04-golden-olive\">https:\/\/aldeco.pt\/staging\/product\/cushion-carousel-cord-golden-olive-60&#215;30-p\/?attribute_pa_aldeco-color=04-golden-olive<\/a><a href=\"https:\/\/www.instagram.com\/aldeco_interiorfabrics\/\">https:\/\/www.instagram.com\/aldeco_interiorfabrics\/<\/a><\/p>\n","protected":false},"featured_media":196038,"template":"","meta":[],"product_brand":[],"product_cat":[6146],"product_tag":[],"class_list":{"0":"post-198699","1":"product","2":"type-product","3":"status-publish","4":"has-post-thumbnail","6":"product_cat-aldeco-2-es","7":"pa_composition-ext-23-pa-77-vi-es","8":"pa_line-cojines","9":"pa_range-satin-es","12":"first","13":"instock","14":"purchasable","15":"product-type-variable"},"acf":[],"_links":{"self":[{"href":"https:\/\/staging.aldeco.pt\/es\/wp-json\/wp\/v2\/product\/198699","targetHints":{"allow":["GET"]}}],"collection":[{"href":"https:\/\/staging.aldeco.pt\/es\/wp-json\/wp\/v2\/product"}],"about":[{"href":"https:\/\/staging.aldeco.pt\/es\/wp-json\/wp\/v2\/types\/product"}],"version-history":[{"count":2,"href":"https:\/\/staging.aldeco.pt\/es\/wp-json\/wp\/v2\/product\/198699\/revisions"}],"predecessor-version":[{"id":201708,"href":"https:\/\/staging.aldeco.pt\/es\/wp-json\/wp\/v2\/product\/198699\/revisions\/201708"}],"wp:featuredmedia":[{"embeddable":true,"href":"https:\/\/staging.aldeco.pt\/es\/wp-json\/wp\/v2\/media\/196038"}],"wp:attachment":[{"href":"https:\/\/staging.aldeco.pt\/es\/wp-json\/wp\/v2\/media?parent=198699"}],"wp:term":[{"taxonomy":"product_brand","embeddable":true,"href":"https:\/\/staging.aldeco.pt\/es\/wp-json\/wp\/v2\/product_brand?post=198699"},{"taxonomy":"product_cat","embeddable":true,"href":"https:\/\/staging.aldeco.pt\/es\/wp-json\/wp\/v2\/product_cat?post=198699"},{"taxonomy":"product_tag","embeddable":true,"href":"https:\/\/staging.aldeco.pt\/es\/wp-json\/wp\/v2\/product_tag?post=198699"}],"curies":[{"name":"wp","href":"https:\/\/api.w.org\/{rel}","templated":true}]}}