{"id":198669,"date":"2024-07-23T22:57:53","date_gmt":"2024-07-23T22:57:53","guid":{"rendered":"https:\/\/aldeco.pt\/staging\/product\/cojin-burkina-in-outdoor-coffee-45x45\/"},"modified":"2024-08-29T14:39:10","modified_gmt":"2024-08-29T14:39:10","slug":"cojin-burkina-in-outdoor-coffee-45x45","status":"publish","type":"product","link":"https:\/\/staging.aldeco.pt\/es\/product\/cojin-burkina-in-outdoor-coffee-45x45\/","title":{"rendered":"COJ\u00cdN BURKINA IN\/OUTDOOR COFFEE 45&#215;45"},"content":{"rendered":"<p>Este incre\u00edble coj\u00edn cuadrado est\u00e1 confeccionado en tela jacquard BURKINA, inspirado en \u00c1frica y su maravilloso arte y el uso del color, los granos de caf\u00e9 y la luz dan como resultado este tejido pesado y abstracto, apto tanto para uso interior como exterior. Esta almohada tiene cremallera oculta y est\u00e1 disponible en diferentes combinaciones de colores, con o sin relleno.<\/p>\n","protected":false},"excerpt":{"rendered":"<p>Este incre\u00edble coj\u00edn cuadrado est\u00e1 confeccionado en tela jacquard BURKINA, inspirado en \u00c1frica y su maravilloso arte y el uso del color, los granos de caf\u00e9 y la luz dan como resultado este tejido pesado y abstracto, apto tanto para uso interior como exterior. Esta almohada tiene cremallera oculta y est\u00e1 disponible en diferentes combinaciones de colores, con o sin relleno. <\/p>\n<h2>Coj\u00edn BURKINA, inspirado en \u00c1frica y su maravilloso arte y el uso del color, los granos de caf\u00e9 y la luz dan como resultado este tejido pesado<\/h2>\n<p><img fetchpriority=\"high\" decoding=\"async\" class=\"alignnone wp-image-196426 size-medium\" src=\"https:\/\/aldeco.pt\/staging\/wp-content\/uploads\/2024\/07\/CUSHION-BURKINA-IN-OUTDOOR-COFFEE-45x45-1-300x241.jpg\" alt=\"Coj\u00edn Burkina In\/Outdoor Coffee - Aldeco\" width=\"300\" height=\"241\"><\/p>\n<p><a href=\"https:\/\/aldeco.pt\/staging\/product\/cushion-burkina-in-outdoor-coffee-45x45\/?attribute_pa_aldeco-color=03-coffee\">https:\/\/aldeco.pt\/staging\/product\/cushion-burkina-in-outdoor-coffee-45&#215;45\/?attribute_pa_aldeco-color=03-coffee<\/a><a href=\"https:\/\/www.instagram.com\/aldeco_interiorfabrics\/\">https:\/\/www.instagram.com\/aldeco_interiorfabrics\/<\/a><\/p>\n","protected":false},"featured_media":196428,"template":"","meta":[],"product_brand":[],"product_cat":[6146],"product_tag":[],"class_list":{"0":"post-198669","1":"product","2":"type-product","3":"status-publish","4":"has-post-thumbnail","6":"product_cat-aldeco-2-es","7":"pa_composition-ext-100-pp-es","8":"pa_line-cojines","11":"first","12":"instock","13":"purchasable","14":"product-type-variable"},"acf":[],"_links":{"self":[{"href":"https:\/\/staging.aldeco.pt\/es\/wp-json\/wp\/v2\/product\/198669","targetHints":{"allow":["GET"]}}],"collection":[{"href":"https:\/\/staging.aldeco.pt\/es\/wp-json\/wp\/v2\/product"}],"about":[{"href":"https:\/\/staging.aldeco.pt\/es\/wp-json\/wp\/v2\/types\/product"}],"version-history":[{"count":1,"href":"https:\/\/staging.aldeco.pt\/es\/wp-json\/wp\/v2\/product\/198669\/revisions"}],"predecessor-version":[{"id":199654,"href":"https:\/\/staging.aldeco.pt\/es\/wp-json\/wp\/v2\/product\/198669\/revisions\/199654"}],"wp:featuredmedia":[{"embeddable":true,"href":"https:\/\/staging.aldeco.pt\/es\/wp-json\/wp\/v2\/media\/196428"}],"wp:attachment":[{"href":"https:\/\/staging.aldeco.pt\/es\/wp-json\/wp\/v2\/media?parent=198669"}],"wp:term":[{"taxonomy":"product_brand","embeddable":true,"href":"https:\/\/staging.aldeco.pt\/es\/wp-json\/wp\/v2\/product_brand?post=198669"},{"taxonomy":"product_cat","embeddable":true,"href":"https:\/\/staging.aldeco.pt\/es\/wp-json\/wp\/v2\/product_cat?post=198669"},{"taxonomy":"product_tag","embeddable":true,"href":"https:\/\/staging.aldeco.pt\/es\/wp-json\/wp\/v2\/product_tag?post=198669"}],"curies":[{"name":"wp","href":"https:\/\/api.w.org\/{rel}","templated":true}]}}