{"id":198659,"date":"2024-07-23T22:57:20","date_gmt":"2024-07-23T22:57:20","guid":{"rendered":"https:\/\/aldeco.pt\/staging\/product\/cojin-bohemian-natural-shades-45x45\/"},"modified":"2024-08-29T14:39:16","modified_gmt":"2024-08-29T14:39:16","slug":"cojin-bohemian-natural-shades-45x45","status":"publish","type":"product","link":"https:\/\/staging.aldeco.pt\/es\/product\/cojin-bohemian-natural-shades-45x45\/","title":{"rendered":"COJ\u00cdN BOHEMIAN NATURAL SHADES 45&#215;45"},"content":{"rendered":"<p>El coj\u00edn decorativo Bohemian presenta un tejido Jacquard. En este dise\u00f1o, la mezcla de ritmos geom\u00e9tricos y l\u00edneas estilizadas da como resultado un efecto decadente y glamoroso.  Esta almohada tiene cremallera oculta y est\u00e1 disponible en diferentes combinaciones de colores, con o sin relleno.<\/p>\n","protected":false},"excerpt":{"rendered":"<p>El coj\u00edn decorativo Bohemian presenta un tejido Jacquard. En este dise\u00f1o, la mezcla de ritmos geom\u00e9tricos y l\u00edneas estilizadas da como resultado un efecto decadente y glamoroso.  Esta almohada tiene cremallera oculta y est\u00e1 disponible en diferentes combinaciones de colores, con o sin relleno. <\/p>\n<h2>Coj\u00edn Bohemian, en este dise\u00f1o, la mezcla de ritmos geom\u00e9tricos y l\u00edneas estilizadas da como resultado un efecto decadente y glamoroso.<\/h2>\n<p><img fetchpriority=\"high\" decoding=\"async\" class=\"alignnone wp-image-196913 size-medium\" src=\"https:\/\/aldeco.pt\/staging\/wp-content\/uploads\/2024\/07\/CUSHION-BOHEMIAN-NATURAL-SHADES-45x45-1-300x241.jpg\" alt=\"Coj\u00edn Bohemina Natural Shades - Aldeco\" width=\"300\" height=\"241\"><\/p>\n<p><a href=\"https:\/\/aldeco.pt\/staging\/product\/cushion-bohemian-natural-shades-45x45\/?attribute_pa_aldeco-color=01-natural-shades\">https:\/\/aldeco.pt\/staging\/product\/cushion-bohemian-natural-shades-45&#215;45\/?attribute_pa_aldeco-color=01-natural-shades<\/a><a href=\"https:\/\/www.instagram.com\/aldeco_interiorfabrics\/\">https:\/\/www.instagram.com\/aldeco_interiorfabrics\/<\/a><\/p>\n","protected":false},"featured_media":196915,"template":"","meta":[],"product_brand":[],"product_cat":[6146],"product_tag":[],"class_list":{"0":"post-198659","1":"product","2":"type-product","3":"status-publish","4":"has-post-thumbnail","6":"product_cat-aldeco-2-es","7":"pa_composition-ext-77-vi-15-co-8-pl-es","8":"pa_line-cojines","9":"pa_range-jacquard-es","12":"first","13":"instock","14":"purchasable","15":"product-type-variable"},"acf":[],"_links":{"self":[{"href":"https:\/\/staging.aldeco.pt\/es\/wp-json\/wp\/v2\/product\/198659","targetHints":{"allow":["GET"]}}],"collection":[{"href":"https:\/\/staging.aldeco.pt\/es\/wp-json\/wp\/v2\/product"}],"about":[{"href":"https:\/\/staging.aldeco.pt\/es\/wp-json\/wp\/v2\/types\/product"}],"version-history":[{"count":1,"href":"https:\/\/staging.aldeco.pt\/es\/wp-json\/wp\/v2\/product\/198659\/revisions"}],"predecessor-version":[{"id":199659,"href":"https:\/\/staging.aldeco.pt\/es\/wp-json\/wp\/v2\/product\/198659\/revisions\/199659"}],"wp:featuredmedia":[{"embeddable":true,"href":"https:\/\/staging.aldeco.pt\/es\/wp-json\/wp\/v2\/media\/196915"}],"wp:attachment":[{"href":"https:\/\/staging.aldeco.pt\/es\/wp-json\/wp\/v2\/media?parent=198659"}],"wp:term":[{"taxonomy":"product_brand","embeddable":true,"href":"https:\/\/staging.aldeco.pt\/es\/wp-json\/wp\/v2\/product_brand?post=198659"},{"taxonomy":"product_cat","embeddable":true,"href":"https:\/\/staging.aldeco.pt\/es\/wp-json\/wp\/v2\/product_cat?post=198659"},{"taxonomy":"product_tag","embeddable":true,"href":"https:\/\/staging.aldeco.pt\/es\/wp-json\/wp\/v2\/product_tag?post=198659"}],"curies":[{"name":"wp","href":"https:\/\/api.w.org\/{rel}","templated":true}]}}