{"id":198654,"date":"2024-07-23T22:57:07","date_gmt":"2024-07-23T22:57:07","guid":{"rendered":"https:\/\/aldeco.pt\/staging\/product\/cojin-bohemian-hot-cherry-gold-50x50\/"},"modified":"2024-08-29T14:39:17","modified_gmt":"2024-08-29T14:39:17","slug":"cojin-bohemian-hot-cherry-gold-50x50","status":"publish","type":"product","link":"https:\/\/staging.aldeco.pt\/es\/product\/cojin-bohemian-hot-cherry-gold-50x50\/","title":{"rendered":"COJ\u00cdN BOHEMIAN HOT CHERRY GOLD 50&#215;50"},"content":{"rendered":"<p>El coj\u00edn decorativo Bohemian presenta un tejido Jacquard. En este dise\u00f1o, la mezcla de ritmos geom\u00e9tricos y l\u00edneas estilizadas da como resultado un efecto decadente y glamoroso. Esta almohada tiene cremallera oculta y est\u00e1 disponible en diferentes combinaciones de colores, con o sin relleno.<\/p>\n","protected":false},"excerpt":{"rendered":"<p>El coj\u00edn decorativo Bohemian presenta un tejido Jacquard. En este dise\u00f1o, la mezcla de ritmos geom\u00e9tricos y l\u00edneas estilizadas da como resultado un efecto decadente y glamoroso. Esta almohada tiene cremallera oculta y est\u00e1 disponible en diferentes combinaciones de colores, con o sin relleno. <\/p>\n<h2>Coj\u00edn Bohemian, en este dise\u00f1o, la mezcla de ritmos geom\u00e9tricos y l\u00edneas estilizadas da como resultado un efecto decadente y glamoroso.<\/h2>\n<p><img fetchpriority=\"high\" decoding=\"async\" class=\"alignnone wp-image-196908 size-medium\" src=\"https:\/\/aldeco.pt\/staging\/wp-content\/uploads\/2024\/07\/CUSHION-BOHEMIAN-HOT-CHERRY-GOLD-50x50-1-300x241.jpg\" alt=\"Coj\u00edn Bohemian Hot Cherry Gold - Aldeco\" width=\"300\" height=\"241\"><\/p>\n<p><a href=\"https:\/\/aldeco.pt\/staging\/product\/cushion-bohemian-hot-cherry-gold-50x50\/?attribute_pa_aldeco-color=04-hot-cherry-gold\">https:\/\/aldeco.pt\/staging\/product\/cushion-bohemian-hot-cherry-gold-50&#215;50\/?attribute_pa_aldeco-color=04-hot-cherry-gold<\/a><a href=\"https:\/\/www.instagram.com\/aldeco_interiorfabrics\/\">https:\/\/www.instagram.com\/aldeco_interiorfabrics\/<\/a><\/p>\n","protected":false},"featured_media":196910,"template":"","meta":[],"product_brand":[],"product_cat":[6146],"product_tag":[],"class_list":{"0":"post-198654","1":"product","2":"type-product","3":"status-publish","4":"has-post-thumbnail","6":"product_cat-aldeco-2-es","7":"pa_composition-ext-77-vi-15-co-8-pl-es","8":"pa_line-cojines","9":"pa_range-jacquard-es","12":"first","13":"instock","14":"purchasable","15":"product-type-variable"},"acf":[],"_links":{"self":[{"href":"https:\/\/staging.aldeco.pt\/es\/wp-json\/wp\/v2\/product\/198654","targetHints":{"allow":["GET"]}}],"collection":[{"href":"https:\/\/staging.aldeco.pt\/es\/wp-json\/wp\/v2\/product"}],"about":[{"href":"https:\/\/staging.aldeco.pt\/es\/wp-json\/wp\/v2\/types\/product"}],"version-history":[{"count":1,"href":"https:\/\/staging.aldeco.pt\/es\/wp-json\/wp\/v2\/product\/198654\/revisions"}],"predecessor-version":[{"id":199660,"href":"https:\/\/staging.aldeco.pt\/es\/wp-json\/wp\/v2\/product\/198654\/revisions\/199660"}],"wp:featuredmedia":[{"embeddable":true,"href":"https:\/\/staging.aldeco.pt\/es\/wp-json\/wp\/v2\/media\/196910"}],"wp:attachment":[{"href":"https:\/\/staging.aldeco.pt\/es\/wp-json\/wp\/v2\/media?parent=198654"}],"wp:term":[{"taxonomy":"product_brand","embeddable":true,"href":"https:\/\/staging.aldeco.pt\/es\/wp-json\/wp\/v2\/product_brand?post=198654"},{"taxonomy":"product_cat","embeddable":true,"href":"https:\/\/staging.aldeco.pt\/es\/wp-json\/wp\/v2\/product_cat?post=198654"},{"taxonomy":"product_tag","embeddable":true,"href":"https:\/\/staging.aldeco.pt\/es\/wp-json\/wp\/v2\/product_tag?post=198654"}],"curies":[{"name":"wp","href":"https:\/\/api.w.org\/{rel}","templated":true}]}}