{"id":198647,"date":"2024-07-23T22:56:50","date_gmt":"2024-07-23T22:56:50","guid":{"rendered":"https:\/\/aldeco.pt\/staging\/product\/cojin-blossom-natural-shades-45x45-p\/"},"modified":"2024-10-09T10:49:02","modified_gmt":"2024-10-09T10:49:02","slug":"cojin-blossom-natural-shades-45x45-p","status":"publish","type":"product","link":"https:\/\/staging.aldeco.pt\/es\/product\/cojin-blossom-natural-shades-45x45-p\/","title":{"rendered":"COJ\u00cdN BLOSSOM NATURAL SHADES 45&#215;45 P"},"content":{"rendered":"<p>El coj\u00edn decorativo BLOSSOM tiene un maravilloso patr\u00f3n jacquard en zigzag y gradiente. Este coj\u00edn lleva vivo Si\u00e9ge Velvet en el color correspondiente y cremallera oculta y est\u00e1 disponible en diferentes combinaciones de colores, con o sin relleno.<\/p>\n","protected":false},"excerpt":{"rendered":"<p>El coj\u00edn decorativo BLOSSOM tiene un maravilloso patr\u00f3n jacquard en zigzag y gradiente. Este coj\u00edn lleva vivo Si\u00e9ge Velvet en el color correspondiente y cremallera oculta y est\u00e1 disponible en diferentes combinaciones de colores, con o sin relleno.<\/p>\n<h2>Coj\u00edn BLOSSOM BLOSSOM tiene un maravilloso patr\u00f3n jacquard en zigzag y gradiente.<\/h2>\n<p><img fetchpriority=\"high\" decoding=\"async\" class=\"alignnone wp-image-197254 size-medium\" src=\"https:\/\/aldeco.pt\/staging\/wp-content\/uploads\/2024\/07\/CUSHION-BLOSSOM-NATURAL-SHADES-45x45-P-300x241.jpg\" alt=\"Coj\u00edn Blossom Natural Shades - Aldeco\" width=\"300\" height=\"241\" \/><\/p>\n<p><a href=\"https:\/\/aldeco.pt\/staging\/product\/cushion-blossom-natural-shades-45x45-p\/?attribute_pa_aldeco-color=08-natural-shades\">https:\/\/aldeco.pt\/staging\/product\/cushion-blossom-natural-shades-45&#215;45-p\/?attribute_pa_aldeco-color=08-natural-shades<\/a><a href=\"https:\/\/www.instagram.com\/aldeco_interiorfabrics\/\">https:\/\/www.instagram.com\/aldeco_interiorfabrics\/<\/a><\/p>\n","protected":false},"featured_media":197256,"template":"","meta":[],"product_brand":[],"product_cat":[6146],"product_tag":[],"class_list":{"0":"post-198647","1":"product","2":"type-product","3":"status-publish","4":"has-post-thumbnail","6":"product_cat-aldeco-2-es","7":"pa_composition-ext-51-vi-25-li-24-pl-es","8":"pa_line-cojines","9":"pa_range-jacquard-es","12":"first","13":"instock","14":"purchasable","15":"product-type-variable"},"acf":[],"_links":{"self":[{"href":"https:\/\/staging.aldeco.pt\/es\/wp-json\/wp\/v2\/product\/198647","targetHints":{"allow":["GET"]}}],"collection":[{"href":"https:\/\/staging.aldeco.pt\/es\/wp-json\/wp\/v2\/product"}],"about":[{"href":"https:\/\/staging.aldeco.pt\/es\/wp-json\/wp\/v2\/types\/product"}],"version-history":[{"count":3,"href":"https:\/\/staging.aldeco.pt\/es\/wp-json\/wp\/v2\/product\/198647\/revisions"}],"predecessor-version":[{"id":202903,"href":"https:\/\/staging.aldeco.pt\/es\/wp-json\/wp\/v2\/product\/198647\/revisions\/202903"}],"wp:featuredmedia":[{"embeddable":true,"href":"https:\/\/staging.aldeco.pt\/es\/wp-json\/wp\/v2\/media\/197256"}],"wp:attachment":[{"href":"https:\/\/staging.aldeco.pt\/es\/wp-json\/wp\/v2\/media?parent=198647"}],"wp:term":[{"taxonomy":"product_brand","embeddable":true,"href":"https:\/\/staging.aldeco.pt\/es\/wp-json\/wp\/v2\/product_brand?post=198647"},{"taxonomy":"product_cat","embeddable":true,"href":"https:\/\/staging.aldeco.pt\/es\/wp-json\/wp\/v2\/product_cat?post=198647"},{"taxonomy":"product_tag","embeddable":true,"href":"https:\/\/staging.aldeco.pt\/es\/wp-json\/wp\/v2\/product_tag?post=198647"}],"curies":[{"name":"wp","href":"https:\/\/api.w.org\/{rel}","templated":true}]}}