{"id":198645,"date":"2024-07-23T22:56:46","date_gmt":"2024-07-23T22:56:46","guid":{"rendered":"https:\/\/aldeco.pt\/staging\/product\/cojin-blossom-cherry-blossom-50x50-p\/"},"modified":"2024-10-09T10:49:31","modified_gmt":"2024-10-09T10:49:31","slug":"cojin-blossom-cherry-blossom-50x50-p","status":"publish","type":"product","link":"https:\/\/staging.aldeco.pt\/es\/product\/cojin-blossom-cherry-blossom-50x50-p\/","title":{"rendered":"COJ\u00cdN BLOSSOM CHERRY BLOSSOM 50&#215;50 P"},"content":{"rendered":"<p>El coj\u00edn decorativo BLOSSOM tiene un maravilloso patr\u00f3n jacquard en zigzag y gradiente. Este coj\u00edn lleva vivo Si\u00e9ge Velvet en el color correspondiente y cremallera oculta y est\u00e1 disponible en diferentes combinaciones de colores, con o sin relleno.<\/p>\n","protected":false},"excerpt":{"rendered":"<p>El coj\u00edn decorativo BLOSSOM tiene un maravilloso patr\u00f3n jacquard en zigzag y gradiente. Este coj\u00edn lleva vivo Si\u00e9ge Velvet en el color correspondiente y cremallera oculta y est\u00e1 disponible en diferentes combinaciones de colores, con o sin relleno.<\/p>\n<h2>Coj\u00edn BLOSSOM BLOSSOM tiene un maravilloso patr\u00f3n jacquard en zigzag y gradiente.<\/h2>\n<p><img fetchpriority=\"high\" decoding=\"async\" class=\"alignnone wp-image-197249 size-medium\" src=\"https:\/\/aldeco.pt\/staging\/wp-content\/uploads\/2024\/07\/CUSHION-BLOSSOM-CHERRY-BLOSSOM-50x50-P-300x241.jpg\" alt=\"Coj\u00edn Blossom Cherry Blossom - Aldeco\" width=\"300\" height=\"241\" \/><\/p>\n<p><a href=\"https:\/\/aldeco.pt\/staging\/product\/cushion-blossom-cherry-blossom-50x50-p\/?attribute_pa_aldeco-color=03-cherry-blossom\">https:\/\/aldeco.pt\/staging\/product\/cushion-blossom-cherry-blossom-50&#215;50-p\/?attribute_pa_aldeco-color=03-cherry-blossom<\/a><a href=\"https:\/\/www.instagram.com\/aldeco_interiorfabrics\/\">https:\/\/www.instagram.com\/aldeco_interiorfabrics\/<\/a><\/p>\n","protected":false},"featured_media":197251,"template":"","meta":[],"product_brand":[],"product_cat":[6146],"product_tag":[],"class_list":{"0":"post-198645","1":"product","2":"type-product","3":"status-publish","4":"has-post-thumbnail","6":"product_cat-aldeco-2-es","7":"pa_composition-ext-51-vi-25-li-24-pl-es","8":"pa_line-cojines","9":"pa_range-jacquard-es","12":"first","13":"instock","14":"purchasable","15":"product-type-variable"},"acf":[],"_links":{"self":[{"href":"https:\/\/staging.aldeco.pt\/es\/wp-json\/wp\/v2\/product\/198645","targetHints":{"allow":["GET"]}}],"collection":[{"href":"https:\/\/staging.aldeco.pt\/es\/wp-json\/wp\/v2\/product"}],"about":[{"href":"https:\/\/staging.aldeco.pt\/es\/wp-json\/wp\/v2\/types\/product"}],"version-history":[{"count":2,"href":"https:\/\/staging.aldeco.pt\/es\/wp-json\/wp\/v2\/product\/198645\/revisions"}],"predecessor-version":[{"id":202908,"href":"https:\/\/staging.aldeco.pt\/es\/wp-json\/wp\/v2\/product\/198645\/revisions\/202908"}],"wp:featuredmedia":[{"embeddable":true,"href":"https:\/\/staging.aldeco.pt\/es\/wp-json\/wp\/v2\/media\/197251"}],"wp:attachment":[{"href":"https:\/\/staging.aldeco.pt\/es\/wp-json\/wp\/v2\/media?parent=198645"}],"wp:term":[{"taxonomy":"product_brand","embeddable":true,"href":"https:\/\/staging.aldeco.pt\/es\/wp-json\/wp\/v2\/product_brand?post=198645"},{"taxonomy":"product_cat","embeddable":true,"href":"https:\/\/staging.aldeco.pt\/es\/wp-json\/wp\/v2\/product_cat?post=198645"},{"taxonomy":"product_tag","embeddable":true,"href":"https:\/\/staging.aldeco.pt\/es\/wp-json\/wp\/v2\/product_tag?post=198645"}],"curies":[{"name":"wp","href":"https:\/\/api.w.org\/{rel}","templated":true}]}}