{"id":198641,"date":"2024-07-23T22:56:39","date_gmt":"2024-07-23T22:56:39","guid":{"rendered":"https:\/\/aldeco.pt\/staging\/product\/cojin-blooming-tropical-bloom-45x45-p\/"},"modified":"2024-09-16T16:52:33","modified_gmt":"2024-09-16T16:52:33","slug":"cojin-blooming-tropical-bloom-45x45-p","status":"publish","type":"product","link":"https:\/\/staging.aldeco.pt\/es\/product\/cojin-blooming-tropical-bloom-45x45-p\/","title":{"rendered":"COJ\u00cdN BLOOMING TROPICAL BLOOM 45&#215;45 P"},"content":{"rendered":"<p>Blooming est\u00e1 disponible en un fant\u00e1stico coj\u00edn decorativo en raso de algod\u00f3n mercerizado. Este incre\u00edble dise\u00f1o tropical con alegres tucanes est\u00e1 elaborado sobre una base de alta calidad con vivo en Si\u00e9ge Velvet en un color coordinado. Esta almohada tiene cremallera oculta y est\u00e1 disponible en diferentes combinaciones de colores, con o sin relleno.<\/p>\n","protected":false},"excerpt":{"rendered":"<p>Blooming est\u00e1 disponible en un fant\u00e1stico coj\u00edn decorativo en raso de algod\u00f3n mercerizado. Este incre\u00edble dise\u00f1o tropical con alegres tucanes est\u00e1 elaborado sobre una base de alta calidad con vivo en Si\u00e9ge Velvet en un color coordinado. Esta almohada tiene cremallera oculta y est\u00e1 disponible en diferentes combinaciones de colores, con o sin relleno.<\/p>\n<h2>Coj\u00edn Blooming, este incre\u00edble dise\u00f1o tropical con alegres tucanes est\u00e1 elaborado sobre una base de alta calidad con vivo en Si\u00e9ge Velvet en un color coordinado.<\/h2>\n<p><img fetchpriority=\"high\" decoding=\"async\" class=\"alignnone wp-image-197239 size-medium\" src=\"https:\/\/aldeco.pt\/staging\/wp-content\/uploads\/2024\/07\/CUSHION-BLOOMING-TROPICAL-BLOOM-45x45-P-300x241.jpg\" alt=\"Coj\u00edn Blooming Tropical Bloom - Aldeco\" width=\"300\" height=\"241\" \/><\/p>\n<p><a href=\"https:\/\/aldeco.pt\/staging\/product\/cushion-blooming-tropical-bloom-45x45-p\/?attribute_pa_aldeco-color=01-tropical-bloom\">https:\/\/aldeco.pt\/staging\/product\/cushion-blooming-tropical-bloom-45&#215;45-p\/?attribute_pa_aldeco-color=01-tropical-bloom<\/a><a href=\"https:\/\/www.instagram.com\/aldeco_interiorfabrics\/\">https:\/\/www.instagram.com\/aldeco_interiorfabrics\/<\/a><\/p>\n","protected":false},"featured_media":197241,"template":"","meta":[],"product_brand":[],"product_cat":[6146],"product_tag":[],"class_list":{"0":"post-198641","1":"product","2":"type-product","3":"status-publish","4":"has-post-thumbnail","6":"product_cat-aldeco-2-es","7":"pa_composition-ext-100-co-es","8":"pa_line-cojines","9":"pa_range-estampado-es","10":"pa_range-satin-es","13":"first","14":"instock","15":"purchasable","16":"product-type-variable"},"acf":[],"_links":{"self":[{"href":"https:\/\/staging.aldeco.pt\/es\/wp-json\/wp\/v2\/product\/198641","targetHints":{"allow":["GET"]}}],"collection":[{"href":"https:\/\/staging.aldeco.pt\/es\/wp-json\/wp\/v2\/product"}],"about":[{"href":"https:\/\/staging.aldeco.pt\/es\/wp-json\/wp\/v2\/types\/product"}],"version-history":[{"count":2,"href":"https:\/\/staging.aldeco.pt\/es\/wp-json\/wp\/v2\/product\/198641\/revisions"}],"predecessor-version":[{"id":200640,"href":"https:\/\/staging.aldeco.pt\/es\/wp-json\/wp\/v2\/product\/198641\/revisions\/200640"}],"wp:featuredmedia":[{"embeddable":true,"href":"https:\/\/staging.aldeco.pt\/es\/wp-json\/wp\/v2\/media\/197241"}],"wp:attachment":[{"href":"https:\/\/staging.aldeco.pt\/es\/wp-json\/wp\/v2\/media?parent=198641"}],"wp:term":[{"taxonomy":"product_brand","embeddable":true,"href":"https:\/\/staging.aldeco.pt\/es\/wp-json\/wp\/v2\/product_brand?post=198641"},{"taxonomy":"product_cat","embeddable":true,"href":"https:\/\/staging.aldeco.pt\/es\/wp-json\/wp\/v2\/product_cat?post=198641"},{"taxonomy":"product_tag","embeddable":true,"href":"https:\/\/staging.aldeco.pt\/es\/wp-json\/wp\/v2\/product_tag?post=198641"}],"curies":[{"name":"wp","href":"https:\/\/api.w.org\/{rel}","templated":true}]}}