{"id":198629,"date":"2024-07-23T22:56:15","date_gmt":"2024-07-23T22:56:15","guid":{"rendered":"https:\/\/aldeco.pt\/staging\/product\/cojin-bliss-comporta-earth-45x45\/"},"modified":"2024-10-03T16:49:50","modified_gmt":"2024-10-03T16:49:50","slug":"cojin-bliss-comporta-earth-45x45","status":"publish","type":"product","link":"https:\/\/staging.aldeco.pt\/es\/product\/cojin-bliss-comporta-earth-45x45\/","title":{"rendered":"COJ\u00cdN BLISS COMPORTA EARTH 45&#215;45"},"content":{"rendered":"<p>Coj\u00edn decorativo cuadrada en tejido jacquard para BLISS COMPORTA In\/Outdoor inspirado en la cester\u00eda portuguesa con un patr\u00f3n geom\u00e9trico complejo. Esta almohada tiene cremallera oculta y est\u00e1 disponible en diferentes combinaciones de colores, con o sin relleno.<\/p>\n","protected":false},"excerpt":{"rendered":"<p>Coj\u00edn decorativo cuadrada en tejido jacquard para BLISS COMPORTA In\/Outdoor inspirado en la cester\u00eda portuguesa con un patr\u00f3n geom\u00e9trico complejo. Esta almohada tiene cremallera oculta y est\u00e1 disponible en diferentes combinaciones de colores, con o sin relleno.<\/p>\n<h2>Coj\u00edn BLISS COMPORTA In\/Outdoor inspirado en la cester\u00eda portuguesa con un patr\u00f3n geom\u00e9trico complejo.<\/h2>\n<p><img fetchpriority=\"high\" decoding=\"async\" class=\"alignnone wp-image-196888 size-medium\" src=\"https:\/\/aldeco.pt\/staging\/wp-content\/uploads\/2024\/07\/CUSHION-BLISS-COMPORTA-EARTH-45x45-1-300x241.jpg\" alt=\"Coj\u00edn Bliss Comporta Earth - Aldeco\" width=\"300\" height=\"241\" \/><\/p>\n<p><a href=\"https:\/\/aldeco.pt\/staging\/product\/cushion-bliss-comporta-earth-45x45\/?attribute_pa_aldeco-color=05-earth\">https:\/\/aldeco.pt\/staging\/product\/cushion-bliss-comporta-earth-45&#215;45\/?attribute_pa_aldeco-color=05-earth<\/a><a href=\"https:\/\/www.instagram.com\/aldeco_interiorfabrics\/\">https:\/\/www.instagram.com\/aldeco_interiorfabrics\/<\/a><\/p>\n","protected":false},"featured_media":196890,"template":"","meta":[],"product_brand":[],"product_cat":[6146],"product_tag":[],"class_list":{"0":"post-198629","1":"product","2":"type-product","3":"status-publish","4":"has-post-thumbnail","6":"product_cat-aldeco-2-es","7":"pa_composition-ext-100-pp-es","8":"pa_line-cojines","11":"first","12":"instock","13":"purchasable","14":"product-type-variable"},"acf":[],"_links":{"self":[{"href":"https:\/\/staging.aldeco.pt\/es\/wp-json\/wp\/v2\/product\/198629","targetHints":{"allow":["GET"]}}],"collection":[{"href":"https:\/\/staging.aldeco.pt\/es\/wp-json\/wp\/v2\/product"}],"about":[{"href":"https:\/\/staging.aldeco.pt\/es\/wp-json\/wp\/v2\/types\/product"}],"version-history":[{"count":2,"href":"https:\/\/staging.aldeco.pt\/es\/wp-json\/wp\/v2\/product\/198629\/revisions"}],"predecessor-version":[{"id":202013,"href":"https:\/\/staging.aldeco.pt\/es\/wp-json\/wp\/v2\/product\/198629\/revisions\/202013"}],"wp:featuredmedia":[{"embeddable":true,"href":"https:\/\/staging.aldeco.pt\/es\/wp-json\/wp\/v2\/media\/196890"}],"wp:attachment":[{"href":"https:\/\/staging.aldeco.pt\/es\/wp-json\/wp\/v2\/media?parent=198629"}],"wp:term":[{"taxonomy":"product_brand","embeddable":true,"href":"https:\/\/staging.aldeco.pt\/es\/wp-json\/wp\/v2\/product_brand?post=198629"},{"taxonomy":"product_cat","embeddable":true,"href":"https:\/\/staging.aldeco.pt\/es\/wp-json\/wp\/v2\/product_cat?post=198629"},{"taxonomy":"product_tag","embeddable":true,"href":"https:\/\/staging.aldeco.pt\/es\/wp-json\/wp\/v2\/product_tag?post=198629"}],"curies":[{"name":"wp","href":"https:\/\/api.w.org\/{rel}","templated":true}]}}