{"id":198626,"date":"2024-07-23T22:56:11","date_gmt":"2024-07-23T22:56:11","guid":{"rendered":"https:\/\/aldeco.pt\/staging\/product\/cojin-blessed-rosebloom-50x50\/"},"modified":"2024-08-29T14:39:29","modified_gmt":"2024-08-29T14:39:29","slug":"cojin-blessed-rosebloom-50x50","status":"publish","type":"product","link":"https:\/\/staging.aldeco.pt\/es\/product\/cojin-blessed-rosebloom-50x50\/","title":{"rendered":"COJ\u00cdN BLESSED ROSEBLOOM 50&#215;50"},"content":{"rendered":"<p>Coj\u00edn decorativo cuadrada en tejido jacquard Blessed. Esta es una versi\u00f3n de Celebration con efecto \u201cfalso liso\u201d con un peque\u00f1o motivo casi en zigzag que le da ritmo.  Esta almohada tiene cremallera oculta y est\u00e1 disponible en diferentes combinaciones de colores, con o sin relleno.<\/p>\n","protected":false},"excerpt":{"rendered":"<p>Coj\u00edn decorativo cuadrada en tejido jacquard Blessed. Esta es una versi\u00f3n de Celebration con efecto \u201cfalso liso\u201d con un peque\u00f1o motivo casi en zigzag que le da ritmo.  Esta almohada tiene cremallera oculta y est\u00e1 disponible en diferentes combinaciones de colores, con o sin relleno. <\/p>\n<h2>Coj\u00edn Blessed. Esta es una versi\u00f3n de Celebration con efecto \u201cfalso liso\u201d con un peque\u00f1o motivo casi en zigzag que le da ritmo. <\/h2>\n<p><img fetchpriority=\"high\" decoding=\"async\" class=\"alignnone wp-image-197223 size-medium\" src=\"https:\/\/aldeco.pt\/staging\/wp-content\/uploads\/2024\/07\/CUSHION-BLESSED-ROSEBLOOM-50x50-1-300x241.jpg\" alt=\"Coj\u00edn Blessed Rosebloom - Aldeco\" width=\"300\" height=\"241\"><\/p>\n<p><a href=\"https:\/\/aldeco.pt\/staging\/product\/cushion-blessed-rosebloom-50x50\/?attribute_pa_aldeco-color=09-rosebloom\">https:\/\/aldeco.pt\/staging\/product\/cushion-blessed-rosebloom-50&#215;50\/?attribute_pa_aldeco-color=09-rosebloom<\/a><a href=\"https:\/\/www.instagram.com\/aldeco_interiorfabrics\/\">https:\/\/www.instagram.com\/aldeco_interiorfabrics\/<\/a><\/p>\n","protected":false},"featured_media":197225,"template":"","meta":[],"product_brand":[],"product_cat":[6146],"product_tag":[],"class_list":{"0":"post-198626","1":"product","2":"type-product","3":"status-publish","4":"has-post-thumbnail","6":"product_cat-aldeco-2-es","7":"pa_composition-ext-46-vi-22-li-20-co-12-pl-es","8":"pa_line-cojines","9":"pa_range-jacquard-es","12":"first","13":"instock","14":"purchasable","15":"product-type-variable"},"acf":[],"_links":{"self":[{"href":"https:\/\/staging.aldeco.pt\/es\/wp-json\/wp\/v2\/product\/198626","targetHints":{"allow":["GET"]}}],"collection":[{"href":"https:\/\/staging.aldeco.pt\/es\/wp-json\/wp\/v2\/product"}],"about":[{"href":"https:\/\/staging.aldeco.pt\/es\/wp-json\/wp\/v2\/types\/product"}],"version-history":[{"count":1,"href":"https:\/\/staging.aldeco.pt\/es\/wp-json\/wp\/v2\/product\/198626\/revisions"}],"predecessor-version":[{"id":198628,"href":"https:\/\/staging.aldeco.pt\/es\/wp-json\/wp\/v2\/product\/198626\/revisions\/198628"}],"wp:featuredmedia":[{"embeddable":true,"href":"https:\/\/staging.aldeco.pt\/es\/wp-json\/wp\/v2\/media\/197225"}],"wp:attachment":[{"href":"https:\/\/staging.aldeco.pt\/es\/wp-json\/wp\/v2\/media?parent=198626"}],"wp:term":[{"taxonomy":"product_brand","embeddable":true,"href":"https:\/\/staging.aldeco.pt\/es\/wp-json\/wp\/v2\/product_brand?post=198626"},{"taxonomy":"product_cat","embeddable":true,"href":"https:\/\/staging.aldeco.pt\/es\/wp-json\/wp\/v2\/product_cat?post=198626"},{"taxonomy":"product_tag","embeddable":true,"href":"https:\/\/staging.aldeco.pt\/es\/wp-json\/wp\/v2\/product_tag?post=198626"}],"curies":[{"name":"wp","href":"https:\/\/api.w.org\/{rel}","templated":true}]}}