{"id":198620,"date":"2024-07-23T22:55:57","date_gmt":"2024-07-23T22:55:57","guid":{"rendered":"https:\/\/aldeco.pt\/staging\/product\/cojin-blessed-fuchsia-pink-45x45\/"},"modified":"2024-08-29T14:39:31","modified_gmt":"2024-08-29T14:39:31","slug":"cojin-blessed-fuchsia-pink-45x45","status":"publish","type":"product","link":"https:\/\/staging.aldeco.pt\/es\/product\/cojin-blessed-fuchsia-pink-45x45\/","title":{"rendered":"COJ\u00cdN BLESSED FUCHSIA PINK 45&#215;45"},"content":{"rendered":"<p>Coj\u00edn decorativo cuadrada en tejido jacquard Blessed. Esta es una versi\u00f3n de Celebration con efecto \u201cfalso liso\u201d con un peque\u00f1o motivo casi en zigzag que le da ritmo.  Esta almohada tiene cremallera oculta y est\u00e1 disponible en diferentes combinaciones de colores, con o sin relleno.<\/p>\n","protected":false},"excerpt":{"rendered":"<p>Coj\u00edn decorativo cuadrada en tejido jacquard Blessed. Esta es una versi\u00f3n de Celebration con efecto \u201cfalso liso\u201d con un peque\u00f1o motivo casi en zigzag que le da ritmo.  Esta almohada tiene cremallera oculta y est\u00e1 disponible en diferentes combinaciones de colores, con o sin relleno. <\/p>\n<h2>Coj\u00edn Blessed. Esta es una versi\u00f3n de Celebration con efecto \u201cfalso liso\u201d con un peque\u00f1o motivo casi en zigzag que le da ritmo. <\/h2>\n<p><img fetchpriority=\"high\" decoding=\"async\" class=\"alignnone wp-image-197207 size-medium\" src=\"https:\/\/aldeco.pt\/staging\/wp-content\/uploads\/2024\/07\/CUSHION-BLESSED-FUCHSIA-PINK-45x45-1-300x241.jpg\" alt=\"Coj\u00edn Blessed Fuchsia Pink - Aldeco\" width=\"300\" height=\"241\"><\/p>\n<p><a href=\"https:\/\/aldeco.pt\/staging\/product\/cushion-blessed-fuchsia-pink-45x45\/?attribute_pa_aldeco-color=10-fuchsia-pink\">https:\/\/aldeco.pt\/staging\/product\/cushion-blessed-fuchsia-pink-45&#215;45\/?attribute_pa_aldeco-color=10-fuchsia-pink<\/a><a href=\"https:\/\/www.instagram.com\/aldeco_interiorfabrics\/\">https:\/\/www.instagram.com\/aldeco_interiorfabrics\/<\/a><\/p>\n","protected":false},"featured_media":197209,"template":"","meta":[],"product_brand":[],"product_cat":[6146],"product_tag":[],"class_list":{"0":"post-198620","1":"product","2":"type-product","3":"status-publish","4":"has-post-thumbnail","6":"product_cat-aldeco-2-es","7":"pa_composition-ext-46-vi-22-li-20-co-12-pl-es","8":"pa_line-cojines","9":"pa_range-jacquard-es","12":"first","13":"instock","14":"purchasable","15":"product-type-variable"},"acf":[],"_links":{"self":[{"href":"https:\/\/staging.aldeco.pt\/es\/wp-json\/wp\/v2\/product\/198620","targetHints":{"allow":["GET"]}}],"collection":[{"href":"https:\/\/staging.aldeco.pt\/es\/wp-json\/wp\/v2\/product"}],"about":[{"href":"https:\/\/staging.aldeco.pt\/es\/wp-json\/wp\/v2\/types\/product"}],"version-history":[{"count":1,"href":"https:\/\/staging.aldeco.pt\/es\/wp-json\/wp\/v2\/product\/198620\/revisions"}],"predecessor-version":[{"id":199675,"href":"https:\/\/staging.aldeco.pt\/es\/wp-json\/wp\/v2\/product\/198620\/revisions\/199675"}],"wp:featuredmedia":[{"embeddable":true,"href":"https:\/\/staging.aldeco.pt\/es\/wp-json\/wp\/v2\/media\/197209"}],"wp:attachment":[{"href":"https:\/\/staging.aldeco.pt\/es\/wp-json\/wp\/v2\/media?parent=198620"}],"wp:term":[{"taxonomy":"product_brand","embeddable":true,"href":"https:\/\/staging.aldeco.pt\/es\/wp-json\/wp\/v2\/product_brand?post=198620"},{"taxonomy":"product_cat","embeddable":true,"href":"https:\/\/staging.aldeco.pt\/es\/wp-json\/wp\/v2\/product_cat?post=198620"},{"taxonomy":"product_tag","embeddable":true,"href":"https:\/\/staging.aldeco.pt\/es\/wp-json\/wp\/v2\/product_tag?post=198620"}],"curies":[{"name":"wp","href":"https:\/\/api.w.org\/{rel}","templated":true}]}}