{"id":198618,"date":"2024-07-23T22:55:52","date_gmt":"2024-07-23T22:55:52","guid":{"rendered":"https:\/\/aldeco.pt\/staging\/product\/cojin-blessed-florida-blue-60x35-p\/"},"modified":"2024-08-29T14:39:32","modified_gmt":"2024-08-29T14:39:32","slug":"cojin-blessed-florida-blue-60x35-p","status":"publish","type":"product","link":"https:\/\/staging.aldeco.pt\/es\/product\/cojin-blessed-florida-blue-60x35-p\/","title":{"rendered":"COJ\u00cdN BLESSED FLORIDA BLUE 60&#215;35 P"},"content":{"rendered":"<p>Coj\u00edn decorativo rectangular en tejido jacquard Blessed. Esta es una versi\u00f3n de Celebration con efecto \u201cfalso liso\u201d con un peque\u00f1o motivo casi en zigzag que le da ritmo. Esta almohada tiene vivo Si\u00e9ge Velvet para darle ese toque especial y cremallera oculta y est\u00e1 disponible en diferentes combinaciones de colores, con o sin relleno.  <\/p>\n","protected":false},"excerpt":{"rendered":"<p>Coj\u00edn decorativo rectangular en tejido jacquard Blessed. Esta es una versi\u00f3n de Celebration con efecto \u201cfalso liso\u201d con un peque\u00f1o motivo casi en zigzag que le da ritmo. Esta almohada tiene vivo Si\u00e9ge Velvet para darle ese toque especial y cremallera oculta y est\u00e1 disponible en diferentes combinaciones de colores, con o sin relleno.   <\/p>\n<h2>Coj\u00edn Blessed. Esta es una versi\u00f3n de Celebration con efecto \u201cfalso liso\u201d con un peque\u00f1o motivo casi en zigzag que le da ritmo. <\/h2>\n<p><img fetchpriority=\"high\" decoding=\"async\" class=\"alignnone wp-image-197202 size-medium\" src=\"https:\/\/aldeco.pt\/staging\/wp-content\/uploads\/2024\/07\/CUSHION-BLESSED-FLORIDA-BLUE-60x35-P-300x241.jpg\" alt=\"Coj\u00edn Blessed Florida Blue - Aldeco\" width=\"300\" height=\"241\"><\/p>\n<p><a href=\"https:\/\/aldeco.pt\/staging\/product\/cushion-blessed-florida-blue-60x35-p\/?attribute_pa_aldeco-color=19-florida-blue\">https:\/\/aldeco.pt\/staging\/product\/cushion-blessed-florida-blue-60&#215;35-p\/?attribute_pa_aldeco-color=19-florida-blue<\/a><a href=\"https:\/\/www.instagram.com\/aldeco_interiorfabrics\/\">https:\/\/www.instagram.com\/aldeco_interiorfabrics\/<\/a><\/p>\n","protected":false},"featured_media":197204,"template":"","meta":[],"product_brand":[],"product_cat":[6146],"product_tag":[],"class_list":{"0":"post-198618","1":"product","2":"type-product","3":"status-publish","4":"has-post-thumbnail","6":"product_cat-aldeco-2-es","7":"pa_composition-ext-46-vi-22-li-20-co-12-pl-es","8":"pa_line-cojines","9":"pa_range-jacquard-es","12":"first","13":"instock","14":"purchasable","15":"product-type-variable"},"acf":[],"_links":{"self":[{"href":"https:\/\/staging.aldeco.pt\/es\/wp-json\/wp\/v2\/product\/198618","targetHints":{"allow":["GET"]}}],"collection":[{"href":"https:\/\/staging.aldeco.pt\/es\/wp-json\/wp\/v2\/product"}],"about":[{"href":"https:\/\/staging.aldeco.pt\/es\/wp-json\/wp\/v2\/types\/product"}],"version-history":[{"count":1,"href":"https:\/\/staging.aldeco.pt\/es\/wp-json\/wp\/v2\/product\/198618\/revisions"}],"predecessor-version":[{"id":199676,"href":"https:\/\/staging.aldeco.pt\/es\/wp-json\/wp\/v2\/product\/198618\/revisions\/199676"}],"wp:featuredmedia":[{"embeddable":true,"href":"https:\/\/staging.aldeco.pt\/es\/wp-json\/wp\/v2\/media\/197204"}],"wp:attachment":[{"href":"https:\/\/staging.aldeco.pt\/es\/wp-json\/wp\/v2\/media?parent=198618"}],"wp:term":[{"taxonomy":"product_brand","embeddable":true,"href":"https:\/\/staging.aldeco.pt\/es\/wp-json\/wp\/v2\/product_brand?post=198618"},{"taxonomy":"product_cat","embeddable":true,"href":"https:\/\/staging.aldeco.pt\/es\/wp-json\/wp\/v2\/product_cat?post=198618"},{"taxonomy":"product_tag","embeddable":true,"href":"https:\/\/staging.aldeco.pt\/es\/wp-json\/wp\/v2\/product_tag?post=198618"}],"curies":[{"name":"wp","href":"https:\/\/api.w.org\/{rel}","templated":true}]}}