{"id":198614,"date":"2024-07-23T22:55:42","date_gmt":"2024-07-23T22:55:42","guid":{"rendered":"https:\/\/aldeco.pt\/staging\/product\/cojin-belle-tweed-marine-green-60x30-p\/"},"modified":"2024-08-29T14:39:34","modified_gmt":"2024-08-29T14:39:34","slug":"cojin-belle-tweed-marine-green-60x30-p","status":"publish","type":"product","link":"https:\/\/staging.aldeco.pt\/es\/product\/cojin-belle-tweed-marine-green-60x30-p\/","title":{"rendered":"COJ\u00cdN BELLE TWEED MARINE GREEN 60&#215;30 P"},"content":{"rendered":"<p>Inspirado en los tweeds cl\u00e1sicos y elegantes, este coj\u00edn decorativo nos lleva a un ambiente sofisticado con su mezcla de colores cuidadosamente seleccionados. La parte trasera se presenta en la tela MAISON, una base panam\u00e1 en el color correspondiente, as\u00ed como lo vivo.  Esta almohada retangular tiene cremallera oculta y est\u00e1 disponible en diferentes combinaciones de colores, con o sin relleno.<\/p>\n","protected":false},"excerpt":{"rendered":"<p>Inspirado en los tweeds cl\u00e1sicos y elegantes, este coj\u00edn decorativo nos lleva a un ambiente sofisticado con su mezcla de colores cuidadosamente seleccionados. La parte trasera se presenta en la tela MAISON, una base panam\u00e1 en el color correspondiente, as\u00ed como lo vivo.  Esta almohada retangular tiene cremallera oculta y est\u00e1 disponible en diferentes combinaciones de colores, con o sin relleno. <\/p>\n<h2>Coj\u00edn Belle Tweed, La parte trasera se presenta en la tela MAISON, una base panam\u00e1 en el color correspondiente, as\u00ed como lo vivo. Esta almohada retangular tiene cremallera oculta y est\u00e1 disponible en diferentes combinaciones de colores, con o sin relleno.<\/h2>\n<p><img fetchpriority=\"high\" decoding=\"async\" class=\"alignnone wp-image-196003 size-medium\" src=\"https:\/\/aldeco.pt\/staging\/wp-content\/uploads\/2024\/07\/CUSHION-BELLE-TWEED-MARINE-GREEN-60x30-P-300x241.jpg\" alt=\"Coj\u00edn Belle Tweed Marine Green - Aldeco\" width=\"300\" height=\"241\"><\/p>\n<p><a href=\"https:\/\/aldeco.pt\/staging\/product\/cushion-belle-tweed-marine-green-60x30-p\/?attribute_pa_aldeco-color=04-marine-green\">https:\/\/aldeco.pt\/staging\/product\/cushion-belle-tweed-marine-green-60&#215;30-p\/?attribute_pa_aldeco-color=04-marine-green<\/a><a href=\"https:\/\/www.instagram.com\/aldeco_interiorfabrics\/\">https:\/\/www.instagram.com\/aldeco_interiorfabrics\/<\/a><\/p>\n","protected":false},"featured_media":196005,"template":"","meta":[],"product_brand":[],"product_cat":[6146],"product_tag":[],"class_list":{"0":"post-198614","1":"product","2":"type-product","3":"status-publish","4":"has-post-thumbnail","6":"product_cat-aldeco-2-es","7":"pa_composition-ext-80-pp-20-pl-es","8":"pa_line-cojines","9":"pa_range-jacquard-es","12":"first","13":"instock","14":"purchasable","15":"product-type-variable"},"acf":[],"_links":{"self":[{"href":"https:\/\/staging.aldeco.pt\/es\/wp-json\/wp\/v2\/product\/198614","targetHints":{"allow":["GET"]}}],"collection":[{"href":"https:\/\/staging.aldeco.pt\/es\/wp-json\/wp\/v2\/product"}],"about":[{"href":"https:\/\/staging.aldeco.pt\/es\/wp-json\/wp\/v2\/types\/product"}],"version-history":[{"count":1,"href":"https:\/\/staging.aldeco.pt\/es\/wp-json\/wp\/v2\/product\/198614\/revisions"}],"predecessor-version":[{"id":199678,"href":"https:\/\/staging.aldeco.pt\/es\/wp-json\/wp\/v2\/product\/198614\/revisions\/199678"}],"wp:featuredmedia":[{"embeddable":true,"href":"https:\/\/staging.aldeco.pt\/es\/wp-json\/wp\/v2\/media\/196005"}],"wp:attachment":[{"href":"https:\/\/staging.aldeco.pt\/es\/wp-json\/wp\/v2\/media?parent=198614"}],"wp:term":[{"taxonomy":"product_brand","embeddable":true,"href":"https:\/\/staging.aldeco.pt\/es\/wp-json\/wp\/v2\/product_brand?post=198614"},{"taxonomy":"product_cat","embeddable":true,"href":"https:\/\/staging.aldeco.pt\/es\/wp-json\/wp\/v2\/product_cat?post=198614"},{"taxonomy":"product_tag","embeddable":true,"href":"https:\/\/staging.aldeco.pt\/es\/wp-json\/wp\/v2\/product_tag?post=198614"}],"curies":[{"name":"wp","href":"https:\/\/api.w.org\/{rel}","templated":true}]}}