{"id":198603,"date":"2024-07-23T22:55:22","date_gmt":"2024-07-23T22:55:22","guid":{"rendered":"https:\/\/aldeco.pt\/staging\/product\/cojin-belle-terre-golden-night-50x50-s\/"},"modified":"2024-10-10T09:23:16","modified_gmt":"2024-10-10T09:23:16","slug":"cojin-belle-terre-golden-night-50x50-s","status":"publish","type":"product","link":"https:\/\/staging.aldeco.pt\/es\/product\/cojin-belle-terre-golden-night-50x50-s\/","title":{"rendered":"COJ\u00cdN BELLE TERRE GOLDEN NIGHT 50&#215;50 S"},"content":{"rendered":"<p>Descubre este exquisito coj\u00edn decorativo con flecos BELLE TERRE, una fornitura de edici\u00f3n limitada. Es hecho de lino bordado con un paisaje extravagante. Es un dise\u00f1o de media ca\u00edda inspirado en la rica flora de las islas de la Polinesia Francesa. Gaugin y otros pintores simbolistas modernos se inspiraron profundamente en los colores llamativos disponibles en la naturaleza y los efectos de luz que el sol origin\u00f3 en los fondos ex\u00f3ticos. Esta almohada cuadrada tiene una cremallera oculta y est\u00e1 disponible en diferentes combinaciones de colores, con o sin relleno.<\/p>\n","protected":false},"excerpt":{"rendered":"<p>Descubre este exquisito coj\u00edn decorativo con flecos BELLE TERRE, una fornitura de edici\u00f3n limitada. Es hecho de lino bordado con un paisaje extravagante. Es un dise\u00f1o de media ca\u00edda inspirado en la rica flora de las islas de la Polinesia Francesa. Gaugin y otros pintores simbolistas modernos se inspiraron profundamente en los colores llamativos disponibles en la naturaleza y los efectos de luz que el sol origin\u00f3 en los fondos ex\u00f3ticos. Esta almohada cuadrada tiene una cremallera oculta y est\u00e1 disponible en diferentes combinaciones de colores, con o sin relleno.<\/p>\n<h2>Coj\u00edn BELLE TERRE, es hecho de lino bordado con un paisaje extravagante. Es un dise\u00f1o de media ca\u00edda inspirado en la rica flora de las islas de la Polinesia Francesa. Gaugin y otros pintores simbolistas modernos se inspiraron profundamente en los colores llamativos disponibles en la naturaleza y los efectos de luz que el sol origin\u00f3 en los fondos ex\u00f3ticos. Esta almohada cuadrada tiene una cremallera oculta y est\u00e1 disponible en diferentes combinaciones de colores, con o sin relleno.<\/h2>\n<p><img fetchpriority=\"high\" decoding=\"async\" class=\"alignnone wp-image-195671 size-medium\" src=\"https:\/\/aldeco.pt\/staging\/wp-content\/uploads\/2024\/07\/CUSHION-BELLE-TERRE-GOLDEN-NIGHT-50x50-S-300x241.jpg\" alt=\"Coj\u00edn Belle Terre Golden Night - Aldeco\" width=\"300\" height=\"241\" \/><\/p>\n<p><a href=\"https:\/\/aldeco.pt\/staging\/product\/cushion-belle-terre-golden-night-50x50-s\/?attribute_pa_aldeco-color=05-black-jardin-des-tuileries\">https:\/\/aldeco.pt\/staging\/product\/cushion-belle-terre-golden-night-50&#215;50-s\/?attribute_pa_aldeco-color=05-black-jardin-des-tuileries<\/a><a href=\"https:\/\/www.instagram.com\/aldeco_interiorfabrics\/\">https:\/\/www.instagram.com\/aldeco_interiorfabrics\/<\/a><\/p>\n","protected":false},"featured_media":195673,"template":"","meta":[],"product_brand":[],"product_cat":[6146],"product_tag":[],"class_list":{"0":"post-198603","1":"product","2":"type-product","3":"status-publish","4":"has-post-thumbnail","6":"product_cat-aldeco-2-es","7":"pa_composition-ext-100-li-es","8":"pa_line-cojines","11":"first","12":"instock","13":"purchasable","14":"product-type-variable"},"acf":[],"_links":{"self":[{"href":"https:\/\/staging.aldeco.pt\/es\/wp-json\/wp\/v2\/product\/198603","targetHints":{"allow":["GET"]}}],"collection":[{"href":"https:\/\/staging.aldeco.pt\/es\/wp-json\/wp\/v2\/product"}],"about":[{"href":"https:\/\/staging.aldeco.pt\/es\/wp-json\/wp\/v2\/types\/product"}],"version-history":[{"count":2,"href":"https:\/\/staging.aldeco.pt\/es\/wp-json\/wp\/v2\/product\/198603\/revisions"}],"predecessor-version":[{"id":204878,"href":"https:\/\/staging.aldeco.pt\/es\/wp-json\/wp\/v2\/product\/198603\/revisions\/204878"}],"wp:featuredmedia":[{"embeddable":true,"href":"https:\/\/staging.aldeco.pt\/es\/wp-json\/wp\/v2\/media\/195673"}],"wp:attachment":[{"href":"https:\/\/staging.aldeco.pt\/es\/wp-json\/wp\/v2\/media?parent=198603"}],"wp:term":[{"taxonomy":"product_brand","embeddable":true,"href":"https:\/\/staging.aldeco.pt\/es\/wp-json\/wp\/v2\/product_brand?post=198603"},{"taxonomy":"product_cat","embeddable":true,"href":"https:\/\/staging.aldeco.pt\/es\/wp-json\/wp\/v2\/product_cat?post=198603"},{"taxonomy":"product_tag","embeddable":true,"href":"https:\/\/staging.aldeco.pt\/es\/wp-json\/wp\/v2\/product_tag?post=198603"}],"curies":[{"name":"wp","href":"https:\/\/api.w.org\/{rel}","templated":true}]}}