{"id":198588,"date":"2024-07-23T22:54:54","date_gmt":"2024-07-23T22:54:54","guid":{"rendered":"https:\/\/aldeco.pt\/staging\/product\/cojin-arte-water-repellent-autumn-paris-50x50\/"},"modified":"2024-10-08T11:08:29","modified_gmt":"2024-10-08T11:08:29","slug":"cojin-arte-water-repellent-autumn-paris-50x50","status":"publish","type":"product","link":"https:\/\/staging.aldeco.pt\/es\/product\/cojin-arte-water-repellent-autumn-paris-50x50\/","title":{"rendered":"COJ\u00cdN ARTE WATER REPELLENT AUTUMN PARIS 50&#215;50"},"content":{"rendered":"<p>ARTE es un coj\u00edn decorativo confeccionado con un elegante tejido de microfibra de tacto suave de gamuza, de gran calidad y resistencia. . Inspirada en el efervescente Movimiento Modernista y sus pintores creativos. Puedes sentir cada pincelada y colores ricos a lo largo de la tela, a trav\u00e9s de cada curva y l\u00ednea que se cruzan entre s\u00ed de forma libre y din\u00e1mica creando formas vibrantes e irregulares en sinton\u00eda con este discurso art\u00edstico. Un expresionismo abstracto traducido en pinceladas, matices de colores y formas onduladas a partir de fascinantes e intrigantes gamas crom\u00e1ticas. Este coj\u00edn crea ambientes impactantes, con cremallera oculta y est\u00e1 disponible en diferentes combinaciones de colores, con o sin relleno.<\/p>\n","protected":false},"excerpt":{"rendered":"<p>ARTE es un coj\u00edn decorativo confeccionado con un elegante tejido de microfibra de tacto suave de gamuza, de gran calidad y resistencia. Inspirada en el efervescente Movimiento Modernista y sus pintores creativos. Puedes sentir cada pincelada y colores ricos a lo largo de la tela, a trav\u00e9s de cada curva y l\u00ednea que se cruzan entre s\u00ed de forma libre y din\u00e1mica creando formas vibrantes e irregulares en sinton\u00eda con este discurso art\u00edstico. Un expresionismo abstracto traducido en pinceladas, matices de colores y formas onduladas a partir de fascinantes e intrigantes gamas crom\u00e1ticas. Este coj\u00edn crea ambientes impactantes, con cremallera oculta y est\u00e1 disponible en diferentes combinaciones de colores, con o sin relleno.<\/p>\n<h2>Coj\u00edn Arte, inspirado en el efervescente Movimiento Modernista y sus creativos pintores. Puedes sentir cada pincelada y colores ricos a lo largo de la tela, a trav\u00e9s de cada curva y l\u00ednea que se cruzan entre s\u00ed de forma libre y din\u00e1mica creando formas vibrantes e irregulares en sinton\u00eda con este discurso art\u00edstico. Un expresionismo abstracto traducido en pinceladas, matices de colores y formas onduladas a partir de fascinantes e intrigantes gamas crom\u00e1ticas. Este coj\u00edn crea ambientes impactantes, con cremallera oculta y est\u00e1 disponible en diferentes combinaciones de colores, con o sin relleno.<\/h2>\n<p><img fetchpriority=\"high\" decoding=\"async\" class=\"alignnone wp-image-195631 size-medium\" src=\"https:\/\/aldeco.pt\/staging\/wp-content\/uploads\/2024\/07\/CUSHION-ARTE-WATER-REPELLENT-AUTUMN-PARIS-50x50-1-300x241.jpg\" alt=\"Coj\u00edn Arte Water Repellent Autumn Paris - Aldeco\" width=\"300\" height=\"241\" \/><\/p>\n<p><a href=\"https:\/\/aldeco.pt\/staging\/product\/cushion-arte-water-repellent-autumn-paris-50x50\/?attribute_pa_aldeco-color=01-autumn-paris\">https:\/\/aldeco.pt\/staging\/product\/cushion-arte-water-repellent-autumn-paris-50&#215;50\/?attribute_pa_aldeco-color=01-autumn-paris<\/a><a href=\"https:\/\/www.instagram.com\/aldeco_interiorfabrics\/\">https:\/\/www.instagram.com\/aldeco_interiorfabrics\/<\/a><\/p>\n","protected":false},"featured_media":195633,"template":"","meta":[],"product_brand":[],"product_cat":[6146],"product_tag":[],"class_list":{"0":"post-198588","1":"product","2":"type-product","3":"status-publish","4":"has-post-thumbnail","6":"product_cat-aldeco-2-es","7":"pa_composition-ext-100-pl-es","8":"pa_line-cojines","9":"pa_range-estampado-es","12":"first","13":"instock","14":"purchasable","15":"product-type-variable"},"acf":[],"_links":{"self":[{"href":"https:\/\/staging.aldeco.pt\/es\/wp-json\/wp\/v2\/product\/198588","targetHints":{"allow":["GET"]}}],"collection":[{"href":"https:\/\/staging.aldeco.pt\/es\/wp-json\/wp\/v2\/product"}],"about":[{"href":"https:\/\/staging.aldeco.pt\/es\/wp-json\/wp\/v2\/types\/product"}],"version-history":[{"count":2,"href":"https:\/\/staging.aldeco.pt\/es\/wp-json\/wp\/v2\/product\/198588\/revisions"}],"predecessor-version":[{"id":202207,"href":"https:\/\/staging.aldeco.pt\/es\/wp-json\/wp\/v2\/product\/198588\/revisions\/202207"}],"wp:featuredmedia":[{"embeddable":true,"href":"https:\/\/staging.aldeco.pt\/es\/wp-json\/wp\/v2\/media\/195633"}],"wp:attachment":[{"href":"https:\/\/staging.aldeco.pt\/es\/wp-json\/wp\/v2\/media?parent=198588"}],"wp:term":[{"taxonomy":"product_brand","embeddable":true,"href":"https:\/\/staging.aldeco.pt\/es\/wp-json\/wp\/v2\/product_brand?post=198588"},{"taxonomy":"product_cat","embeddable":true,"href":"https:\/\/staging.aldeco.pt\/es\/wp-json\/wp\/v2\/product_cat?post=198588"},{"taxonomy":"product_tag","embeddable":true,"href":"https:\/\/staging.aldeco.pt\/es\/wp-json\/wp\/v2\/product_tag?post=198588"}],"curies":[{"name":"wp","href":"https:\/\/api.w.org\/{rel}","templated":true}]}}