{"id":198511,"date":"2024-07-23T22:54:17","date_gmt":"2024-07-23T22:54:17","guid":{"rendered":"https:\/\/aldeco.pt\/staging\/product\/cojin-anni-jacquard-velvet-dark-taupe-linen-60x35\/"},"modified":"2024-10-02T13:04:53","modified_gmt":"2024-10-02T13:04:53","slug":"cojin-anni-jacquard-velvet-dark-taupe-linen-60x35","status":"publish","type":"product","link":"https:\/\/staging.aldeco.pt\/es\/product\/cojin-anni-jacquard-velvet-dark-taupe-linen-60x35\/","title":{"rendered":"COJ\u00cdN ANNI JACQUARD VELVET DARK TAUPE LINEN 60&#215;35"},"content":{"rendered":"<p>Coj\u00edn decorativo rectangular con terciopelo Jacquard geom\u00e9trico inspirado en la pionera Anni Albers, dise\u00f1adora textil de la Escuela Bauhaus que desarroll\u00f3 varios tejidos a partir de motivos geom\u00e9tricos y experimentos estructurales. Esta almohada con cremallera invisible est\u00e1 disponible en diferentes combinaciones de colores, con o sin relleno.<\/p>\n","protected":false},"excerpt":{"rendered":"<p>Coj\u00edn decorativo rectangular con terciopelo Jacquard geom\u00e9trico inspirado en la pionera Anni Albers, dise\u00f1adora textil de la Escuela Bauhaus que desarroll\u00f3 varios tejidos a partir de motivos geom\u00e9tricos y experimentos estructurales. Esta almohada con cremallera invisible est\u00e1 disponible en diferentes combinaciones de colores, con o sin relleno.<\/p>\n<h2>Coj\u00edn Anni, coj\u00edn decorativo rectangular con terciopelo Jacquard geom\u00e9trico inspirado en la pionera Anni Albers,<\/h2>\n<p><img fetchpriority=\"high\" decoding=\"async\" class=\"alignnone wp-image-196361 size-medium\" src=\"https:\/\/aldeco.pt\/staging\/wp-content\/uploads\/2024\/07\/CUSHION-ANNI-JACQUARD-VELVET-DARK-TAUPE-LINEN-60x35-1-300x241.jpg\" alt=\"Coj\u00edn Anni Jacqaurd Velvet Dark Taupe Linen - Aldeco\" width=\"300\" height=\"241\" \/><\/p>\n<p><a href=\"https:\/\/aldeco.pt\/staging\/product\/cushion-anni-jacquard-velvet-dark-taupe-linen-60x35\/?attribute_pa_aldeco-color=06-dark-taupe-linen\">https:\/\/aldeco.pt\/staging\/product\/cushion-anni-jacquard-velvet-dark-taupe-linen-60&#215;35\/?attribute_pa_aldeco-color=06-dark-taupe-linen<\/a><a href=\"https:\/\/www.instagram.com\/aldeco_interiorfabrics\/\">https:\/\/www.instagram.com\/aldeco_interiorfabrics\/<\/a><\/p>\n","protected":false},"featured_media":196363,"template":"","meta":[],"product_brand":[],"product_cat":[6146],"product_tag":[],"class_list":{"0":"post-198511","1":"product","2":"type-product","3":"status-publish","4":"has-post-thumbnail","6":"product_cat-aldeco-2-es","7":"pa_composition-ext-75-vi-25-pl-es","8":"pa_line-cojines","9":"pa_range-jacquard-es","10":"pa_range-terciopelo","13":"first","14":"instock","15":"purchasable","16":"product-type-variable"},"acf":[],"_links":{"self":[{"href":"https:\/\/staging.aldeco.pt\/es\/wp-json\/wp\/v2\/product\/198511","targetHints":{"allow":["GET"]}}],"collection":[{"href":"https:\/\/staging.aldeco.pt\/es\/wp-json\/wp\/v2\/product"}],"about":[{"href":"https:\/\/staging.aldeco.pt\/es\/wp-json\/wp\/v2\/types\/product"}],"version-history":[{"count":3,"href":"https:\/\/staging.aldeco.pt\/es\/wp-json\/wp\/v2\/product\/198511\/revisions"}],"predecessor-version":[{"id":201848,"href":"https:\/\/staging.aldeco.pt\/es\/wp-json\/wp\/v2\/product\/198511\/revisions\/201848"}],"wp:featuredmedia":[{"embeddable":true,"href":"https:\/\/staging.aldeco.pt\/es\/wp-json\/wp\/v2\/media\/196363"}],"wp:attachment":[{"href":"https:\/\/staging.aldeco.pt\/es\/wp-json\/wp\/v2\/media?parent=198511"}],"wp:term":[{"taxonomy":"product_brand","embeddable":true,"href":"https:\/\/staging.aldeco.pt\/es\/wp-json\/wp\/v2\/product_brand?post=198511"},{"taxonomy":"product_cat","embeddable":true,"href":"https:\/\/staging.aldeco.pt\/es\/wp-json\/wp\/v2\/product_cat?post=198511"},{"taxonomy":"product_tag","embeddable":true,"href":"https:\/\/staging.aldeco.pt\/es\/wp-json\/wp\/v2\/product_tag?post=198511"}],"curies":[{"name":"wp","href":"https:\/\/api.w.org\/{rel}","templated":true}]}}