{"id":198505,"date":"2024-07-23T22:54:05","date_gmt":"2024-07-23T22:54:05","guid":{"rendered":"https:\/\/aldeco.pt\/staging\/product\/cojin-almo-fr-natural-white-ball-35\/"},"modified":"2024-10-02T14:58:51","modified_gmt":"2024-10-02T14:58:51","slug":"cojin-almo-fr-natural-white-ball-35","status":"publish","type":"product","link":"https:\/\/staging.aldeco.pt\/es\/product\/cojin-almo-fr-natural-white-ball-35\/","title":{"rendered":"COJ\u00cdN ALMO FR NATURAL WHITE BALL 35"},"content":{"rendered":"<p>A\u00f1ade un elemento divertido e igualmente lujoso a tu sof\u00e1 o cama con el coj\u00edn decorativo de bolas. Est\u00e1 confeccionado en tejido boucl\u00e9 de tacto c\u00f3modo y aspecto texturizado. Este coj\u00edn con cremallera oculta muy de moda est\u00e1 disponible en diferentes combinaciones de colores, con o sin relleno.<\/p>\n","protected":false},"excerpt":{"rendered":"<p>A\u00f1ade un elemento divertido e igualmente lujoso a tu sof\u00e1 o cama con el coj\u00edn decorativo de bolas. Est\u00e1 confeccionado en tejido boucl\u00e9 de tacto c\u00f3modo y aspecto texturizado. Este coj\u00edn con cremallera oculta muy de moda est\u00e1 disponible en diferentes combinaciones de colores, con o sin relleno.<\/p>\n<h2>Coj\u00edn Almo, a\u00f1ade un elemento divertido e igualmente lujoso a tu sof\u00e1 o cama con el coj\u00edn decorativo de bolas.<\/h2>\n<p><img fetchpriority=\"high\" decoding=\"async\" class=\"alignnone wp-image-195626 size-medium\" src=\"https:\/\/aldeco.pt\/staging\/wp-content\/uploads\/2024\/07\/CUSHION-ALMO-FR-NATURAL-WHITE-BALL-35-300x241.jpg\" alt=\"Coj\u00edn Almo FR Natural White - Aldeco\" width=\"300\" height=\"241\" \/><\/p>\n<p><a href=\"https:\/\/aldeco.pt\/staging\/product\/cushion-almo-fr-natural-white-ball-35\/?attribute_pa_colour=white&amp;attribute_pa_aldeco-color=01-natural-white\">https:\/\/aldeco.pt\/staging\/product\/cushion-almo-fr-natural-white-ball-35\/?attribute_pa_colour=whiteattribute_pa_aldeco-color=01-natural-white<\/a><a href=\"https:\/\/www.instagram.com\/aldeco_interiorfabrics\/\">https:\/\/www.instagram.com\/aldeco_interiorfabrics\/<\/a><\/p>\n","protected":false},"featured_media":195628,"template":"","meta":[],"product_brand":[],"product_cat":[6146],"product_tag":[],"class_list":{"0":"post-198505","1":"product","2":"type-product","3":"status-publish","4":"has-post-thumbnail","6":"product_cat-aldeco-2-es","7":"pa_composition-ext-78-pl-10-pc-7-li-5-wo-es","8":"pa_line-cojines","9":"pa_range-liso-es","12":"first","13":"instock","14":"purchasable","15":"product-type-variable"},"acf":[],"_links":{"self":[{"href":"https:\/\/staging.aldeco.pt\/es\/wp-json\/wp\/v2\/product\/198505","targetHints":{"allow":["GET"]}}],"collection":[{"href":"https:\/\/staging.aldeco.pt\/es\/wp-json\/wp\/v2\/product"}],"about":[{"href":"https:\/\/staging.aldeco.pt\/es\/wp-json\/wp\/v2\/types\/product"}],"version-history":[{"count":3,"href":"https:\/\/staging.aldeco.pt\/es\/wp-json\/wp\/v2\/product\/198505\/revisions"}],"predecessor-version":[{"id":201870,"href":"https:\/\/staging.aldeco.pt\/es\/wp-json\/wp\/v2\/product\/198505\/revisions\/201870"}],"wp:featuredmedia":[{"embeddable":true,"href":"https:\/\/staging.aldeco.pt\/es\/wp-json\/wp\/v2\/media\/195628"}],"wp:attachment":[{"href":"https:\/\/staging.aldeco.pt\/es\/wp-json\/wp\/v2\/media?parent=198505"}],"wp:term":[{"taxonomy":"product_brand","embeddable":true,"href":"https:\/\/staging.aldeco.pt\/es\/wp-json\/wp\/v2\/product_brand?post=198505"},{"taxonomy":"product_cat","embeddable":true,"href":"https:\/\/staging.aldeco.pt\/es\/wp-json\/wp\/v2\/product_cat?post=198505"},{"taxonomy":"product_tag","embeddable":true,"href":"https:\/\/staging.aldeco.pt\/es\/wp-json\/wp\/v2\/product_tag?post=198505"}],"curies":[{"name":"wp","href":"https:\/\/api.w.org\/{rel}","templated":true}]}}