{"id":198493,"date":"2024-07-23T22:53:42","date_gmt":"2024-07-23T22:53:42","guid":{"rendered":"https:\/\/aldeco.pt\/staging\/product\/cojin-albers-blue-gray-50x50\/"},"modified":"2024-08-29T14:40:32","modified_gmt":"2024-08-29T14:40:32","slug":"cojin-albers-blue-gray-50x50","status":"publish","type":"product","link":"https:\/\/staging.aldeco.pt\/es\/product\/cojin-albers-blue-gray-50x50\/","title":{"rendered":"COJ\u00cdN ALBERS BLUE GRAY 50&#215;50"},"content":{"rendered":"<p>Coj\u00edn decorativo cuadrado confeccionado en raso jacquard te\u00f1ido en hilo y con tratamiento suavizante. Este patr\u00f3n geom\u00e9trico fue inspirado por Anni Albers con formas geom\u00e9tricas desiguales originando un patr\u00f3n muy din\u00e1mico. Esta almohada con cremallera invisible est\u00e1 disponible en diferentes combinaciones de colores, con o sin relleno.<\/p>\n","protected":false},"excerpt":{"rendered":"<p>Coj\u00edn decorativo cuadrado confeccionado en raso jacquard te\u00f1ido en hilo y con tratamiento suavizante. Este patr\u00f3n geom\u00e9trico fue inspirado por Anni Albers con formas geom\u00e9tricas desiguales originando un patr\u00f3n muy din\u00e1mico. Esta almohada con cremallera invisible est\u00e1 disponible en diferentes combinaciones de colores, con o sin relleno. <\/p>\n<h2>Coj\u00edn Albers, este patr\u00f3n geom\u00e9trico se inspir\u00f3 en Anni Albers con formas geom\u00e9tricas que no coinciden creando un patr\u00f3n muy din\u00e1mico. Esta almohada con cremallera invisible est\u00e1 disponible en diferentes combinaciones de colores, con o sin relleno. <\/h2>\n<p><img fetchpriority=\"high\" decoding=\"async\" class=\"alignnone wp-image-196323 size-medium\" src=\"https:\/\/aldeco.pt\/staging\/wp-content\/uploads\/2024\/07\/CUSHION-ALBERS-BLUE-GRAY-50x50-1-300x241.jpg\" alt=\"Coj\u00edn Albers Blue Gray - Aldeco\" width=\"300\" height=\"241\"><\/p>\n<p><a href=\"https:\/\/aldeco.pt\/staging\/product\/cushion-albers-blue-gray-50x50\/?attribute_pa_aldeco-color=06-blue-gray\">https:\/\/aldeco.pt\/staging\/product\/cushion-albers-blue-gray-50&#215;50\/?attribute_pa_aldeco-color=06-blue-gray<\/a><a href=\"https:\/\/www.instagram.com\/aldeco_interiorfabrics\/\">https:\/\/www.instagram.com\/aldeco_interiorfabrics\/<\/a><\/p>\n","protected":false},"featured_media":196325,"template":"","meta":[],"product_brand":[],"product_cat":[6146],"product_tag":[],"class_list":{"0":"post-198493","1":"product","2":"type-product","3":"status-publish","4":"has-post-thumbnail","6":"product_cat-aldeco-2-es","7":"pa_composition-ext-50-co-17-vi-33-pl-es","8":"pa_line-cojines","9":"pa_range-jacquard-es","12":"first","13":"instock","14":"purchasable","15":"product-type-variable"},"acf":[],"_links":{"self":[{"href":"https:\/\/staging.aldeco.pt\/es\/wp-json\/wp\/v2\/product\/198493","targetHints":{"allow":["GET"]}}],"collection":[{"href":"https:\/\/staging.aldeco.pt\/es\/wp-json\/wp\/v2\/product"}],"about":[{"href":"https:\/\/staging.aldeco.pt\/es\/wp-json\/wp\/v2\/types\/product"}],"version-history":[{"count":1,"href":"https:\/\/staging.aldeco.pt\/es\/wp-json\/wp\/v2\/product\/198493\/revisions"}],"predecessor-version":[{"id":199705,"href":"https:\/\/staging.aldeco.pt\/es\/wp-json\/wp\/v2\/product\/198493\/revisions\/199705"}],"wp:featuredmedia":[{"embeddable":true,"href":"https:\/\/staging.aldeco.pt\/es\/wp-json\/wp\/v2\/media\/196325"}],"wp:attachment":[{"href":"https:\/\/staging.aldeco.pt\/es\/wp-json\/wp\/v2\/media?parent=198493"}],"wp:term":[{"taxonomy":"product_brand","embeddable":true,"href":"https:\/\/staging.aldeco.pt\/es\/wp-json\/wp\/v2\/product_brand?post=198493"},{"taxonomy":"product_cat","embeddable":true,"href":"https:\/\/staging.aldeco.pt\/es\/wp-json\/wp\/v2\/product_cat?post=198493"},{"taxonomy":"product_tag","embeddable":true,"href":"https:\/\/staging.aldeco.pt\/es\/wp-json\/wp\/v2\/product_tag?post=198493"}],"curies":[{"name":"wp","href":"https:\/\/api.w.org\/{rel}","templated":true}]}}