{"id":193080,"date":"2024-05-27T16:13:28","date_gmt":"2024-05-27T16:13:28","guid":{"rendered":"https:\/\/aldeco.pt\/staging\/product\/wise-fr-crib-5\/"},"modified":"2024-09-30T10:52:09","modified_gmt":"2024-09-30T10:52:09","slug":"wise-fr-crib-5","status":"publish","type":"product","link":"https:\/\/staging.aldeco.pt\/es\/product\/wise-fr-crib-5\/","title":{"rendered":"WISE FR CRIB 5"},"content":{"rendered":"<p>Es un tejido para tapicer\u00eda desarrollado especialmente para uso contract, con alta resistencia a la abrasi\u00f3n y que cumple con diversas normas ign\u00edfugas, incluida la exigente norma inglesa CRIB 5. Esta tela tiene un aspecto muy natural y suave, imprescindible para tus proyectos. Est\u00e1 disponible en 20 irresistibles.<\/p>\n","protected":false},"excerpt":{"rendered":"<p>Es un tejido para tapicer\u00eda desarrollado especialmente para uso contract, con alta resistencia a la abrasi\u00f3n y que cumple con diversas normas ign\u00edfugas, incluida la exigente norma inglesa CRIB 5. Esta tela tiene un aspecto muy natural y suave, imprescindible para tus proyectos. It is available in 20 irresistible.<\/p>\n<h2>Wise Fr Crib 5 es un tejido para tapicer\u00eda desarrollado especialmente para uso contract, con alta resistencia a la abrasi\u00f3n y que cumple con diversas normas ign\u00edfugas, incluida la exigente norma inglesa CRIB 5. Esta tela tiene un aspecto muy natural y suave, imprescindible para tus proyectos. It is available in 20 irresistible.<\/h2>\n<p><img fetchpriority=\"high\" decoding=\"async\" class=\"alignnone wp-image-162173 size-medium\" src=\"https:\/\/aldeco.pt\/staging\/wp-content\/uploads\/2024\/05\/T191551002-300x225.jpg\" alt=\"Wise Fr Crib 5 - Aldeco\" width=\"300\" height=\"225\" \/><\/p>\n<p><a href=\"https:\/\/www.instagram.com\/aldeco_interiorfabrics\/\">https:\/\/www.instagram.com\/aldeco_interiorfabrics\/<\/a><\/p>\n<p><a href=\"https:\/\/aldeco.pt\/staging\/product\/wise-fr-crib-5\/?attribute_pa_aldeco-color=23-lime-green\">https:\/\/aldeco.pt\/staging\/product\/wise-fr-crib-5\/?attribute_pa_aldeco-color=23-lime-green<\/a><\/p>\n","protected":false},"featured_media":162143,"template":"","meta":[],"product_brand":[],"product_cat":[6146,6154,6152],"product_tag":[],"class_list":{"0":"post-193080","1":"product","2":"type-product","3":"status-publish","4":"has-post-thumbnail","6":"product_cat-aldeco-2-es","7":"product_cat-aldeco-smarter-es","8":"product_cat-contract-es","9":"pa_cleanability-8283","10":"pa_composition-ext-100-pl-fr-es","11":"pa_contract-fabrics-1-es","12":"pa_interior-fabrics-1-es","13":"pa_line-telas","14":"pa_lithfastness-4-5-es-2","15":"pa_range-liso-es","16":"pa_special-treatments-fabrics-1-es","19":"first","20":"instock","21":"shipping-taxable","22":"purchasable","23":"product-type-variable"},"acf":[],"_links":{"self":[{"href":"https:\/\/staging.aldeco.pt\/es\/wp-json\/wp\/v2\/product\/193080","targetHints":{"allow":["GET"]}}],"collection":[{"href":"https:\/\/staging.aldeco.pt\/es\/wp-json\/wp\/v2\/product"}],"about":[{"href":"https:\/\/staging.aldeco.pt\/es\/wp-json\/wp\/v2\/types\/product"}],"version-history":[{"count":2,"href":"https:\/\/staging.aldeco.pt\/es\/wp-json\/wp\/v2\/product\/193080\/revisions"}],"predecessor-version":[{"id":200953,"href":"https:\/\/staging.aldeco.pt\/es\/wp-json\/wp\/v2\/product\/193080\/revisions\/200953"}],"wp:featuredmedia":[{"embeddable":true,"href":"https:\/\/staging.aldeco.pt\/es\/wp-json\/wp\/v2\/media\/162143"}],"wp:attachment":[{"href":"https:\/\/staging.aldeco.pt\/es\/wp-json\/wp\/v2\/media?parent=193080"}],"wp:term":[{"taxonomy":"product_brand","embeddable":true,"href":"https:\/\/staging.aldeco.pt\/es\/wp-json\/wp\/v2\/product_brand?post=193080"},{"taxonomy":"product_cat","embeddable":true,"href":"https:\/\/staging.aldeco.pt\/es\/wp-json\/wp\/v2\/product_cat?post=193080"},{"taxonomy":"product_tag","embeddable":true,"href":"https:\/\/staging.aldeco.pt\/es\/wp-json\/wp\/v2\/product_tag?post=193080"}],"curies":[{"name":"wp","href":"https:\/\/api.w.org\/{rel}","templated":true}]}}