{"id":193067,"date":"2024-05-09T22:59:23","date_gmt":"2024-05-09T22:59:23","guid":{"rendered":"https:\/\/aldeco.pt\/staging\/product\/wild-thing\/"},"modified":"2024-10-08T09:57:30","modified_gmt":"2024-10-08T09:57:30","slug":"wild-thing","status":"publish","type":"product","link":"https:\/\/staging.aldeco.pt\/es\/product\/wild-thing\/","title":{"rendered":"WILD THING"},"content":{"rendered":"<p>Wild Thing es un tejido jacquard con hilo texturizado con efecto boucl\u00e9 y aspecto salvaje. Esta tela tambi\u00e9n es una actualizaci\u00f3n de la colecci\u00f3n Invicta 2020, agregando una nueva gama de colores naturales y de moda a esta magn\u00edfica tela de tapicer\u00eda. Los colores son ricos y el fondo contrasta con el pelaje, para enfatizar el efecto chevron.<\/p>\n","protected":false},"excerpt":{"rendered":"<p>Wild Thing es un tejido jacquard con hilo texturizado con efecto boucl\u00e9 y aspecto salvaje. Esta tela tambi\u00e9n es una actualizaci\u00f3n de la colecci\u00f3n Invicta 2020, agregando una nueva gama de colores naturales y de moda a esta magn\u00edfica tela de tapicer\u00eda. Los colores son ricos y el fondo contrasta con el pelaje, para enfatizar el efecto chevron.<\/p>\n<h2>Wild Thing es un tejido jacquard con hilo texturizado con efecto boucl\u00e9 y aspecto salvaje. Esta tela tambi\u00e9n es una actualizaci\u00f3n de la colecci\u00f3n Invicta 2020, agregando una nueva gama de colores naturales y de moda a esta magn\u00edfica tela de tapicer\u00eda. Los colores son ricos y el fondo contrasta con el pelaje, para enfatizar el efecto chevron.<\/h2>\n<p><img fetchpriority=\"high\" decoding=\"async\" class=\"alignnone wp-image-189326 size-medium\" src=\"https:\/\/aldeco.pt\/staging\/wp-content\/uploads\/2024\/01\/T191690002-4-300x200.jpg\" alt=\"Wild Thing - Aldeco\" width=\"300\" height=\"200\" \/><\/p>\n<p><a href=\"https:\/\/www.instagram.com\/aldeco_interiorfabrics\/\">https:\/\/www.instagram.com\/aldeco_interiorfabrics\/<\/a><a href=\"https:\/\/aldeco.pt\/staging\/product\/wild-thing\/?attribute_pa_aldeco-color=01-wild-white\">https:\/\/aldeco.pt\/staging\/product\/wild-thing\/?attribute_pa_aldeco-color=01-wild-white<\/a><\/p>\n","protected":false},"featured_media":161032,"template":"","meta":[],"product_brand":[],"product_cat":[6146],"product_tag":[],"class_list":{"0":"post-193067","1":"product","2":"type-product","3":"status-publish","4":"has-post-thumbnail","6":"product_cat-aldeco-2-es","7":"pa_cleanability-8283","8":"pa_composition-ext-65-co-16-pl-13-vi-6-li-es","9":"pa_interior-fabrics-1-es","10":"pa_line-telas","11":"pa_lithfastness-4-5-es","12":"pa_outdoor-0-es","13":"pa_range-boucle-es","14":"pa_range-jacquard-es","15":"pa_range-terciopelo","18":"first","19":"instock","20":"purchasable","21":"product-type-variable"},"acf":[],"_links":{"self":[{"href":"https:\/\/staging.aldeco.pt\/es\/wp-json\/wp\/v2\/product\/193067","targetHints":{"allow":["GET"]}}],"collection":[{"href":"https:\/\/staging.aldeco.pt\/es\/wp-json\/wp\/v2\/product"}],"about":[{"href":"https:\/\/staging.aldeco.pt\/es\/wp-json\/wp\/v2\/types\/product"}],"version-history":[{"count":3,"href":"https:\/\/staging.aldeco.pt\/es\/wp-json\/wp\/v2\/product\/193067\/revisions"}],"predecessor-version":[{"id":202188,"href":"https:\/\/staging.aldeco.pt\/es\/wp-json\/wp\/v2\/product\/193067\/revisions\/202188"}],"wp:featuredmedia":[{"embeddable":true,"href":"https:\/\/staging.aldeco.pt\/es\/wp-json\/wp\/v2\/media\/161032"}],"wp:attachment":[{"href":"https:\/\/staging.aldeco.pt\/es\/wp-json\/wp\/v2\/media?parent=193067"}],"wp:term":[{"taxonomy":"product_brand","embeddable":true,"href":"https:\/\/staging.aldeco.pt\/es\/wp-json\/wp\/v2\/product_brand?post=193067"},{"taxonomy":"product_cat","embeddable":true,"href":"https:\/\/staging.aldeco.pt\/es\/wp-json\/wp\/v2\/product_cat?post=193067"},{"taxonomy":"product_tag","embeddable":true,"href":"https:\/\/staging.aldeco.pt\/es\/wp-json\/wp\/v2\/product_tag?post=193067"}],"curies":[{"name":"wp","href":"https:\/\/api.w.org\/{rel}","templated":true}]}}