{"id":193053,"date":"2024-05-09T22:58:25","date_gmt":"2024-05-09T22:58:25","guid":{"rendered":"https:\/\/aldeco.pt\/staging\/product\/voyageur-fr\/"},"modified":"2024-10-01T16:11:11","modified_gmt":"2024-10-01T16:11:11","slug":"voyageur-fr","status":"publish","type":"product","link":"https:\/\/staging.aldeco.pt\/es\/product\/voyageur-fr\/","title":{"rendered":"VOYAGEUR FR"},"content":{"rendered":"<p>VOYAGEUR es un tejido jacquard te\u00f1ido en pieza con una textura serpentina irregular que funciona como un falso liso. Este tejido es ideal para a\u00f1adir ese toque de irreverencia a tus piezas de tapicer\u00eda y est\u00e1 disponible en colores muy naturales.<\/p>\n","protected":false},"excerpt":{"rendered":"<p>VOYAGEUR es un tejido jacquard te\u00f1ido en pieza con una textura serpentina irregular que funciona como un falso liso. Este tejido es ideal para a\u00f1adir ese toque de irreverencia a tus piezas de tapicer\u00eda y est\u00e1 disponible en colores muy naturales.<\/p>\n<h2>VOYAGEUR es un tejido jacquard te\u00f1ido en pieza con una textura serpentina irregular que funciona como un falso liso. Este tejido es ideal para a\u00f1adir ese toque de irreverencia a tus piezas de tapicer\u00eda y est\u00e1 disponible en colores muy naturales.<\/h2>\n<p><img fetchpriority=\"high\" decoding=\"async\" class=\"alignnone wp-image-80648 size-medium\" src=\"https:\/\/aldeco.pt\/staging\/wp-content\/uploads\/2024\/01\/T192860005-2-300x196.jpg\" alt=\"Voyageur FR - Aldeco\" width=\"300\" height=\"196\" \/><\/p>\n<p><a href=\"https:\/\/aldeco.pt\/staging\/product\/voyageur-fr\/?attribute_pa_aldeco-color=01-natural-white\">https:\/\/aldeco.pt\/staging\/product\/voyageur-fr\/?attribute_pa_aldeco-color=01-natural-white<\/a><\/p>\n<p><a href=\"https:\/\/www.instagram.com\/aldeco_interiorfabrics\/\">https:\/\/www.instagram.com\/aldeco_interiorfabrics\/<\/a><\/p>\n","protected":false},"featured_media":146558,"template":"","meta":[],"product_brand":[],"product_cat":[6146],"product_tag":[],"class_list":{"0":"post-193053","1":"product","2":"type-product","3":"status-publish","4":"has-post-thumbnail","6":"product_cat-aldeco-2-es","7":"pa_cleanability-8283","8":"pa_composition-ext-81-co-19-pl-es","9":"pa_contract-fabrics-1-es","10":"pa_interior-fabrics-1-es","11":"pa_line-telas","12":"pa_lithfastness-4-es","13":"pa_outdoor-0-es","14":"pa_range-jacquard-es","15":"pa_special-treatments-fabrics-1-es","18":"first","19":"instock","20":"purchasable","21":"product-type-variable"},"acf":[],"_links":{"self":[{"href":"https:\/\/staging.aldeco.pt\/es\/wp-json\/wp\/v2\/product\/193053","targetHints":{"allow":["GET"]}}],"collection":[{"href":"https:\/\/staging.aldeco.pt\/es\/wp-json\/wp\/v2\/product"}],"about":[{"href":"https:\/\/staging.aldeco.pt\/es\/wp-json\/wp\/v2\/types\/product"}],"version-history":[{"count":2,"href":"https:\/\/staging.aldeco.pt\/es\/wp-json\/wp\/v2\/product\/193053\/revisions"}],"predecessor-version":[{"id":201744,"href":"https:\/\/staging.aldeco.pt\/es\/wp-json\/wp\/v2\/product\/193053\/revisions\/201744"}],"wp:featuredmedia":[{"embeddable":true,"href":"https:\/\/staging.aldeco.pt\/es\/wp-json\/wp\/v2\/media\/146558"}],"wp:attachment":[{"href":"https:\/\/staging.aldeco.pt\/es\/wp-json\/wp\/v2\/media?parent=193053"}],"wp:term":[{"taxonomy":"product_brand","embeddable":true,"href":"https:\/\/staging.aldeco.pt\/es\/wp-json\/wp\/v2\/product_brand?post=193053"},{"taxonomy":"product_cat","embeddable":true,"href":"https:\/\/staging.aldeco.pt\/es\/wp-json\/wp\/v2\/product_cat?post=193053"},{"taxonomy":"product_tag","embeddable":true,"href":"https:\/\/staging.aldeco.pt\/es\/wp-json\/wp\/v2\/product_tag?post=193053"}],"curies":[{"name":"wp","href":"https:\/\/api.w.org\/{rel}","templated":true}]}}