{"id":193051,"date":"2024-05-12T19:40:37","date_gmt":"2024-05-12T19:40:37","guid":{"rendered":"https:\/\/aldeco.pt\/staging\/product\/volupte-de-la-vie\/"},"modified":"2024-08-29T14:40:42","modified_gmt":"2024-08-29T14:40:42","slug":"volupte-de-la-vie","status":"publish","type":"product","link":"https:\/\/staging.aldeco.pt\/es\/product\/volupte-de-la-vie\/","title":{"rendered":"VOLUPT\u00c9 DE LA VIE"},"content":{"rendered":"<p>VOLUPT\u00c9 DE LA VIE es un delicado visillo con aspecto de lino y un dise\u00f1o integral de flores estilizadas finamente bordadas. Esta tela ligera y transparente tiene una maravillosa ca\u00edda para cortinas. El aspecto elegante se ve realzado por el suave brillo de los delicados motivos florales bordados a gran escala. Este rico tejido bordado exalta lo femenino de una manera intensa y refinada, creando sensaciones extremadamente agradables.<\/p>\n","protected":false},"excerpt":{"rendered":"<p>VOLUPT\u00c9 DE LA VIE es un delicado visillo con aspecto de lino y un dise\u00f1o integral de flores estilizadas finamente bordadas. Esta tela ligera y transparente tiene una maravillosa ca\u00edda para cortinas. El aspecto elegante se ve realzado por el suave brillo de los delicados motivos florales bordados a gran escala. Este rico tejido bordado exalta lo femenino de una manera intensa y refinada, creando sensaciones extremadamente agradables.<\/p>\n<h2>VOLUPT\u00c9 DE LA VIE es un delicado visillo con aspecto de lino y un dise\u00f1o integral de flores estilizadas finamente bordadas. Esta tela ligera y transparente tiene una maravillosa ca\u00edda para cortinas. El aspecto elegante se ve realzado por el suave brillo de los delicados motivos florales bordados a gran escala. Este rico tejido bordado exalta lo femenino de una manera intensa y refinada, creando sensaciones extremadamente agradables.<\/h2>\n<p><img fetchpriority=\"high\" decoding=\"async\" class=\"alignnone wp-image-177112 size-medium\" src=\"https:\/\/aldeco.pt\/staging\/wp-content\/uploads\/2024\/01\/T192940001-3-300x200.jpg\" alt=\"Volupt\u00e9 de la Vie - Aldeco\" width=\"300\" height=\"200\"><\/p>\n<p><a href=\"https:\/\/aldeco.pt\/staging\/product\/volupte-de-la-vie\/?attribute_pa_aldeco-color=01-natural-white\">https:\/\/aldeco.pt\/staging\/product\/volupte-de-la-vie\/?attribute_pa_aldeco-color=01-natural-white<\/a><\/p>\n<p><a href=\"https:\/\/www.instagram.com\/aldeco_interiorfabrics\/\">https:\/\/www.instagram.com\/aldeco_interiorfabrics\/<\/a><\/p>\n","protected":false},"featured_media":161254,"template":"","meta":[],"product_brand":[],"product_cat":[6146],"product_tag":[],"class_list":{"0":"post-193051","1":"product","2":"type-product","3":"status-publish","4":"has-post-thumbnail","6":"product_cat-aldeco-2-es","7":"pa_cleanability-8283","8":"pa_composition-ext-63-co-37-pl-bordado-100-pc-es","9":"pa_interior-fabrics-1-es","10":"pa_line-telas","11":"pa_lithfastness-4-es","12":"pa_outdoor-0-es","13":"pa_range-bordado-es","14":"pa_range-transparencias","15":"pa_rapport-horizontal-72-es","16":"pa_rapport-vertical-79-es","17":"pa_sustainable-fabrics-1-es","20":"first","21":"instock","22":"purchasable","23":"product-type-variable"},"acf":[],"_links":{"self":[{"href":"https:\/\/staging.aldeco.pt\/es\/wp-json\/wp\/v2\/product\/193051","targetHints":{"allow":["GET"]}}],"collection":[{"href":"https:\/\/staging.aldeco.pt\/es\/wp-json\/wp\/v2\/product"}],"about":[{"href":"https:\/\/staging.aldeco.pt\/es\/wp-json\/wp\/v2\/types\/product"}],"version-history":[{"count":1,"href":"https:\/\/staging.aldeco.pt\/es\/wp-json\/wp\/v2\/product\/193051\/revisions"}],"predecessor-version":[{"id":199710,"href":"https:\/\/staging.aldeco.pt\/es\/wp-json\/wp\/v2\/product\/193051\/revisions\/199710"}],"wp:featuredmedia":[{"embeddable":true,"href":"https:\/\/staging.aldeco.pt\/es\/wp-json\/wp\/v2\/media\/161254"}],"wp:attachment":[{"href":"https:\/\/staging.aldeco.pt\/es\/wp-json\/wp\/v2\/media?parent=193051"}],"wp:term":[{"taxonomy":"product_brand","embeddable":true,"href":"https:\/\/staging.aldeco.pt\/es\/wp-json\/wp\/v2\/product_brand?post=193051"},{"taxonomy":"product_cat","embeddable":true,"href":"https:\/\/staging.aldeco.pt\/es\/wp-json\/wp\/v2\/product_cat?post=193051"},{"taxonomy":"product_tag","embeddable":true,"href":"https:\/\/staging.aldeco.pt\/es\/wp-json\/wp\/v2\/product_tag?post=193051"}],"curies":[{"name":"wp","href":"https:\/\/api.w.org\/{rel}","templated":true}]}}