{"id":193002,"date":"2024-05-09T22:40:55","date_gmt":"2024-05-09T22:40:55","guid":{"rendered":"https:\/\/aldeco.pt\/staging\/product\/touche\/"},"modified":"2024-09-30T11:28:48","modified_gmt":"2024-09-30T11:28:48","slug":"touche","status":"publish","type":"product","link":"https:\/\/staging.aldeco.pt\/es\/product\/touche\/","title":{"rendered":"TOUCH\u00c9"},"content":{"rendered":"<p>TENCEL\u00ae se ha ganado el nombre de la fibra del futuro: ecol\u00f3gica y econ\u00f3mica. Hecha de celulosa natural encontrada en la pulpa de eucalipto, permite una gesti\u00f3n consciente de la energ\u00eda y los recursos naturales y es completamente biodegradable e hipoalerg\u00e9nica porque previene la formaci\u00f3n de bacterias. La fibra TENCEL\u00ae no solo tiene la capacidad de absorber la humedad, sino tambi\u00e9n de filtrar diferentes elementos como bacterias y otros agentes contaminantes. Al absorber la humedad y dejar la piel libre de agua, TENCEL\u00ae previene la formaci\u00f3n de bacterias. Adem\u00e1s, esto evita el crecimiento de \u00e1caros del polvo. Todo esto demuestra c\u00f3mo TENCEL\u00ae mejora significativamente la salud, la comodidad y promueve la sensaci\u00f3n de bienestar.<br \/>\nTENCEL\u00ae es una tela duradera lavable a m\u00e1quina como el algod\u00f3n.<\/p>\n","protected":false},"excerpt":{"rendered":"<p>TENCEL\u00ae ha ganado el nombre de la fibra<br \/>\ndel futuro: ecol\u00f3gica y econ\u00f3mica. Hecha de celulosa natural encontrada en la pulpa de eucalipto, permite una gesti\u00f3n consciente de la energ\u00eda y los recursos naturales y es completamente biodegradable e hipoalerg\u00e9nica porque previene la formaci\u00f3n de bacterias. La fibra TENCEL\u00ae no solo tiene la capacidad de absorber la humedad, sino tambi\u00e9n de filtrar diferentes elementos como bacterias y otros agentes contaminantes. Al absorber la humedad y dejar la piel libre de agua, TENCEL\u00ae previene la formaci\u00f3n de bacterias. Adem\u00e1s, esto evita el crecimiento de \u00e1caros del polvo. Todo esto demuestra c\u00f3mo TENCEL\u00ae mejora significativamente la salud, la comodidad y promueve la sensaci\u00f3n de bienestar.<br \/>\nTENCEL\u00ae es una tela duradera lavable a m\u00e1quina como el algod\u00f3n.<\/p>\n<h2>Touch\u00e9, hecha de celulosa natural encontrada en la pulpa de eucalipto, permite una gesti\u00f3n consciente de la energ\u00eda y los recursos naturales y es completamente biodegradable e hipoalerg\u00e9nica porque previene la formaci\u00f3n de bacterias.<\/h2>\n<p><img fetchpriority=\"high\" decoding=\"async\" class=\"alignnone wp-image-189161 size-medium\" src=\"https:\/\/aldeco.pt\/staging\/wp-content\/uploads\/2024\/03\/T191750001-300x225.jpg\" alt=\"Touch\u00e9 - Aldeco\" width=\"300\" height=\"225\" \/><\/p>\n<p><a href=\"https:\/\/www.instagram.com\/aldeco_interiorfabrics\/\">https:\/\/www.instagram.com\/aldeco_interiorfabrics\/<\/a><\/p>\n<p><a href=\"https:\/\/aldeco.pt\/staging\/product\/touche\/?attribute_pa_aldeco-color=01-off-white\">https:\/\/aldeco.pt\/staging\/product\/touche\/?attribute_pa_aldeco-color=01-off-white<\/a><\/p>\n<p>&nbsp;<\/p>\n","protected":false},"featured_media":160790,"template":"","meta":[],"product_brand":[],"product_cat":[6146],"product_tag":[],"class_list":{"0":"post-193002","1":"product","2":"type-product","3":"status-publish","4":"has-post-thumbnail","6":"product_cat-aldeco-2-es","7":"pa_cleanability-8283","8":"pa_composition-ext-60-cly-40-pl-es","9":"pa_interior-fabrics-1-es","10":"pa_line-telas","11":"pa_lithfastness-9681","12":"pa_outdoor-0-es","13":"pa_range-liso-es","14":"pa_range-transparencias","17":"first","18":"instock","19":"purchasable","20":"product-type-variable"},"acf":[],"_links":{"self":[{"href":"https:\/\/staging.aldeco.pt\/es\/wp-json\/wp\/v2\/product\/193002","targetHints":{"allow":["GET"]}}],"collection":[{"href":"https:\/\/staging.aldeco.pt\/es\/wp-json\/wp\/v2\/product"}],"about":[{"href":"https:\/\/staging.aldeco.pt\/es\/wp-json\/wp\/v2\/types\/product"}],"version-history":[{"count":2,"href":"https:\/\/staging.aldeco.pt\/es\/wp-json\/wp\/v2\/product\/193002\/revisions"}],"predecessor-version":[{"id":200957,"href":"https:\/\/staging.aldeco.pt\/es\/wp-json\/wp\/v2\/product\/193002\/revisions\/200957"}],"wp:featuredmedia":[{"embeddable":true,"href":"https:\/\/staging.aldeco.pt\/es\/wp-json\/wp\/v2\/media\/160790"}],"wp:attachment":[{"href":"https:\/\/staging.aldeco.pt\/es\/wp-json\/wp\/v2\/media?parent=193002"}],"wp:term":[{"taxonomy":"product_brand","embeddable":true,"href":"https:\/\/staging.aldeco.pt\/es\/wp-json\/wp\/v2\/product_brand?post=193002"},{"taxonomy":"product_cat","embeddable":true,"href":"https:\/\/staging.aldeco.pt\/es\/wp-json\/wp\/v2\/product_cat?post=193002"},{"taxonomy":"product_tag","embeddable":true,"href":"https:\/\/staging.aldeco.pt\/es\/wp-json\/wp\/v2\/product_tag?post=193002"}],"curies":[{"name":"wp","href":"https:\/\/api.w.org\/{rel}","templated":true}]}}