{"id":192971,"date":"2024-05-09T22:17:28","date_gmt":"2024-05-09T22:17:28","guid":{"rendered":"https:\/\/aldeco.pt\/staging\/product\/stay\/"},"modified":"2024-10-11T09:33:50","modified_gmt":"2024-10-11T09:33:50","slug":"stay","status":"publish","type":"product","link":"https:\/\/staging.aldeco.pt\/es\/product\/stay\/","title":{"rendered":"STAY"},"content":{"rendered":"<p>Una versi\u00f3n sencilla de la tela hexaddiction, que combina perfectamente con el resto de esta colecci\u00f3n. Hecho de lino y viscosa y tambi\u00e9n adecuado para tapicer\u00eda.<\/p>\n","protected":false},"excerpt":{"rendered":"<p>STAY, una versi\u00f3n sencilla de la tela hexaddiction, que combina perfectamente con el resto de esta colecci\u00f3n. Hecho de lino y viscosa y tambi\u00e9n adecuado para tapicer\u00eda.<\/p>\n<h2>STAY, una versi\u00f3n sencilla de la tela hexaddiction, que combina perfectamente con el resto de esta colecci\u00f3n. Hecho de lino y viscosa y tambi\u00e9n adecuado para tapicer\u00eda.<\/h2>\n<p><img fetchpriority=\"high\" decoding=\"async\" class=\"alignnone wp-image-160580 size-medium\" src=\"https:\/\/aldeco.pt\/staging\/wp-content\/uploads\/2024\/05\/T018610006-300x280.jpg\" alt=\"STAY - Aldeco\" width=\"300\" height=\"280\" \/><\/p>\n<p><a href=\"https:\/\/www.instagram.com\/aldeco_interiorfabrics\/\">https:\/\/www.instagram.com\/aldeco_interiorfabrics\/<\/a><\/p>\n<p><a href=\"https:\/\/aldeco.pt\/staging\/product\/stay\/?attribute_pa_aldeco-color=01-natural\">https:\/\/aldeco.pt\/staging\/product\/stay\/?attribute_pa_aldeco-color=01-natural<\/a><\/p>\n","protected":false},"featured_media":177978,"template":"","meta":[],"product_brand":[],"product_cat":[6146],"product_tag":[],"class_list":{"0":"post-192971","1":"product","2":"type-product","3":"status-publish","4":"has-post-thumbnail","6":"product_cat-aldeco-2-es","7":"pa_cleanability-8283","8":"pa_composition-ext-70-vi-30-li-es","9":"pa_interior-fabrics-1-es","10":"pa_line-telas","11":"pa_lithfastness-9681","12":"pa_outdoor-0-es","13":"pa_range-liso-es","16":"first","17":"instock","18":"purchasable","19":"product-type-variable"},"acf":[],"_links":{"self":[{"href":"https:\/\/staging.aldeco.pt\/es\/wp-json\/wp\/v2\/product\/192971","targetHints":{"allow":["GET"]}}],"collection":[{"href":"https:\/\/staging.aldeco.pt\/es\/wp-json\/wp\/v2\/product"}],"about":[{"href":"https:\/\/staging.aldeco.pt\/es\/wp-json\/wp\/v2\/types\/product"}],"version-history":[{"count":4,"href":"https:\/\/staging.aldeco.pt\/es\/wp-json\/wp\/v2\/product\/192971\/revisions"}],"predecessor-version":[{"id":205099,"href":"https:\/\/staging.aldeco.pt\/es\/wp-json\/wp\/v2\/product\/192971\/revisions\/205099"}],"wp:featuredmedia":[{"embeddable":true,"href":"https:\/\/staging.aldeco.pt\/es\/wp-json\/wp\/v2\/media\/177978"}],"wp:attachment":[{"href":"https:\/\/staging.aldeco.pt\/es\/wp-json\/wp\/v2\/media?parent=192971"}],"wp:term":[{"taxonomy":"product_brand","embeddable":true,"href":"https:\/\/staging.aldeco.pt\/es\/wp-json\/wp\/v2\/product_brand?post=192971"},{"taxonomy":"product_cat","embeddable":true,"href":"https:\/\/staging.aldeco.pt\/es\/wp-json\/wp\/v2\/product_cat?post=192971"},{"taxonomy":"product_tag","embeddable":true,"href":"https:\/\/staging.aldeco.pt\/es\/wp-json\/wp\/v2\/product_tag?post=192971"}],"curies":[{"name":"wp","href":"https:\/\/api.w.org\/{rel}","templated":true}]}}