{"id":192929,"date":"2024-05-09T22:08:51","date_gmt":"2024-05-09T22:08:51","guid":{"rendered":"https:\/\/aldeco.pt\/staging\/product\/slow-fr\/"},"modified":"2024-10-08T11:12:07","modified_gmt":"2024-10-08T11:12:07","slug":"slow-fr","status":"publish","type":"product","link":"https:\/\/staging.aldeco.pt\/es\/product\/slow-fr\/","title":{"rendered":"SLOW FR"},"content":{"rendered":"<p>Cuidadosamente elaborado para durar, SLOW FR ofrece una calidad de doble tejido fuerte y densa ideal para tapicer\u00eda duradera. Los colores son mezclas multicolores ricas, con efectos vibrantes y sutilmente brillantes. Esta tela est\u00e1 hecha con un 15% de poli\u00e9ster reciclado post-consumo y certificado GRS de botellas PET. Con un metro de tela, se salvan tres botellas de pl\u00e1stico del vertedero o de la incineraci\u00f3n. Disponible en 15 colores.<\/p>\n","protected":false},"excerpt":{"rendered":"<p>Cuidadosamente elaborado para durar, SLOW FR ofrece una calidad de doble tejido fuerte y densa ideal para tapicer\u00eda duradera. Los colores son mezclas multicolores ricas, con efectos vibrantes y sutilmente brillantes. Esta tela est\u00e1 hecha con un 15% de poli\u00e9ster reciclado post-consumo y certificado GRS de botellas PET. Con un metro de tela, se salvan tres botellas de pl\u00e1stico del vertedero o de la incineraci\u00f3n. Disponible en 15 colores.<\/p>\n<h2>SLOW FR ofrece una calidad de doble tejido fuerte y densa ideal para tapicer\u00eda duradera. Los colores son mezclas multicolores ricas, con efectos vibrantes y sutilmente brillantes. Esta tela est\u00e1 hecha con un 15% de poli\u00e9ster reciclado post-consumo y certificado GRS de botellas PET. Con un metro de tela, se salvan tres botellas de pl\u00e1stico del vertedero o de la incineraci\u00f3n. Disponible en 15 colores.<\/h2>\n<p><img fetchpriority=\"high\" decoding=\"async\" class=\"alignnone wp-image-188959 size-medium\" src=\"https:\/\/aldeco.pt\/staging\/wp-content\/uploads\/2024\/03\/T016850001-300x280.jpg\" alt=\"Slow FR - Aldeco\" width=\"300\" height=\"280\" \/><\/p>\n<p><a href=\"https:\/\/www.instagram.com\/aldeco_interiorfabrics\/\">https:\/\/www.instagram.com\/aldeco_interiorfabrics\/<\/a><\/p>\n<p><a href=\"https:\/\/aldeco.pt\/staging\/product\/slow-fr\/?attribute_pa_aldeco-color=01-white\">https:\/\/aldeco.pt\/staging\/product\/slow-fr\/?attribute_pa_aldeco-color=01-white<\/a><\/p>\n","protected":false},"featured_media":157058,"template":"","meta":[],"product_brand":[],"product_cat":[6146],"product_tag":[],"class_list":{"0":"post-192929","1":"product","2":"type-product","3":"status-publish","4":"has-post-thumbnail","6":"product_cat-aldeco-2-es","7":"pa_cleanability-8283","8":"pa_cleanability-4-5-es","9":"pa_composition-ext-75-pl-25-pp-es","10":"pa_contract-fabrics-1-es","11":"pa_interior-fabrics-1-es","12":"pa_line-telas","13":"pa_lithfastness-5-6-es","14":"pa_outdoor-0-es","15":"pa_range-liso-es","16":"pa_range-panama-es","17":"pa_sustainable-fabrics-1-es","20":"first","21":"instock","22":"purchasable","23":"product-type-variable"},"acf":[],"_links":{"self":[{"href":"https:\/\/staging.aldeco.pt\/es\/wp-json\/wp\/v2\/product\/192929","targetHints":{"allow":["GET"]}}],"collection":[{"href":"https:\/\/staging.aldeco.pt\/es\/wp-json\/wp\/v2\/product"}],"about":[{"href":"https:\/\/staging.aldeco.pt\/es\/wp-json\/wp\/v2\/types\/product"}],"version-history":[{"count":2,"href":"https:\/\/staging.aldeco.pt\/es\/wp-json\/wp\/v2\/product\/192929\/revisions"}],"predecessor-version":[{"id":202209,"href":"https:\/\/staging.aldeco.pt\/es\/wp-json\/wp\/v2\/product\/192929\/revisions\/202209"}],"wp:featuredmedia":[{"embeddable":true,"href":"https:\/\/staging.aldeco.pt\/es\/wp-json\/wp\/v2\/media\/157058"}],"wp:attachment":[{"href":"https:\/\/staging.aldeco.pt\/es\/wp-json\/wp\/v2\/media?parent=192929"}],"wp:term":[{"taxonomy":"product_brand","embeddable":true,"href":"https:\/\/staging.aldeco.pt\/es\/wp-json\/wp\/v2\/product_brand?post=192929"},{"taxonomy":"product_cat","embeddable":true,"href":"https:\/\/staging.aldeco.pt\/es\/wp-json\/wp\/v2\/product_cat?post=192929"},{"taxonomy":"product_tag","embeddable":true,"href":"https:\/\/staging.aldeco.pt\/es\/wp-json\/wp\/v2\/product_tag?post=192929"}],"curies":[{"name":"wp","href":"https:\/\/api.w.org\/{rel}","templated":true}]}}