{"id":192849,"date":"2024-05-09T21:54:22","date_gmt":"2024-05-09T21:54:22","guid":{"rendered":"https:\/\/aldeco.pt\/staging\/product\/salon-easy-clean\/"},"modified":"2024-08-29T14:42:32","modified_gmt":"2024-08-29T14:42:32","slug":"salon-easy-clean","status":"publish","type":"product","link":"https:\/\/staging.aldeco.pt\/es\/product\/salon-easy-clean\/","title":{"rendered":"SALON EASY CLEAN"},"content":{"rendered":"<p>Terciopelo jacquard contempor\u00e1neo con un aspecto de tela semi-lisa apariencia de terciopelo tejido con textura . El motivo est\u00e1 desarrollado con un aspecto geom\u00e9trico, que puede aplicarse f\u00e1cilmente en cualquiera direcci\u00f3n y decoraci\u00f3n sin necesidad de casar el dise\u00f1o. Tiene un acabado de alta resistencia a la abrasi\u00f3n, repelente al agua y f\u00e1cil de limpiar lo que deja la tela totalmente protegida.<br \/>\nEst\u00e1 disponible en 20 colores.<\/p>\n","protected":false},"excerpt":{"rendered":"<p>Terciopelo jacquard contempor\u00e1neo con un aspecto de tela semi-lisa apariencia de terciopelo tejido con textura . El motivo est\u00e1 desarrollado con un aspecto geom\u00e9trico, que puede aplicarse f\u00e1cilmente en cualquiera direcci\u00f3n y decoraci\u00f3n sin necesidad de casar el dise\u00f1o. Tiene un acabado de alta resistencia a la abrasi\u00f3n, repelente al agua y f\u00e1cil de limpiar lo que deja la tela totalmente protegida.<br \/>\nEst\u00e1 disponible en 20 colores.<\/p>\n<h2>Salon Easy Clean, terciopelo jacquard contempor\u00e1neo con un aspecto de tela semi-lisa apariencia de terciopelo tejido con textura. El motivo est\u00e1 desarrollado con un aspecto geom\u00e9trico, que puede aplicarse f\u00e1cilmente en cualquiera direcci\u00f3n y decoraci\u00f3n sin necesidad de casar el dise\u00f1o. Tiene un acabado de alta resistencia a la abrasi\u00f3n, repelente al agua y f\u00e1cil de limpiar lo que deja la tela totalmente protegida.<br \/>\nEst\u00e1 disponible en 20 colores.<\/h2>\n<p><img fetchpriority=\"high\" decoding=\"async\" class=\"alignnone wp-image-188772 size-medium\" src=\"https:\/\/aldeco.pt\/staging\/wp-content\/uploads\/2024\/01\/T191610001-3-300x225.jpg\" alt=\"Salon Easy Clean - Aldeco\" width=\"300\" height=\"225\"><\/p>\n<p><a href=\"https:\/\/aldeco.pt\/staging\/product\/salon-easy-clean\/?attribute_pa_aldeco-color=01-natural-white\">https:\/\/aldeco.pt\/staging\/product\/salon-easy-clean\/?attribute_pa_aldeco-color=01-natural-white<\/a><\/p>\n<p><a href=\"https:\/\/www.instagram.com\/aldeco_interiorfabrics\/\">https:\/\/www.instagram.com\/aldeco_interiorfabrics\/<\/a><\/p>\n","protected":false},"featured_media":160216,"template":"","meta":[],"product_brand":[],"product_cat":[6154],"product_tag":[],"class_list":{"0":"post-192849","1":"product","2":"type-product","3":"status-publish","4":"has-post-thumbnail","6":"product_cat-aldeco-smarter-es","7":"pa_cleanability-8283","8":"pa_composition-ext-100-pl-es","9":"pa_interior-fabrics-1-es","10":"pa_line-telas","11":"pa_lithfastness-5-es","12":"pa_outdoor-0-es","13":"pa_range-jacquard-es","14":"pa_range-terciopelo","15":"pa_rapport-horizontal-42-es","16":"pa_rapport-vertical-70-es","17":"pa_special-treatments-fabrics-1-es","20":"first","21":"instock","22":"purchasable","23":"product-type-variable"},"acf":[],"_links":{"self":[{"href":"https:\/\/staging.aldeco.pt\/es\/wp-json\/wp\/v2\/product\/192849","targetHints":{"allow":["GET"]}}],"collection":[{"href":"https:\/\/staging.aldeco.pt\/es\/wp-json\/wp\/v2\/product"}],"about":[{"href":"https:\/\/staging.aldeco.pt\/es\/wp-json\/wp\/v2\/types\/product"}],"version-history":[{"count":1,"href":"https:\/\/staging.aldeco.pt\/es\/wp-json\/wp\/v2\/product\/192849\/revisions"}],"predecessor-version":[{"id":199723,"href":"https:\/\/staging.aldeco.pt\/es\/wp-json\/wp\/v2\/product\/192849\/revisions\/199723"}],"wp:featuredmedia":[{"embeddable":true,"href":"https:\/\/staging.aldeco.pt\/es\/wp-json\/wp\/v2\/media\/160216"}],"wp:attachment":[{"href":"https:\/\/staging.aldeco.pt\/es\/wp-json\/wp\/v2\/media?parent=192849"}],"wp:term":[{"taxonomy":"product_brand","embeddable":true,"href":"https:\/\/staging.aldeco.pt\/es\/wp-json\/wp\/v2\/product_brand?post=192849"},{"taxonomy":"product_cat","embeddable":true,"href":"https:\/\/staging.aldeco.pt\/es\/wp-json\/wp\/v2\/product_cat?post=192849"},{"taxonomy":"product_tag","embeddable":true,"href":"https:\/\/staging.aldeco.pt\/es\/wp-json\/wp\/v2\/product_tag?post=192849"}],"curies":[{"name":"wp","href":"https:\/\/api.w.org\/{rel}","templated":true}]}}