{"id":192804,"date":"2024-05-09T21:41:17","date_gmt":"2024-05-09T21:41:17","guid":{"rendered":"https:\/\/aldeco.pt\/staging\/product\/resistance-easy-clean-fr\/"},"modified":"2024-08-29T14:42:45","modified_gmt":"2024-08-29T14:42:45","slug":"resistance-easy-clean-fr","status":"publish","type":"product","link":"https:\/\/staging.aldeco.pt\/es\/product\/resistance-easy-clean-fr\/","title":{"rendered":"RESISTANCE EASY CLEAN FR"},"content":{"rendered":"<p>Chenille naturalmente suave como terciopelo, aliado a una resistencia y durabilidad inigualables y de f\u00e1cil limpieza. Este tejido es ecol\u00f3gico porque cumple con la norma OEKO-TEX 100, no contiene sustancias nocivas para el medio ambiente. Debido a su gran \u00e9xito, hemos a\u00f1adido 14 nuevos colores. Ahora disponible en 28 colores.<\/p>\n","protected":false},"excerpt":{"rendered":"<p>Chenille naturalmente suave como terciopelo, aliado a una resistencia y durabilidad inigualables y de f\u00e1cil limpieza. Este tejido es ecol\u00f3gico porque cumple con la norma OEKO-TEX 100, no contiene sustancias nocivas para el medio ambiente. Debido a su gran \u00e9xito, hemos a\u00f1adido 14 nuevos colores. Ahora disponible en 28 colores. <\/p>\n<h2>Resistance Easy Clean FR es un chenille naturalmente suave como terciopelo, aliado a una resistencia y durabilidad inigualables y de f\u00e1cil limpieza.<\/h2>\n<p><img fetchpriority=\"high\" decoding=\"async\" class=\"alignnone wp-image-188659 size-medium\" src=\"https:\/\/aldeco.pt\/staging\/wp-content\/uploads\/2024\/01\/T191280015-3-300x200.jpg\" alt=\"Resistance Easy Clean FR - Aldeco\" width=\"300\" height=\"200\"><\/p>\n<p><a href=\"https:\/\/www.instagram.com\/aldeco_interiorfabrics\/\">https:\/\/www.instagram.com\/aldeco_interiorfabrics\/<\/a><a href=\"https:\/\/aldeco.pt\/staging\/product\/resistance-easy-clean-fr\/?attribute_pa_aldeco-color=01-pale-sand\">https:\/\/aldeco.pt\/staging\/product\/resistance-easy-clean-fr\/?attribute_pa_aldeco-color=01-pale-sand<\/a><\/p>\n","protected":false},"featured_media":160082,"template":"","meta":[],"product_brand":[],"product_cat":[6146],"product_tag":[],"class_list":{"0":"post-192804","1":"product","2":"type-product","3":"status-publish","4":"has-post-thumbnail","6":"product_cat-aldeco-2-es","7":"pa_cleanability-8283","8":"pa_composition-ext-80-pl-11-pl-rec-5-co-4-co-rec-es","9":"pa_contract-fabrics-1-es","10":"pa_interior-fabrics-1-es","11":"pa_line-telas","12":"pa_lithfastness-5-es","13":"pa_outdoor-0-es","14":"pa_range-chenilla","15":"pa_special-treatments-fabrics-1-es","16":"pa_sustainable-fabrics-1-es","19":"first","20":"instock","21":"purchasable","22":"product-type-variable"},"acf":[],"_links":{"self":[{"href":"https:\/\/staging.aldeco.pt\/es\/wp-json\/wp\/v2\/product\/192804","targetHints":{"allow":["GET"]}}],"collection":[{"href":"https:\/\/staging.aldeco.pt\/es\/wp-json\/wp\/v2\/product"}],"about":[{"href":"https:\/\/staging.aldeco.pt\/es\/wp-json\/wp\/v2\/types\/product"}],"version-history":[{"count":1,"href":"https:\/\/staging.aldeco.pt\/es\/wp-json\/wp\/v2\/product\/192804\/revisions"}],"predecessor-version":[{"id":198528,"href":"https:\/\/staging.aldeco.pt\/es\/wp-json\/wp\/v2\/product\/192804\/revisions\/198528"}],"wp:featuredmedia":[{"embeddable":true,"href":"https:\/\/staging.aldeco.pt\/es\/wp-json\/wp\/v2\/media\/160082"}],"wp:attachment":[{"href":"https:\/\/staging.aldeco.pt\/es\/wp-json\/wp\/v2\/media?parent=192804"}],"wp:term":[{"taxonomy":"product_brand","embeddable":true,"href":"https:\/\/staging.aldeco.pt\/es\/wp-json\/wp\/v2\/product_brand?post=192804"},{"taxonomy":"product_cat","embeddable":true,"href":"https:\/\/staging.aldeco.pt\/es\/wp-json\/wp\/v2\/product_cat?post=192804"},{"taxonomy":"product_tag","embeddable":true,"href":"https:\/\/staging.aldeco.pt\/es\/wp-json\/wp\/v2\/product_tag?post=192804"}],"curies":[{"name":"wp","href":"https:\/\/api.w.org\/{rel}","templated":true}]}}