{"id":192715,"date":"2024-05-09T21:05:08","date_gmt":"2024-05-09T21:05:08","guid":{"rendered":"https:\/\/aldeco.pt\/staging\/product\/midnight\/"},"modified":"2024-08-29T14:43:35","modified_gmt":"2024-08-29T14:43:35","slug":"midnight","status":"publish","type":"product","link":"https:\/\/staging.aldeco.pt\/es\/product\/midnight\/","title":{"rendered":"MIDNIGHT"},"content":{"rendered":"<p>Tela Dim Out con mayor opacidad para cortinas. Alta resistencia a la radiaci\u00f3n solar y calidad notable con un aspecto elegante. Buena capacidad de absorci\u00f3n de sonido (tela certificada ac\u00fastica). Esta tela tambi\u00e9n tiene certificaci\u00f3n retardante de llama y certificaci\u00f3n OEKO-TEX Standard 100.<\/p>\n","protected":false},"excerpt":{"rendered":"<p>Tela Dim Out con mayor opacidad para cortinas. Alta resistencia a la radiaci\u00f3n solar y calidad notable con un aspecto elegante. Buena capacidad de absorci\u00f3n de sonido (tela certificada ac\u00fastica). Esta tela tambi\u00e9n tiene certificaci\u00f3n retardante de llama y certificaci\u00f3n OEKO-TEX Standard 100.<\/p>\n<h2>Midnight es una tela Dim Out con mayor opacidad para cortinas. Alta resistencia a la radiaci\u00f3n solar y calidad notable con un aspecto elegante. Buena capacidad de absorci\u00f3n de sonido (tela certificada ac\u00fastica). Esta tela tambi\u00e9n tiene certificaci\u00f3n retardante de llama y certificaci\u00f3n OEKO-TEX Standard 100.<\/h2>\n<p><img fetchpriority=\"high\" decoding=\"async\" class=\"alignnone wp-image-180379 size-medium\" src=\"https:\/\/aldeco.pt\/staging\/wp-content\/uploads\/2024\/05\/T017528001-300x200.jpg\" alt=\"Midnight - Aldeco\" width=\"300\" height=\"200\"><\/p>\n<p><a href=\"https:\/\/www.instagram.com\/aldeco_interiorfabrics\/\">https:\/\/www.instagram.com\/aldeco_interiorfabrics\/<\/a><\/p>\n<p><a href=\"https:\/\/aldeco.pt\/staging\/product\/midnight\/?attribute_pa_aldeco-color=1\">https:\/\/aldeco.pt\/staging\/product\/midnight\/?attribute_pa_aldeco-color=1<\/a><\/p>\n","protected":false},"featured_media":180317,"template":"","meta":[],"product_brand":[],"product_cat":[6146],"product_tag":[],"class_list":{"0":"post-192715","1":"product","2":"type-product","3":"status-publish","4":"has-post-thumbnail","6":"product_cat-aldeco-2-es","7":"pa_cleanability-8283","8":"pa_composition-ext-100-pl-fr-es","9":"pa_interior-fabrics-1-es","10":"pa_line-telas","11":"pa_lithfastness-5-6-es","12":"pa_outdoor-0-es","13":"pa_range-dimout-es","14":"pa_range-liso-es","17":"first","18":"instock","19":"purchasable","20":"product-type-variable"},"acf":[],"_links":{"self":[{"href":"https:\/\/staging.aldeco.pt\/es\/wp-json\/wp\/v2\/product\/192715","targetHints":{"allow":["GET"]}}],"collection":[{"href":"https:\/\/staging.aldeco.pt\/es\/wp-json\/wp\/v2\/product"}],"about":[{"href":"https:\/\/staging.aldeco.pt\/es\/wp-json\/wp\/v2\/types\/product"}],"version-history":[{"count":1,"href":"https:\/\/staging.aldeco.pt\/es\/wp-json\/wp\/v2\/product\/192715\/revisions"}],"predecessor-version":[{"id":199725,"href":"https:\/\/staging.aldeco.pt\/es\/wp-json\/wp\/v2\/product\/192715\/revisions\/199725"}],"wp:featuredmedia":[{"embeddable":true,"href":"https:\/\/staging.aldeco.pt\/es\/wp-json\/wp\/v2\/media\/180317"}],"wp:attachment":[{"href":"https:\/\/staging.aldeco.pt\/es\/wp-json\/wp\/v2\/media?parent=192715"}],"wp:term":[{"taxonomy":"product_brand","embeddable":true,"href":"https:\/\/staging.aldeco.pt\/es\/wp-json\/wp\/v2\/product_brand?post=192715"},{"taxonomy":"product_cat","embeddable":true,"href":"https:\/\/staging.aldeco.pt\/es\/wp-json\/wp\/v2\/product_cat?post=192715"},{"taxonomy":"product_tag","embeddable":true,"href":"https:\/\/staging.aldeco.pt\/es\/wp-json\/wp\/v2\/product_tag?post=192715"}],"curies":[{"name":"wp","href":"https:\/\/api.w.org\/{rel}","templated":true}]}}