{"id":192700,"date":"2024-05-09T21:03:23","date_gmt":"2024-05-09T21:03:23","guid":{"rendered":"https:\/\/aldeco.pt\/staging\/product\/meridienne-fr\/"},"modified":"2025-03-20T10:31:26","modified_gmt":"2025-03-20T10:31:26","slug":"meridienne-fr","status":"publish","type":"product","link":"https:\/\/staging.aldeco.pt\/es\/product\/meridienne-fr\/","title":{"rendered":"M\u00c9RIDIENNE FR"},"content":{"rendered":"<p>M\u00c9RIDIENE es una chenilla muy elegante te\u00f1ida con hilo muy natural. Este tejido tiene una estructura muy suave con un aspecto c\u00f4tel\u00e9 atemporal y est\u00e1 disponible en 12 exquisitos colores.<\/p>\n","protected":false},"excerpt":{"rendered":"<p>M\u00c9RIDIENE es una chenilla muy elegante te\u00f1ida con hilo muy natural. Este tejido tiene una estructura muy suave con un aspecto c\u00f4tel\u00e9 atemporal y est\u00e1 disponible en 12 exquisitos colores.<\/p>\n<h2>M\u00c9RIDIENE es una chenilla muy elegante te\u00f1ida con hilo muy natural. Este tejido tiene una estructura muy suave con un aspecto c\u00f4tel\u00e9 atemporal y est\u00e1 disponible en 12 exquisitos colores.<\/h2>\n<p><img fetchpriority=\"high\" decoding=\"async\" class=\"alignnone wp-image-218683 size-medium\" src=\"https:\/\/aldeco.pt\/staging\/wp-content\/uploads\/2024\/05\/T192840005-300x220.jpg\" alt=\"M\u00e9ridienne FR - Aldeco\" width=\"300\" height=\"220\"><\/p>\n<p><a href=\"https:\/\/www.instagram.com\/aldeco_interiorfabrics\/\">https:\/\/www.instagram.com\/aldeco_interiorfabrics\/<\/a><\/p>\n<p><a href=\"https:\/\/aldeco.pt\/staging\/product\/meridienne-fr\/?attribute_pa_aldeco-color=01-natural-white\">https:\/\/aldeco.pt\/staging\/product\/meridienne-fr\/?attribute_pa_aldeco-color=01-natural-white<\/a><\/p>\n","protected":false},"featured_media":218685,"template":"","meta":[],"product_brand":[],"product_cat":[6146,6152],"product_tag":[],"class_list":{"0":"post-192700","1":"product","2":"type-product","3":"status-publish","4":"has-post-thumbnail","6":"product_cat-aldeco-2-es","7":"product_cat-contract-es","8":"pa_cleanability-8283","9":"pa_composition-ext-52-vi-42-co-6-li-es","10":"pa_contract-fabrics-1-es","11":"pa_interior-fabrics-1-es","12":"pa_line-telas","13":"pa_lithfastness-4-5-es","14":"pa_outdoor-0-es","15":"pa_range-chenilla","16":"pa_range-jacquard-es","17":"pa_special-treatments-fabrics-1-es","20":"first","21":"instock","22":"purchasable","23":"product-type-variable"},"acf":[],"_links":{"self":[{"href":"https:\/\/staging.aldeco.pt\/es\/wp-json\/wp\/v2\/product\/192700","targetHints":{"allow":["GET"]}}],"collection":[{"href":"https:\/\/staging.aldeco.pt\/es\/wp-json\/wp\/v2\/product"}],"about":[{"href":"https:\/\/staging.aldeco.pt\/es\/wp-json\/wp\/v2\/types\/product"}],"version-history":[{"count":2,"href":"https:\/\/staging.aldeco.pt\/es\/wp-json\/wp\/v2\/product\/192700\/revisions"}],"predecessor-version":[{"id":218689,"href":"https:\/\/staging.aldeco.pt\/es\/wp-json\/wp\/v2\/product\/192700\/revisions\/218689"}],"wp:featuredmedia":[{"embeddable":true,"href":"https:\/\/staging.aldeco.pt\/es\/wp-json\/wp\/v2\/media\/218685"}],"wp:attachment":[{"href":"https:\/\/staging.aldeco.pt\/es\/wp-json\/wp\/v2\/media?parent=192700"}],"wp:term":[{"taxonomy":"product_brand","embeddable":true,"href":"https:\/\/staging.aldeco.pt\/es\/wp-json\/wp\/v2\/product_brand?post=192700"},{"taxonomy":"product_cat","embeddable":true,"href":"https:\/\/staging.aldeco.pt\/es\/wp-json\/wp\/v2\/product_cat?post=192700"},{"taxonomy":"product_tag","embeddable":true,"href":"https:\/\/staging.aldeco.pt\/es\/wp-json\/wp\/v2\/product_tag?post=192700"}],"curies":[{"name":"wp","href":"https:\/\/api.w.org\/{rel}","templated":true}]}}