{"id":192624,"date":"2024-05-12T19:40:40","date_gmt":"2024-05-12T19:40:40","guid":{"rendered":"https:\/\/aldeco.pt\/staging\/product\/lesprit-africain-fr\/"},"modified":"2024-10-09T11:08:26","modified_gmt":"2024-10-09T11:08:26","slug":"lesprit-africain-fr","status":"publish","type":"product","link":"https:\/\/staging.aldeco.pt\/es\/product\/lesprit-africain-fr\/","title":{"rendered":"L&#8217;ESPRIT AFRICAIN FR"},"content":{"rendered":"<p>L&#8217;ESPRIT AFRICAIN es un tejido jacquard de aspecto muy natural. Se trata de una reinterpretaci\u00f3n de una raya muy din\u00e1mica inspirada en la visi\u00f3n del horizonte de las grandes pir\u00e1mides de Egipto, resultado de los grandes viajes por el desierto de la musa que inspir\u00f3 esta colecci\u00f3n. La combinaci\u00f3n de tonos naturales da como resultado una raya moderna e irresistible.<\/p>\n","protected":false},"excerpt":{"rendered":"<p>L&#8217;ESPRIT AFRICAIN es un tejido jacquard de aspecto muy natural. Se trata de una reinterpretaci\u00f3n de una raya muy din\u00e1mica inspirada en la visi\u00f3n del horizonte de las grandes pir\u00e1mides de Egipto, resultado de los grandes viajes por el desierto de la musa que inspir\u00f3 esta colecci\u00f3n. La combinaci\u00f3n de tonos naturales da como resultado una raya moderna e irresistible.<\/p>\n<h2>L&#8217;ESPRIT AFRICAIN es un tejido jacquard de aspecto muy natural. Se trata de una reinterpretaci\u00f3n de una raya muy din\u00e1mica inspirada en la visi\u00f3n del horizonte de las grandes pir\u00e1mides de Egipto, resultado de los grandes viajes por el desierto de la musa que inspir\u00f3 esta colecci\u00f3n. La combinaci\u00f3n de tonos naturales da como resultado una raya moderna e irresistible.<\/h2>\n<p><img fetchpriority=\"high\" decoding=\"async\" class=\"alignnone wp-image-176953 size-medium\" src=\"https:\/\/aldeco.pt\/staging\/wp-content\/uploads\/2024\/01\/T193030005-2-300x200.jpg\" alt=\"L'ESPRIT AFRICAIN FR - Aldeco\" width=\"300\" height=\"200\" \/><\/p>\n<p><a href=\"https:\/\/aldeco.pt\/staging\/product\/lesprit-africain-fr\/?attribute_pa_aldeco-color=01-serengeti-gris\">https:\/\/aldeco.pt\/staging\/product\/lesprit-africain-fr\/?attribute_pa_aldeco-color=01-serengeti-gris<\/a><\/p>\n<p><a href=\"https:\/\/www.instagram.com\/aldeco_interiorfabrics\/\">https:\/\/www.instagram.com\/aldeco_interiorfabrics\/<\/a><\/p>\n","protected":false},"featured_media":161256,"template":"","meta":[],"product_brand":[],"product_cat":[6146,6152],"product_tag":[],"class_list":{"0":"post-192624","1":"product","2":"type-product","3":"status-publish","4":"has-post-thumbnail","6":"product_cat-aldeco-2-es","7":"product_cat-contract-es","8":"pa_cleanability-8283","9":"pa_composition-ext-30-vi-29-co-27-pl-14-li-es","10":"pa_contract-fabrics-1-es","11":"pa_interior-fabrics-1-es","12":"pa_line-telas","13":"pa_lithfastness-4-5-es","14":"pa_outdoor-0-es","15":"pa_range-jacquard-es","16":"pa_rapport-horizontal-7-5-es","17":"pa_rapport-vertical-39-5-es","18":"pa_special-treatments-fabrics-1-es","21":"first","22":"instock","23":"purchasable","24":"product-type-variable"},"acf":[],"_links":{"self":[{"href":"https:\/\/staging.aldeco.pt\/es\/wp-json\/wp\/v2\/product\/192624","targetHints":{"allow":["GET"]}}],"collection":[{"href":"https:\/\/staging.aldeco.pt\/es\/wp-json\/wp\/v2\/product"}],"about":[{"href":"https:\/\/staging.aldeco.pt\/es\/wp-json\/wp\/v2\/types\/product"}],"version-history":[{"count":2,"href":"https:\/\/staging.aldeco.pt\/es\/wp-json\/wp\/v2\/product\/192624\/revisions"}],"predecessor-version":[{"id":203155,"href":"https:\/\/staging.aldeco.pt\/es\/wp-json\/wp\/v2\/product\/192624\/revisions\/203155"}],"wp:featuredmedia":[{"embeddable":true,"href":"https:\/\/staging.aldeco.pt\/es\/wp-json\/wp\/v2\/media\/161256"}],"wp:attachment":[{"href":"https:\/\/staging.aldeco.pt\/es\/wp-json\/wp\/v2\/media?parent=192624"}],"wp:term":[{"taxonomy":"product_brand","embeddable":true,"href":"https:\/\/staging.aldeco.pt\/es\/wp-json\/wp\/v2\/product_brand?post=192624"},{"taxonomy":"product_cat","embeddable":true,"href":"https:\/\/staging.aldeco.pt\/es\/wp-json\/wp\/v2\/product_cat?post=192624"},{"taxonomy":"product_tag","embeddable":true,"href":"https:\/\/staging.aldeco.pt\/es\/wp-json\/wp\/v2\/product_tag?post=192624"}],"curies":[{"name":"wp","href":"https:\/\/api.w.org\/{rel}","templated":true}]}}