{"id":192614,"date":"2024-05-09T20:44:52","date_gmt":"2024-05-09T20:44:52","guid":{"rendered":"https:\/\/aldeco.pt\/staging\/product\/la-vie\/"},"modified":"2024-08-29T14:45:31","modified_gmt":"2024-08-29T14:45:31","slug":"la-vie","status":"publish","type":"product","link":"https:\/\/staging.aldeco.pt\/es\/product\/la-vie\/","title":{"rendered":"LA VIE"},"content":{"rendered":"<p>LA VIE es un bordado exquisito con un dise\u00f1o \u00e9tnico abstracto que cobra vida a trav\u00e9s de formas minimalistas multicolores e intrincadas puntadas sobre un suave fondo de lino. Este tejido est\u00e1 inspirado en experiencias de diferentes viajes y culturas con la combinaci\u00f3n de motivos abstractos resultantes de la deconstrucci\u00f3n de los elementos m\u00e1s queridos de Veva: la Mariposa y el Cisne. Las ricas texturas combinadas con la geometr\u00eda de las formas dan como resultado un dise\u00f1o elegante que simboliza la metamorfosis y la elegancia; Es perfecto para espacios interiores modernos y contempor\u00e1neos.<\/p>\n","protected":false},"excerpt":{"rendered":"<p>LA VIE es un bordado exquisito con un dise\u00f1o \u00e9tnico abstracto que cobra vida a trav\u00e9s de formas minimalistas multicolores e intrincadas puntadas sobre un suave fondo de lino. Este tejido est\u00e1 inspirado en experiencias de diferentes viajes y culturas con la combinaci\u00f3n de motivos abstractos resultantes de la deconstrucci\u00f3n de los elementos m\u00e1s queridos de Veva: la Mariposa y el Cisne. Las ricas texturas combinadas con la geometr\u00eda de las formas dan como resultado un dise\u00f1o elegante que simboliza la metamorfosis y la elegancia; Es perfecto para espacios interiores modernos y contempor\u00e1neos.<\/p>\n<p>&nbsp;<\/p>\n<h2>LA VIE es un bordado exquisito con un dise\u00f1o \u00e9tnico abstracto que cobra vida a trav\u00e9s de formas minimalistas multicolores e intrincadas puntadas sobre un suave fondo de lino. Este tejido est\u00e1 inspirado en experiencias de diferentes viajes y culturas con la combinaci\u00f3n de motivos abstractos resultantes de la deconstrucci\u00f3n de los elementos m\u00e1s queridos de Veva: la Mariposa y el Cisne. Las ricas texturas combinadas con la geometr\u00eda de las formas dan como resultado un dise\u00f1o elegante que simboliza la metamorfosis y la elegancia; Es perfecto para espacios interiores modernos y contempor\u00e1neos.<\/h2>\n<p>&nbsp;<\/p>\n<p><img fetchpriority=\"high\" decoding=\"async\" class=\"alignnone wp-image-179721 size-medium\" src=\"https:\/\/aldeco.pt\/staging\/wp-content\/uploads\/2024\/01\/T192910001-5-300x200.jpg\" alt=\"La Vie - Aldeco\" width=\"300\" height=\"200\"><\/p>\n<p><a href=\"https:\/\/aldeco.pt\/staging\/product\/la-vie\/?attribute_pa_aldeco-color=01-retro-light\">https:\/\/aldeco.pt\/staging\/product\/la-vie\/?attribute_pa_aldeco-color=01-retro-light<\/a><\/p>\n<p><a href=\"https:\/\/www.instagram.com\/aldeco_interiorfabrics\/\">https:\/\/www.instagram.com\/aldeco_interiorfabrics\/<\/a><\/p>\n","protected":false},"featured_media":166100,"template":"","meta":[],"product_brand":[],"product_cat":[6146],"product_tag":[],"class_list":{"0":"post-192614","1":"product","2":"type-product","3":"status-publish","4":"has-post-thumbnail","6":"product_cat-aldeco-2-es","7":"pa_cleanability-8283","8":"pa_composition-ext-100-li-bordado-80-vi-20-pl-es","9":"pa_interior-fabrics-1-es","10":"pa_line-telas","11":"pa_lithfastness-4-es","12":"pa_outdoor-0-es","13":"pa_range-bordado-es","14":"pa_rapport-horizontal-64-es","15":"pa_rapport-vertical-59-es","16":"pa_sustainable-fabrics-1-es","19":"first","20":"instock","21":"purchasable","22":"product-type-variable"},"acf":[],"_links":{"self":[{"href":"https:\/\/staging.aldeco.pt\/es\/wp-json\/wp\/v2\/product\/192614","targetHints":{"allow":["GET"]}}],"collection":[{"href":"https:\/\/staging.aldeco.pt\/es\/wp-json\/wp\/v2\/product"}],"about":[{"href":"https:\/\/staging.aldeco.pt\/es\/wp-json\/wp\/v2\/types\/product"}],"version-history":[{"count":1,"href":"https:\/\/staging.aldeco.pt\/es\/wp-json\/wp\/v2\/product\/192614\/revisions"}],"predecessor-version":[{"id":199729,"href":"https:\/\/staging.aldeco.pt\/es\/wp-json\/wp\/v2\/product\/192614\/revisions\/199729"}],"wp:featuredmedia":[{"embeddable":true,"href":"https:\/\/staging.aldeco.pt\/es\/wp-json\/wp\/v2\/media\/166100"}],"wp:attachment":[{"href":"https:\/\/staging.aldeco.pt\/es\/wp-json\/wp\/v2\/media?parent=192614"}],"wp:term":[{"taxonomy":"product_brand","embeddable":true,"href":"https:\/\/staging.aldeco.pt\/es\/wp-json\/wp\/v2\/product_brand?post=192614"},{"taxonomy":"product_cat","embeddable":true,"href":"https:\/\/staging.aldeco.pt\/es\/wp-json\/wp\/v2\/product_cat?post=192614"},{"taxonomy":"product_tag","embeddable":true,"href":"https:\/\/staging.aldeco.pt\/es\/wp-json\/wp\/v2\/product_tag?post=192614"}],"curies":[{"name":"wp","href":"https:\/\/api.w.org\/{rel}","templated":true}]}}