{"id":192589,"date":"2024-05-09T20:41:21","date_gmt":"2024-05-09T20:41:21","guid":{"rendered":"https:\/\/aldeco.pt\/staging\/product\/kelly-fr\/"},"modified":"2024-08-29T14:45:35","modified_gmt":"2024-08-29T14:45:35","slug":"kelly-fr","status":"publish","type":"product","link":"https:\/\/staging.aldeco.pt\/es\/product\/kelly-fr\/","title":{"rendered":"KELLY FR"},"content":{"rendered":"<p>KELLY FR es un tejido de chenilla con un aspecto ligeramente difuminado adecuado para tapicer\u00eda con alta resistencia a la abrasi\u00f3n. Este tejido de tapicer\u00eda muy suave y elegante cumple con la norma REACH en cuanto a sostenibilidad y trazabilidad de sustancias qu\u00edmicas y la norma OEKO-TEX 100, no contiene sustancias nocivas para el medio ambiente. Es ign\u00edfugo certificado en varias normas y est\u00e1 disponible en 18 colores en una paleta muy variada.<\/p>\n","protected":false},"excerpt":{"rendered":"<p>KELLY FR es un tejido de chenilla con un aspecto ligeramente difuminado adecuado para tapicer\u00eda con alta resistencia a la abrasi\u00f3n. Este tejido de tapicer\u00eda muy suave y elegante cumple con la norma REACH en cuanto a sostenibilidad y trazabilidad de sustancias qu\u00edmicas y la norma OEKO-TEX 100, no contiene sustancias nocivas para el medio ambiente. Es ign\u00edfugo certificado en varias normas y est\u00e1 disponible en 18 colores en una paleta muy variada.<\/p>\n<h2>KELLY FR es un tejido de chenilla con un aspecto ligeramente difuminado adecuado para tapicer\u00eda con alta resistencia a la abrasi\u00f3n. Este tejido de tapicer\u00eda muy suave y elegante cumple con la norma REACH en cuanto a sostenibilidad y trazabilidad de sustancias qu\u00edmicas y la norma OEKO-TEX 100, no contiene sustancias nocivas para el medio ambiente. Es ign\u00edfugo certificado en varias normas y est\u00e1 disponible en 18 colores en una paleta muy variada.<\/h2>\n<p><img fetchpriority=\"high\" decoding=\"async\" class=\"alignnone wp-image-159206 size-medium\" src=\"https:\/\/aldeco.pt\/staging\/wp-content\/uploads\/2024\/05\/T193040017-300x200.jpg\" alt=\"Kelly FR - Aldeco\" width=\"300\" height=\"200\"><\/p>\n<p><a href=\"https:\/\/www.instagram.com\/aldeco_interiorfabrics\/\">https:\/\/www.instagram.com\/aldeco_interiorfabrics\/<\/a><\/p>\n<p><a href=\"https:\/\/aldeco.pt\/staging\/product\/kelly-fr\/?attribute_pa_aldeco-color=01-pure-white\">https:\/\/aldeco.pt\/staging\/product\/kelly-fr\/?attribute_pa_aldeco-color=01-pure-white<\/a><\/p>\n","protected":false},"featured_media":144721,"template":"","meta":[],"product_brand":[],"product_cat":[6146,6154,6152],"product_tag":[],"class_list":{"0":"post-192589","1":"product","2":"type-product","3":"status-publish","4":"has-post-thumbnail","6":"product_cat-aldeco-2-es","7":"product_cat-aldeco-smarter-es","8":"product_cat-contract-es","9":"pa_cleanability-8283","10":"pa_composition-ext-100-pl-es","11":"pa_contract-fabrics-1-es","12":"pa_interior-fabrics-1-es","13":"pa_line-telas","14":"pa_lithfastness-3-4-es","15":"pa_outdoor-0-es","16":"pa_range-chenilla","17":"pa_range-liso-es","18":"pa_special-treatments-fabrics-1-es","19":"pa_sustainable-fabrics-1-es","22":"first","23":"instock","24":"purchasable","25":"product-type-variable"},"acf":[],"_links":{"self":[{"href":"https:\/\/staging.aldeco.pt\/es\/wp-json\/wp\/v2\/product\/192589","targetHints":{"allow":["GET"]}}],"collection":[{"href":"https:\/\/staging.aldeco.pt\/es\/wp-json\/wp\/v2\/product"}],"about":[{"href":"https:\/\/staging.aldeco.pt\/es\/wp-json\/wp\/v2\/types\/product"}],"version-history":[{"count":1,"href":"https:\/\/staging.aldeco.pt\/es\/wp-json\/wp\/v2\/product\/192589\/revisions"}],"predecessor-version":[{"id":199731,"href":"https:\/\/staging.aldeco.pt\/es\/wp-json\/wp\/v2\/product\/192589\/revisions\/199731"}],"wp:featuredmedia":[{"embeddable":true,"href":"https:\/\/staging.aldeco.pt\/es\/wp-json\/wp\/v2\/media\/144721"}],"wp:attachment":[{"href":"https:\/\/staging.aldeco.pt\/es\/wp-json\/wp\/v2\/media?parent=192589"}],"wp:term":[{"taxonomy":"product_brand","embeddable":true,"href":"https:\/\/staging.aldeco.pt\/es\/wp-json\/wp\/v2\/product_brand?post=192589"},{"taxonomy":"product_cat","embeddable":true,"href":"https:\/\/staging.aldeco.pt\/es\/wp-json\/wp\/v2\/product_cat?post=192589"},{"taxonomy":"product_tag","embeddable":true,"href":"https:\/\/staging.aldeco.pt\/es\/wp-json\/wp\/v2\/product_tag?post=192589"}],"curies":[{"name":"wp","href":"https:\/\/api.w.org\/{rel}","templated":true}]}}