{"id":192523,"date":"2024-05-09T20:40:01","date_gmt":"2024-05-09T20:40:01","guid":{"rendered":"https:\/\/aldeco.pt\/staging\/product\/jenny\/"},"modified":"2024-10-07T09:42:27","modified_gmt":"2024-10-07T09:42:27","slug":"jenny","status":"publish","type":"product","link":"https:\/\/staging.aldeco.pt\/es\/product\/jenny\/","title":{"rendered":"JENNY"},"content":{"rendered":"<p>JENNY es un tejido ancho de m\u00e1s de 300 cm con un aspecto \u00e9tnico y muy natural como una amplia red. Este tejido est\u00e1 inspirado en el macram\u00e9 de origen africano y exalta la humanizaci\u00f3n, el trabajo manual y la artesan\u00eda como un oficio creativo que realza el valor est\u00e9tico de los materiales. Est\u00e1 disponible en 4 colores imprescindibles.<\/p>\n","protected":false},"excerpt":{"rendered":"<p>JENNY es un tejido ancho de m\u00e1s de 300 cm con un aspecto \u00e9tnico y muy natural como una amplia red. Este tejido est\u00e1 inspirado en el macram\u00e9 de origen africano y exalta la humanizaci\u00f3n, el trabajo manual y la artesan\u00eda como un oficio creativo que realza el valor est\u00e9tico de los materiales. Est\u00e1 disponible en 4 colores imprescindibles.<\/p>\n<h2>JENNY es un tejido ancho de m\u00e1s de 300 cm con un aspecto \u00e9tnico y muy natural como una amplia red. Este tejido est\u00e1 inspirado en el macram\u00e9 de origen africano y exalta la humanizaci\u00f3n, el trabajo manual y la artesan\u00eda como un oficio creativo que realza el valor est\u00e9tico de los materiales. Est\u00e1 disponible en 4 colores imprescindibles.<\/h2>\n<p><img fetchpriority=\"high\" decoding=\"async\" class=\"alignnone wp-image-92027 size-medium\" src=\"https:\/\/aldeco.pt\/staging\/wp-content\/uploads\/2024\/01\/T193000004-4-300x200.jpg\" alt=\"Jenny - Aldeco\" width=\"300\" height=\"200\" \/><\/p>\n<p><a href=\"https:\/\/www.instagram.com\/aldeco_interiorfabrics\/\">https:\/\/www.instagram.com\/aldeco_interiorfabrics\/<\/a><a href=\"https:\/\/aldeco.pt\/staging\/product\/jenny\/?attribute_pa_aldeco-color=01-natural-white\">https:\/\/aldeco.pt\/staging\/product\/jenny\/?attribute_pa_aldeco-color=01-natural-white<\/a><\/p>\n<p>&nbsp;<\/p>\n","protected":false},"featured_media":166092,"template":"","meta":[],"product_brand":[],"product_cat":[6146],"product_tag":[],"class_list":{"0":"post-192523","1":"product","2":"type-product","3":"status-publish","4":"has-post-thumbnail","6":"product_cat-aldeco-2-es","7":"pa_cleanability-8283","8":"pa_composition-ext-100-pl-es","9":"pa_interior-fabrics-1-es","10":"pa_line-telas","11":"pa_lithfastness-4-es","12":"pa_outdoor-0-es","13":"pa_range-malla","14":"pa_range-transparencias","15":"pa_rapport-horizontal-3-5-es","16":"pa_rapport-vertical-3-es","19":"first","20":"instock","21":"purchasable","22":"product-type-variable"},"acf":[],"_links":{"self":[{"href":"https:\/\/staging.aldeco.pt\/es\/wp-json\/wp\/v2\/product\/192523","targetHints":{"allow":["GET"]}}],"collection":[{"href":"https:\/\/staging.aldeco.pt\/es\/wp-json\/wp\/v2\/product"}],"about":[{"href":"https:\/\/staging.aldeco.pt\/es\/wp-json\/wp\/v2\/types\/product"}],"version-history":[{"count":3,"href":"https:\/\/staging.aldeco.pt\/es\/wp-json\/wp\/v2\/product\/192523\/revisions"}],"predecessor-version":[{"id":202091,"href":"https:\/\/staging.aldeco.pt\/es\/wp-json\/wp\/v2\/product\/192523\/revisions\/202091"}],"wp:featuredmedia":[{"embeddable":true,"href":"https:\/\/staging.aldeco.pt\/es\/wp-json\/wp\/v2\/media\/166092"}],"wp:attachment":[{"href":"https:\/\/staging.aldeco.pt\/es\/wp-json\/wp\/v2\/media?parent=192523"}],"wp:term":[{"taxonomy":"product_brand","embeddable":true,"href":"https:\/\/staging.aldeco.pt\/es\/wp-json\/wp\/v2\/product_brand?post=192523"},{"taxonomy":"product_cat","embeddable":true,"href":"https:\/\/staging.aldeco.pt\/es\/wp-json\/wp\/v2\/product_cat?post=192523"},{"taxonomy":"product_tag","embeddable":true,"href":"https:\/\/staging.aldeco.pt\/es\/wp-json\/wp\/v2\/product_tag?post=192523"}],"curies":[{"name":"wp","href":"https:\/\/api.w.org\/{rel}","templated":true}]}}