{"id":192513,"date":"2024-05-12T19:40:29","date_gmt":"2024-05-12T19:40:29","guid":{"rendered":"https:\/\/aldeco.pt\/staging\/product\/influence\/"},"modified":"2024-08-29T14:40:45","modified_gmt":"2024-08-29T14:40:45","slug":"influence","status":"publish","type":"product","link":"https:\/\/staging.aldeco.pt\/es\/product\/influence\/","title":{"rendered":"INFLUENCE"},"content":{"rendered":"<p>INFLUENCE es un tejido bordado con aspecto de lino que combina diferentes puntos bordados con el boucl\u00e9, dot\u00e1ndolo de una enorme tridimensionalidad. Su fondo escarpado y ligero contrasta con las formas geom\u00e9tricas del bordado, creando un ritmo equilibrado entre lo delicado y lo fren\u00e9tico de las formas, como la vida de Veva en los influyentes c\u00edrculos sociales que reun\u00edan a la cr\u00e8me de la cr\u00e8me de los fil\u00f3sofos y pensadores modernistas.<\/p>\n","protected":false},"excerpt":{"rendered":"<p>INFLUENCE es un tejido bordado con aspecto de lino que combina diferentes puntos bordados con el boucl\u00e9, dot\u00e1ndolo de una enorme tridimensionalidad. Su fondo escarpado y ligero contrasta con las formas geom\u00e9tricas del bordado, creando un ritmo equilibrado entre lo delicado y lo fren\u00e9tico de las formas, como la vida de Veva en los influyentes c\u00edrculos sociales que reun\u00edan a la cr\u00e8me de la cr\u00e8me de los fil\u00f3sofos y pensadores modernistas.<\/p>\n<p>&nbsp;<\/p>\n<h2>INFLUENCE es un tejido bordado con aspecto de lino que combina diferentes puntos bordados con el boucl\u00e9, dot\u00e1ndolo de una enorme tridimensionalidad. Su fondo escarpado y ligero contrasta con las formas geom\u00e9tricas del bordado, creando un ritmo equilibrado entre lo delicado y lo fren\u00e9tico de las formas, como la vida de Veva en los influyentes c\u00edrculos sociales que reun\u00edan a la cr\u00e8me de la cr\u00e8me de los fil\u00f3sofos y pensadores modernistas.<\/h2>\n<p>&nbsp;<\/p>\n<p><img fetchpriority=\"high\" decoding=\"async\" class=\"alignnone wp-image-176932 size-medium\" src=\"https:\/\/aldeco.pt\/staging\/wp-content\/uploads\/2024\/01\/T192950001-3-300x200.jpg\" alt=\"Influence - Aldeco\" width=\"300\" height=\"200\"><\/p>\n<p><a href=\"https:\/\/www.instagram.com\/aldeco_interiorfabrics\/\">https:\/\/www.instagram.com\/aldeco_interiorfabrics\/<\/a><\/p>\n<p><a href=\"https:\/\/aldeco.pt\/staging\/product\/influence\/?attribute_pa_aldeco-color=01-natural-white\">https:\/\/aldeco.pt\/staging\/product\/influence\/?attribute_pa_aldeco-color=01-natural-white<\/a><\/p>\n","protected":false},"featured_media":161252,"template":"","meta":[],"product_brand":[],"product_cat":[6146],"product_tag":[],"class_list":{"0":"post-192513","1":"product","2":"type-product","3":"status-publish","4":"has-post-thumbnail","6":"product_cat-aldeco-2-es","7":"pa_cleanability-8283","8":"pa_composition-ext-63-co-37-pl-bordado-100-pc-es","9":"pa_interior-fabrics-1-es","10":"pa_line-telas","11":"pa_lithfastness-4-es","12":"pa_outdoor-0-es","13":"pa_range-bordado-es","14":"pa_range-boucle-es","15":"pa_range-transparencias","16":"pa_rapport-horizontal-69-5-es","17":"pa_rapport-vertical-59-es","18":"pa_sustainable-fabrics-1-es","21":"first","22":"instock","23":"purchasable","24":"product-type-variable"},"acf":[],"_links":{"self":[{"href":"https:\/\/staging.aldeco.pt\/es\/wp-json\/wp\/v2\/product\/192513","targetHints":{"allow":["GET"]}}],"collection":[{"href":"https:\/\/staging.aldeco.pt\/es\/wp-json\/wp\/v2\/product"}],"about":[{"href":"https:\/\/staging.aldeco.pt\/es\/wp-json\/wp\/v2\/types\/product"}],"version-history":[{"count":1,"href":"https:\/\/staging.aldeco.pt\/es\/wp-json\/wp\/v2\/product\/192513\/revisions"}],"predecessor-version":[{"id":199711,"href":"https:\/\/staging.aldeco.pt\/es\/wp-json\/wp\/v2\/product\/192513\/revisions\/199711"}],"wp:featuredmedia":[{"embeddable":true,"href":"https:\/\/staging.aldeco.pt\/es\/wp-json\/wp\/v2\/media\/161252"}],"wp:attachment":[{"href":"https:\/\/staging.aldeco.pt\/es\/wp-json\/wp\/v2\/media?parent=192513"}],"wp:term":[{"taxonomy":"product_brand","embeddable":true,"href":"https:\/\/staging.aldeco.pt\/es\/wp-json\/wp\/v2\/product_brand?post=192513"},{"taxonomy":"product_cat","embeddable":true,"href":"https:\/\/staging.aldeco.pt\/es\/wp-json\/wp\/v2\/product_cat?post=192513"},{"taxonomy":"product_tag","embeddable":true,"href":"https:\/\/staging.aldeco.pt\/es\/wp-json\/wp\/v2\/product_tag?post=192513"}],"curies":[{"name":"wp","href":"https:\/\/api.w.org\/{rel}","templated":true}]}}