{"id":192509,"date":"2024-05-09T20:37:50","date_gmt":"2024-05-09T20:37:50","guid":{"rendered":"https:\/\/aldeco.pt\/staging\/product\/indigene-fr\/"},"modified":"2024-10-01T10:46:21","modified_gmt":"2024-10-01T10:46:21","slug":"indigene-fr","status":"publish","type":"product","link":"https:\/\/staging.aldeco.pt\/es\/product\/indigene-fr\/","title":{"rendered":"INDIG\u00c8NE FR"},"content":{"rendered":"<p>Indig\u00e8ne FR es una incre\u00edble tela jacquard inspirada en las comunidades ind\u00edgenas africanas y en el uso de patrones geom\u00e9tricos simb\u00f3licos en tonos terrosos y c\u00e1lidos. Viaja por las sabanas africanas con este tejido de aspecto natural y sencillamente irresistible, que se puede coordinar f\u00e1cilmente con el resto de la paleta y texturas de la colecci\u00f3n.<\/p>\n","protected":false},"excerpt":{"rendered":"<p>Indig\u00e8ne FR es una incre\u00edble tela jacquard inspirada en las comunidades ind\u00edgenas africanas y en el uso de patrones geom\u00e9tricos simb\u00f3licos en tonos terrosos y c\u00e1lidos. Viaja por las sabanas africanas con este tejido de aspecto natural y sencillamente irresistible, que se puede coordinar f\u00e1cilmente con el resto de la paleta y texturas de la colecci\u00f3n.<\/p>\n<h2>Indig\u00e8ne FR es una incre\u00edble tela jacquard inspirada en las comunidades ind\u00edgenas africanas y en el uso de patrones geom\u00e9tricos simb\u00f3licos en tonos terrosos y c\u00e1lidos. Viaja por las sabanas africanas con este tejido de aspecto natural y sencillamente irresistible, que se puede coordinar f\u00e1cilmente con el resto de la paleta y texturas de la colecci\u00f3n.<\/h2>\n<p>&nbsp;<\/p>\n<p><img fetchpriority=\"high\" decoding=\"async\" class=\"alignnone wp-image-176716 size-medium\" src=\"https:\/\/aldeco.pt\/staging\/wp-content\/uploads\/2024\/01\/T193010002-3-300x200.jpg\" alt=\"Indig\u00e8ne FR - Aldeco\" width=\"300\" height=\"200\" \/><\/p>\n<p><a href=\"https:\/\/aldeco.pt\/staging\/product\/indigene-fr\/?attribute_pa_aldeco-color=01-natural-hues\">https:\/\/aldeco.pt\/staging\/product\/indigene-fr\/?attribute_pa_aldeco-color=01-natural-hues<\/a><\/p>\n<p><a href=\"https:\/\/www.instagram.com\/aldeco_interiorfabrics\/\">https:\/\/www.instagram.com\/aldeco_interiorfabrics\/<\/a><\/p>\n","protected":false},"featured_media":169295,"template":"","meta":[],"product_brand":[],"product_cat":[6146,6152],"product_tag":[],"class_list":{"0":"post-192509","1":"product","2":"type-product","3":"status-publish","4":"has-post-thumbnail","6":"product_cat-aldeco-2-es","7":"product_cat-contract-es","8":"pa_cleanability-8283","9":"pa_composition-ext-48-co-20-pl-15-li-12-vi-2-pc-2-wo-1-pa-es","10":"pa_contract-fabrics-1-es","11":"pa_interior-fabrics-1-es","12":"pa_line-telas","13":"pa_lithfastness-4-5-es","14":"pa_outdoor-0-es","15":"pa_range-jacquard-es","16":"pa_rapport-horizontal-16-5-es","17":"pa_rapport-vertical-33-es","18":"pa_special-treatments-fabrics-1-es","21":"first","22":"instock","23":"purchasable","24":"product-type-variable"},"acf":[],"_links":{"self":[{"href":"https:\/\/staging.aldeco.pt\/es\/wp-json\/wp\/v2\/product\/192509","targetHints":{"allow":["GET"]}}],"collection":[{"href":"https:\/\/staging.aldeco.pt\/es\/wp-json\/wp\/v2\/product"}],"about":[{"href":"https:\/\/staging.aldeco.pt\/es\/wp-json\/wp\/v2\/types\/product"}],"version-history":[{"count":2,"href":"https:\/\/staging.aldeco.pt\/es\/wp-json\/wp\/v2\/product\/192509\/revisions"}],"predecessor-version":[{"id":201228,"href":"https:\/\/staging.aldeco.pt\/es\/wp-json\/wp\/v2\/product\/192509\/revisions\/201228"}],"wp:featuredmedia":[{"embeddable":true,"href":"https:\/\/staging.aldeco.pt\/es\/wp-json\/wp\/v2\/media\/169295"}],"wp:attachment":[{"href":"https:\/\/staging.aldeco.pt\/es\/wp-json\/wp\/v2\/media?parent=192509"}],"wp:term":[{"taxonomy":"product_brand","embeddable":true,"href":"https:\/\/staging.aldeco.pt\/es\/wp-json\/wp\/v2\/product_brand?post=192509"},{"taxonomy":"product_cat","embeddable":true,"href":"https:\/\/staging.aldeco.pt\/es\/wp-json\/wp\/v2\/product_cat?post=192509"},{"taxonomy":"product_tag","embeddable":true,"href":"https:\/\/staging.aldeco.pt\/es\/wp-json\/wp\/v2\/product_tag?post=192509"}],"curies":[{"name":"wp","href":"https:\/\/api.w.org\/{rel}","templated":true}]}}