{"id":192485,"date":"2024-05-09T20:31:50","date_gmt":"2024-05-09T20:31:50","guid":{"rendered":"https:\/\/aldeco.pt\/staging\/product\/haut-desert-fr\/"},"modified":"2024-08-29T14:45:57","modified_gmt":"2024-08-29T14:45:57","slug":"haut-desert-fr","status":"publish","type":"product","link":"https:\/\/staging.aldeco.pt\/es\/product\/haut-desert-fr\/","title":{"rendered":"HAUT D\u00c9SERT FR"},"content":{"rendered":"<p>Haut D\u00e9sert es un tejido jacquard satinado que representa un ritmo din\u00e1mico y armonioso, casi como una partitura musical. Sus elementos gr\u00e1ficos geom\u00e9tricos inspirados en la repetici\u00f3n del tri\u00e1ngulo representan la conexi\u00f3n con la tierra en un momento de continua creaci\u00f3n ancestral. El motivo piramidal est\u00e1 muy presente en este tejido, invocando los viajes egipcios, contrastando con la elegancia del sat\u00e9n como material noble. Est\u00e1 disponible en 6 tonalidades muy naturales.<\/p>\n","protected":false},"excerpt":{"rendered":"<p>Haut D\u00e9sert es un tejido jacquard satinado que representa un ritmo din\u00e1mico y armonioso, casi como una partitura musical. Sus elementos gr\u00e1ficos geom\u00e9tricos inspirados en la repetici\u00f3n del tri\u00e1ngulo representan la conexi\u00f3n con la tierra en un momento de continua creaci\u00f3n ancestral. El motivo piramidal est\u00e1 muy presente en este tejido, invocando los viajes egipcios, contrastando con la elegancia del sat\u00e9n como material noble. Est\u00e1 disponible en 6 tonalidades muy naturales.<\/p>\n<h2>Haut D\u00e9sert es un tejido jacquard satinado que representa un ritmo din\u00e1mico y armonioso, casi como una partitura musical. Sus elementos gr\u00e1ficos geom\u00e9tricos inspirados en la repetici\u00f3n del tri\u00e1ngulo representan la conexi\u00f3n con la tierra en un momento de continua creaci\u00f3n ancestral. El motivo piramidal est\u00e1 muy presente en este tejido, invocando los viajes egipcios, contrastando con la elegancia del sat\u00e9n como material noble. Est\u00e1 disponible en 6 tonalidades muy naturales.<\/h2>\n<p><img fetchpriority=\"high\" decoding=\"async\" class=\"alignnone wp-image-88095 size-medium\" src=\"https:\/\/aldeco.pt\/staging\/wp-content\/uploads\/2024\/01\/T193020006-3-300x200.jpg\" alt=\"Haut D\u00e9sert FR - Aldeco\" width=\"300\" height=\"200\"><\/p>\n<p>&nbsp;<\/p>\n<p><a href=\"https:\/\/www.instagram.com\/aldeco_interiorfabrics\/\">https:\/\/www.instagram.com\/aldeco_interiorfabrics\/<\/a><\/p>\n<p><a href=\"https:\/\/aldeco.pt\/staging\/product\/haut-desert-fr\/?attribute_pa_aldeco-color=01-linen-shades\">https:\/\/aldeco.pt\/staging\/product\/haut-desert-fr\/?attribute_pa_aldeco-color=01-linen-shades<\/a><\/p>\n<p>&nbsp;<\/p>\n","protected":false},"featured_media":144571,"template":"","meta":[],"product_brand":[],"product_cat":[6146,6152],"product_tag":[],"class_list":{"0":"post-192485","1":"product","2":"type-product","3":"status-publish","4":"has-post-thumbnail","6":"product_cat-aldeco-2-es","7":"product_cat-contract-es","8":"pa_cleanability-8283","9":"pa_composition-ext-62-pl-19-co-13-vi-6-li-es","10":"pa_contract-fabrics-1-es","11":"pa_interior-fabrics-1-es","12":"pa_line-telas","13":"pa_lithfastness-4-es","14":"pa_outdoor-0-es","15":"pa_range-jacquard-es","16":"pa_rapport-horizontal-3-5-es","17":"pa_rapport-vertical-3-es","18":"pa_special-treatments-fabrics-1-es","21":"first","22":"instock","23":"purchasable","24":"product-type-variable"},"acf":[],"_links":{"self":[{"href":"https:\/\/staging.aldeco.pt\/es\/wp-json\/wp\/v2\/product\/192485","targetHints":{"allow":["GET"]}}],"collection":[{"href":"https:\/\/staging.aldeco.pt\/es\/wp-json\/wp\/v2\/product"}],"about":[{"href":"https:\/\/staging.aldeco.pt\/es\/wp-json\/wp\/v2\/types\/product"}],"version-history":[{"count":1,"href":"https:\/\/staging.aldeco.pt\/es\/wp-json\/wp\/v2\/product\/192485\/revisions"}],"predecessor-version":[{"id":199733,"href":"https:\/\/staging.aldeco.pt\/es\/wp-json\/wp\/v2\/product\/192485\/revisions\/199733"}],"wp:featuredmedia":[{"embeddable":true,"href":"https:\/\/staging.aldeco.pt\/es\/wp-json\/wp\/v2\/media\/144571"}],"wp:attachment":[{"href":"https:\/\/staging.aldeco.pt\/es\/wp-json\/wp\/v2\/media?parent=192485"}],"wp:term":[{"taxonomy":"product_brand","embeddable":true,"href":"https:\/\/staging.aldeco.pt\/es\/wp-json\/wp\/v2\/product_brand?post=192485"},{"taxonomy":"product_cat","embeddable":true,"href":"https:\/\/staging.aldeco.pt\/es\/wp-json\/wp\/v2\/product_cat?post=192485"},{"taxonomy":"product_tag","embeddable":true,"href":"https:\/\/staging.aldeco.pt\/es\/wp-json\/wp\/v2\/product_tag?post=192485"}],"curies":[{"name":"wp","href":"https:\/\/api.w.org\/{rel}","templated":true}]}}