{"id":192455,"date":"2024-05-09T20:27:14","date_gmt":"2024-05-09T20:27:14","guid":{"rendered":"https:\/\/aldeco.pt\/staging\/product\/grace-water-repellent-fr\/"},"modified":"2024-10-07T11:42:23","modified_gmt":"2024-10-07T11:42:23","slug":"grace-water-repellent-fr","status":"publish","type":"product","link":"https:\/\/staging.aldeco.pt\/es\/product\/grace-water-repellent-fr\/","title":{"rendered":"GRACE WATER REPELLENT FR"},"content":{"rendered":"<p>GRACE WATER REPELLENT FR es una chenilla apto para tapicer\u00eda con alta resistencia a la abrasi\u00f3n. Este tejido de tapicer\u00eda cuenta con un tratamiento repelente a agua para un mayor rendimiento y un f\u00e1cil mantenimiento, cumple con la norma REACH en cuanto a sostenibilidad y trazabilidad de sustancias qu\u00edmicas. Es ign\u00edfugo certificado en varias normas y est\u00e1 disponible en 16 colores muy de moda.<\/p>\n","protected":false},"excerpt":{"rendered":"<p>GRACE WATER REPELLENT FR es una chenilla apto para tapicer\u00eda con alta resistencia a la abrasi\u00f3n. Este tejido de tapicer\u00eda cuenta con un tratamiento repelente a agua para un mayor rendimiento y un f\u00e1cil mantenimiento, cumple con la norma REACH en cuanto a sostenibilidad y trazabilidad de sustancias qu\u00edmicas. Es ign\u00edfugo certificado en varias normas y est\u00e1 disponible en 16 colores muy de moda.<\/p>\n<h2>GRACE WATER REPELLENT FR es una chenilla apto para tapicer\u00eda con alta resistencia a la abrasi\u00f3n. Este tejido de tapicer\u00eda cuenta con un tratamiento repelente a agua para un mayor rendimiento y un f\u00e1cil mantenimiento, cumple con la norma REACH en cuanto a sostenibilidad y trazabilidad de sustancias qu\u00edmicas. Es ign\u00edfugo certificado en varias normas y est\u00e1 disponible en 16 colores muy de moda.<\/h2>\n<p><img fetchpriority=\"high\" decoding=\"async\" class=\"alignnone wp-image-158956 size-medium\" src=\"https:\/\/aldeco.pt\/staging\/wp-content\/uploads\/2024\/05\/T192810016-300x200.jpg\" alt=\"Grace Water Repellent FR - Aldeco\" width=\"300\" height=\"200\" \/><\/p>\n<p><a href=\"https:\/\/www.instagram.com\/aldeco_interiorfabrics\/\">https:\/\/www.instagram.com\/aldeco_interiorfabrics\/<\/a><\/p>\n<p><a href=\"https:\/\/aldeco.pt\/staging\/product\/grace-water-repellent-fr\/?attribute_pa_aldeco-color=01-natural-white\">https:\/\/aldeco.pt\/staging\/product\/grace-water-repellent-fr\/?attribute_pa_aldeco-color=01-natural-white<\/a><\/p>\n","protected":false},"featured_media":158954,"template":"","meta":[],"product_brand":[],"product_cat":[6146,6154,6152],"product_tag":[],"class_list":{"0":"post-192455","1":"product","2":"type-product","3":"status-publish","4":"has-post-thumbnail","6":"product_cat-aldeco-2-es","7":"product_cat-aldeco-smarter-es","8":"product_cat-contract-es","9":"pa_cleanability-8283","10":"pa_composition-ext-100-pl-es","11":"pa_contract-fabrics-1-es","12":"pa_interior-fabrics-1-es","13":"pa_line-telas","14":"pa_lithfastness-5-es","15":"pa_outdoor-0-es","16":"pa_range-chenilla","17":"pa_range-liso-es","18":"pa_special-treatments-fabrics-1-es","19":"pa_sustainable-fabrics-1-es","22":"first","23":"instock","24":"purchasable","25":"product-type-variable"},"acf":[],"_links":{"self":[{"href":"https:\/\/staging.aldeco.pt\/es\/wp-json\/wp\/v2\/product\/192455","targetHints":{"allow":["GET"]}}],"collection":[{"href":"https:\/\/staging.aldeco.pt\/es\/wp-json\/wp\/v2\/product"}],"about":[{"href":"https:\/\/staging.aldeco.pt\/es\/wp-json\/wp\/v2\/types\/product"}],"version-history":[{"count":2,"href":"https:\/\/staging.aldeco.pt\/es\/wp-json\/wp\/v2\/product\/192455\/revisions"}],"predecessor-version":[{"id":202122,"href":"https:\/\/staging.aldeco.pt\/es\/wp-json\/wp\/v2\/product\/192455\/revisions\/202122"}],"wp:featuredmedia":[{"embeddable":true,"href":"https:\/\/staging.aldeco.pt\/es\/wp-json\/wp\/v2\/media\/158954"}],"wp:attachment":[{"href":"https:\/\/staging.aldeco.pt\/es\/wp-json\/wp\/v2\/media?parent=192455"}],"wp:term":[{"taxonomy":"product_brand","embeddable":true,"href":"https:\/\/staging.aldeco.pt\/es\/wp-json\/wp\/v2\/product_brand?post=192455"},{"taxonomy":"product_cat","embeddable":true,"href":"https:\/\/staging.aldeco.pt\/es\/wp-json\/wp\/v2\/product_cat?post=192455"},{"taxonomy":"product_tag","embeddable":true,"href":"https:\/\/staging.aldeco.pt\/es\/wp-json\/wp\/v2\/product_tag?post=192455"}],"curies":[{"name":"wp","href":"https:\/\/api.w.org\/{rel}","templated":true}]}}