{"id":191849,"date":"2024-05-09T19:53:58","date_gmt":"2024-05-09T19:53:58","guid":{"rendered":"https:\/\/aldeco.pt\/staging\/product\/daydreaming-wlb\/"},"modified":"2024-08-29T14:48:17","modified_gmt":"2024-08-29T14:48:17","slug":"daydreaming-wlb","status":"publish","type":"product","link":"https:\/\/staging.aldeco.pt\/es\/product\/daydreaming-wlb\/","title":{"rendered":"DAYDREAMING WLB"},"content":{"rendered":"<p>Esta tela para visillos tiene una transparencia texturizada con un aspecto muy natural y verdaderamente suave. Este lino mixto 60% poli\u00e9ster y 40% lino tiene como principales ventajas ofrecer un aspecto muy distintivo, similar a un tejido 100% lino, muy ligero y elegante, pero sin los inconvenientes inherentes a esta fibra natural, ya que es resistente a la luz. y se lava, no encoge como las opciones 100% lino y tiene una apariencia m\u00e1s suave. Es una transparencia muy elegante, de aspecto y textura muy ligera y nebulosa, de 320 cm de ancho y con plomo ecol\u00f3gico. La forma en que cae esta tela es absolutamente tentadora. Disponible en 2 colores para representar los tonos naturales del lino: blanco natural y blanco hueso.<\/p>\n","protected":false},"excerpt":{"rendered":"<p>Esta tela de cortina tiene una transparencia texturizada con un aspecto natural que se asemeja a un lino muy ligero y suave. Una elegante cortina de 320 cm de ancho que tiene una belleza cruda inherente al lino, con un tacto suave y nublado. La forma en que cae es especialmente tentadora.<br \/>\nLa grandeza de esta tela es que parece muy natural, a pesar de ser una mezcla de poli\u00e9ster y lino, lo que la hace m\u00e1s resistente al lavado y m\u00e1s recta cuando se lava y se plancha. Optamos por 2 colores brillantes para representar los tonos naturales del lino.<br \/>\nEsta encantadora tela est\u00e1 disponible con Banda de Plomo Eco.<\/p>\n<h2>Daydreaming Wlb, esta tela para visillos tiene una transparencia texturizada con un aspecto muy natural y verdaderamente suave. Una elegante cortina de 320 cm de ancho que tiene una belleza cruda inherente al lino, con un tacto suave y nublado. La forma en que cae es especialmente tentadora.<br \/>\nLa grandeza de esta tela es que parece muy natural, a pesar de ser una mezcla de poli\u00e9ster y lino, lo que la hace m\u00e1s resistente al lavado y m\u00e1s recta cuando se lava y se plancha. Optamos por 2 colores brillantes para representar los tonos naturales del lino.<br \/>\nEsta encantadora tela est\u00e1 disponible con Banda de Plomo Eco.<\/h2>\n<p><img fetchpriority=\"high\" decoding=\"async\" class=\"alignnone wp-image-191842 size-medium\" src=\"https:\/\/aldeco.pt\/staging\/wp-content\/uploads\/2024\/01\/T191990001-4-300x225.jpg\" alt=\"Daydreaming Wlb - Aldeco\" width=\"300\" height=\"225\"><\/p>\n<p><a href=\"https:\/\/aldeco.pt\/staging\/pt-pt\/product\/daydreaming-wlb\/?attribute_pa_aldeco-color=01-pure-white-pt-pt\">https:\/\/aldeco.pt\/staging\/pt-pt\/product\/daydreaming-wlb\/?attribute_pa_aldeco-color=01-pure-white-pt-pt<\/a><\/p>\n<p><a href=\"https:\/\/www.instagram.com\/aldeco_interiorfabrics\/\">https:\/\/www.instagram.com\/aldeco_interiorfabrics\/<\/a><\/p>\n","protected":false},"featured_media":155175,"template":"","meta":[],"product_brand":[],"product_cat":[6154],"product_tag":[],"class_list":{"0":"post-191849","1":"product","2":"type-product","3":"status-publish","4":"has-post-thumbnail","6":"product_cat-aldeco-smarter-es","7":"pa_cleanability-8283","8":"pa_composition-ext-60-pl-40-li-es","9":"pa_interior-fabrics-1-es","10":"pa_line-telas","11":"pa_lithfastness-5-es","12":"pa_outdoor-0-es","13":"pa_range-liso-es","14":"pa_range-transparencias","17":"first","18":"instock","19":"purchasable","20":"product-type-variable"},"acf":[],"_links":{"self":[{"href":"https:\/\/staging.aldeco.pt\/es\/wp-json\/wp\/v2\/product\/191849","targetHints":{"allow":["GET"]}}],"collection":[{"href":"https:\/\/staging.aldeco.pt\/es\/wp-json\/wp\/v2\/product"}],"about":[{"href":"https:\/\/staging.aldeco.pt\/es\/wp-json\/wp\/v2\/types\/product"}],"version-history":[{"count":1,"href":"https:\/\/staging.aldeco.pt\/es\/wp-json\/wp\/v2\/product\/191849\/revisions"}],"predecessor-version":[{"id":192348,"href":"https:\/\/staging.aldeco.pt\/es\/wp-json\/wp\/v2\/product\/191849\/revisions\/192348"}],"wp:featuredmedia":[{"embeddable":true,"href":"https:\/\/staging.aldeco.pt\/es\/wp-json\/wp\/v2\/media\/155175"}],"wp:attachment":[{"href":"https:\/\/staging.aldeco.pt\/es\/wp-json\/wp\/v2\/media?parent=191849"}],"wp:term":[{"taxonomy":"product_brand","embeddable":true,"href":"https:\/\/staging.aldeco.pt\/es\/wp-json\/wp\/v2\/product_brand?post=191849"},{"taxonomy":"product_cat","embeddable":true,"href":"https:\/\/staging.aldeco.pt\/es\/wp-json\/wp\/v2\/product_cat?post=191849"},{"taxonomy":"product_tag","embeddable":true,"href":"https:\/\/staging.aldeco.pt\/es\/wp-json\/wp\/v2\/product_tag?post=191849"}],"curies":[{"name":"wp","href":"https:\/\/api.w.org\/{rel}","templated":true}]}}