{"id":191360,"date":"2024-05-28T16:14:48","date_gmt":"2024-05-28T16:14:48","guid":{"rendered":"https:\/\/aldeco.pt\/staging\/product\/linus\/"},"modified":"2024-08-29T14:40:35","modified_gmt":"2024-08-29T14:40:35","slug":"linus","status":"publish","type":"product","link":"https:\/\/staging.aldeco.pt\/es\/product\/linus\/","title":{"rendered":"LINUS"},"content":{"rendered":"<p>Texturizada y opaca con un aspecto magn\u00edfico y un ancho de 300 cm. 100% poli\u00e9ster y disponible en 25 colores. Tambi\u00e9n presentamos esta tela en una versi\u00f3n ign\u00edfuga con certificaci\u00f3n equivalente a M1\/B1\/BS\/AO7 CREW \/ IMO.<\/p>\n","protected":false},"excerpt":{"rendered":"<p>Texturizada y opaca con un aspecto magn\u00edfico y un ancho de 300 cm. 100% poli\u00e9ster y disponible en 25 colores. Tambi\u00e9n presentamos esta tela en una versi\u00f3n ign\u00edfuga con certificaci\u00f3n equivalente a M1\/B1\/BS\/AO7 CREW \/ IMO.<\/p>\n<h2>LINUS es una tela texturizada y opaca con un aspecto magn\u00edfico y un ancho de 300 cm. 100% poli\u00e9ster y disponible en 25 colores. Tambi\u00e9n presentamos esta tela en una versi\u00f3n ign\u00edfuga con certificaci\u00f3n equivalente a M1\/B1\/BS\/AO7 CREW \/ IMO.<\/h2>\n<p><a href=\"https:\/\/aldeco.pt\/staging\/product\/linus\/?attribute_pa_aldeco-color=01-snow-white\">https:\/\/aldeco.pt\/staging\/product\/linus\/?attribute_pa_aldeco-color=01-snow-white<\/a><\/p>\n<p><a href=\"https:\/\/www.instagram.com\/aldeco_interiorfabrics\/\">https:\/\/www.instagram.com\/aldeco_interiorfabrics\/<\/a><\/p>\n<p><a href=\"https:\/\/www.facebook.com\/aldecointeriorfabrics\/\">https:\/\/www.facebook.com\/aldecointeriorfabrics\/<\/a><\/p>\n<p><a href=\"https:\/\/www.linkedin.com\/company\/aldeco-interior-fabrics\/\">https:\/\/www.linkedin.com\/company\/aldeco-interior-fabrics\/<\/a><\/p>\n<p><a href=\"https:\/\/pt.pinterest.com\/aldecointeriorf\/\">https:\/\/pt.pinterest.com\/aldecointeriorf\/<\/a><\/p>\n<p><a href=\"https:\/\/twitter.com\/Aldecoifabrics\">https:\/\/twitter.com\/Aldecoifabrics<\/a><\/p>\n<p><a href=\"https:\/\/www.tiktok.com\/@aldeco.interiorfabrics\">https:\/\/www.tiktok.com\/@aldeco.interiorfabrics<\/a><\/p>\n<p><a href=\"https:\/\/issuu.com\/aldecointeriorfabrics\">https:\/\/issuu.com\/aldecointeriorfabrics<\/a><\/p>\n<p><img fetchpriority=\"high\" decoding=\"async\" class=\"alignnone wp-image-162278 size-medium\" src=\"https:\/\/aldeco.pt\/staging\/wp-content\/uploads\/2024\/05\/T019900016-300x240.jpg\" alt=\"Linus - Aldeco\" width=\"300\" height=\"240\"><\/p>\n<p>&nbsp;<\/p>\n","protected":false},"featured_media":162253,"template":"","meta":[],"product_brand":[],"product_cat":[6146],"product_tag":[],"class_list":{"0":"post-191360","1":"product","2":"type-product","3":"status-publish","4":"has-post-thumbnail","6":"product_cat-aldeco-2-es","7":"pa_cleanability-8283","8":"pa_composition-ext-100-pl-es","9":"pa_interior-fabrics-1-es","10":"pa_line-telas","11":"pa_lithfastness-4-5-es-2","12":"pa_range-liso-es","15":"first","16":"instock","17":"shipping-taxable","18":"purchasable","19":"product-type-variable"},"acf":[],"_links":{"self":[{"href":"https:\/\/staging.aldeco.pt\/es\/wp-json\/wp\/v2\/product\/191360","targetHints":{"allow":["GET"]}}],"collection":[{"href":"https:\/\/staging.aldeco.pt\/es\/wp-json\/wp\/v2\/product"}],"about":[{"href":"https:\/\/staging.aldeco.pt\/es\/wp-json\/wp\/v2\/types\/product"}],"version-history":[{"count":1,"href":"https:\/\/staging.aldeco.pt\/es\/wp-json\/wp\/v2\/product\/191360\/revisions"}],"predecessor-version":[{"id":199706,"href":"https:\/\/staging.aldeco.pt\/es\/wp-json\/wp\/v2\/product\/191360\/revisions\/199706"}],"wp:featuredmedia":[{"embeddable":true,"href":"https:\/\/staging.aldeco.pt\/es\/wp-json\/wp\/v2\/media\/162253"}],"wp:attachment":[{"href":"https:\/\/staging.aldeco.pt\/es\/wp-json\/wp\/v2\/media?parent=191360"}],"wp:term":[{"taxonomy":"product_brand","embeddable":true,"href":"https:\/\/staging.aldeco.pt\/es\/wp-json\/wp\/v2\/product_brand?post=191360"},{"taxonomy":"product_cat","embeddable":true,"href":"https:\/\/staging.aldeco.pt\/es\/wp-json\/wp\/v2\/product_cat?post=191360"},{"taxonomy":"product_tag","embeddable":true,"href":"https:\/\/staging.aldeco.pt\/es\/wp-json\/wp\/v2\/product_tag?post=191360"}],"curies":[{"name":"wp","href":"https:\/\/api.w.org\/{rel}","templated":true}]}}