{"id":191334,"date":"2024-05-28T16:54:06","date_gmt":"2024-05-28T16:54:06","guid":{"rendered":"https:\/\/aldeco.pt\/staging\/product\/linus-fr\/"},"modified":"2024-08-29T14:40:34","modified_gmt":"2024-08-29T14:40:34","slug":"linus-fr","status":"publish","type":"product","link":"https:\/\/staging.aldeco.pt\/es\/product\/linus-fr\/","title":{"rendered":"LINUS FR"},"content":{"rendered":"<p>LINUS FR es una ela texturizada y opaca con un aspecto magn\u00edfico y un ancho de 300 cm. 100% poli\u00e9ster y disponible en 25 colores. Tambi\u00e9n presentamos esta tela en una versi\u00f3n ign\u00edfuga con certificaci\u00f3n equivalente a M1\/B1\/BS\/AO7 CREW \/ IMO.<\/p>\n","protected":false},"excerpt":{"rendered":"<p>LINUS FR es una ela texturizada y opaca con un aspecto magn\u00edfico y un ancho de 300 cm. 100% poli\u00e9ster y disponible en 25 colores. Tambi\u00e9n presentamos esta tela en una versi\u00f3n ign\u00edfuga con certificaci\u00f3n equivalente a M1\/B1\/BS\/AO7 CREW \/ IMO.<\/p>\n<h2>LINUS FR es una ela texturizada y opaca con un aspecto magn\u00edfico y un ancho de 300 cm. 100% poli\u00e9ster y disponible en 25 colores. Tambi\u00e9n presentamos esta tela en una versi\u00f3n ign\u00edfuga con certificaci\u00f3n equivalente a M1\/B1\/BS\/AO7 CREW \/ IMO.<\/h2>\n<p><img decoding=\"async\" class=\"alignnone wp-image-162325\" src=\"https:\/\/aldeco.pt\/staging\/wp-content\/uploads\/2024\/05\/T019900005-300x240.jpg\" alt=\"Linus Fr - Aldeco\" width=\"163\" height=\"130\"><\/p>\n<p><a href=\"https:\/\/aldeco.pt\/staging\/product\/linus-fr\/?attribute_pa_aldeco-color=01-snow-white\">https:\/\/aldeco.pt\/staging\/product\/linus-fr\/?attribute_pa_aldeco-color=01-snow-white<\/a><\/p>\n<p><a href=\"https:\/\/www.instagram.com\/aldeco_interiorfabrics\/\">https:\/\/www.instagram.com\/aldeco_interiorfabrics\/<\/a><\/p>\n","protected":false},"featured_media":162280,"template":"","meta":[],"product_brand":[],"product_cat":[6146,6152],"product_tag":[],"class_list":{"0":"post-191334","1":"product","2":"type-product","3":"status-publish","4":"has-post-thumbnail","6":"product_cat-aldeco-2-es","7":"product_cat-contract-es","8":"pa_cleanability-8283","9":"pa_composition-ext-100-pls-es","10":"pa_contract-fabrics-1-es","11":"pa_interior-fabrics-1-es","12":"pa_line-telas","13":"pa_lithfastness-4-5-es-2","14":"pa_range-liso-es","15":"pa_special-treatments-fabrics-1-es","18":"first","19":"instock","20":"shipping-taxable","21":"purchasable","22":"product-type-variable"},"acf":[],"_links":{"self":[{"href":"https:\/\/staging.aldeco.pt\/es\/wp-json\/wp\/v2\/product\/191334","targetHints":{"allow":["GET"]}}],"collection":[{"href":"https:\/\/staging.aldeco.pt\/es\/wp-json\/wp\/v2\/product"}],"about":[{"href":"https:\/\/staging.aldeco.pt\/es\/wp-json\/wp\/v2\/types\/product"}],"version-history":[{"count":2,"href":"https:\/\/staging.aldeco.pt\/es\/wp-json\/wp\/v2\/product\/191334\/revisions"}],"predecessor-version":[{"id":192681,"href":"https:\/\/staging.aldeco.pt\/es\/wp-json\/wp\/v2\/product\/191334\/revisions\/192681"}],"wp:featuredmedia":[{"embeddable":true,"href":"https:\/\/staging.aldeco.pt\/es\/wp-json\/wp\/v2\/media\/162280"}],"wp:attachment":[{"href":"https:\/\/staging.aldeco.pt\/es\/wp-json\/wp\/v2\/media?parent=191334"}],"wp:term":[{"taxonomy":"product_brand","embeddable":true,"href":"https:\/\/staging.aldeco.pt\/es\/wp-json\/wp\/v2\/product_brand?post=191334"},{"taxonomy":"product_cat","embeddable":true,"href":"https:\/\/staging.aldeco.pt\/es\/wp-json\/wp\/v2\/product_cat?post=191334"},{"taxonomy":"product_tag","embeddable":true,"href":"https:\/\/staging.aldeco.pt\/es\/wp-json\/wp\/v2\/product_tag?post=191334"}],"curies":[{"name":"wp","href":"https:\/\/api.w.org\/{rel}","templated":true}]}}