{"id":189428,"date":"2024-05-09T22:05:09","date_gmt":"2024-05-09T22:05:09","guid":{"rendered":"https:\/\/aldeco.pt\/staging\/product\/siege-velvet-fr\/"},"modified":"2024-08-29T14:42:22","modified_gmt":"2024-08-29T14:42:22","slug":"siege-velvet-fr","status":"publish","type":"product","link":"https:\/\/staging.aldeco.pt\/es\/product\/siege-velvet-fr\/","title":{"rendered":"SI\u00c9GE VELVET FR"},"content":{"rendered":"<p>El producto m\u00e1s vendido de Aldeco, Si\u00e9ge, es un hermoso y suave terciopelo con alta resistencia a la abrasi\u00f3n. Disponible en 62 colores y es adecuado no solo para decoraci\u00f3n, sino tambi\u00e9n para tapicer\u00eda. Tambi\u00e9n disponible con tratamiento FR, bajo petici\u00f3n.<\/p>\n","protected":false},"excerpt":{"rendered":"<p>El producto m\u00e1s vendido de Aldeco, Si\u00e9ge, es un hermoso y suave terciopelo con alta resistencia a la abrasi\u00f3n. Disponible en 62 colores y es adecuado no solo para decoraci\u00f3n, sino tambi\u00e9n para tapicer\u00eda. Tambi\u00e9n disponible con tratamiento FR, bajo petici\u00f3n. <\/p>\n<h2>Si\u00e9ge Velvet FR, es un hermoso y suave terciopelo con alta resistencia a la abrasi\u00f3n. Disponible en 62 colores y es adecuado no solo para decoraci\u00f3n, sino tambi\u00e9n para tapicer\u00eda.<\/h2>\n<p><img fetchpriority=\"high\" decoding=\"async\" class=\"alignnone wp-image-161216 size-medium\" src=\"https:\/\/aldeco.pt\/staging\/wp-content\/uploads\/2024\/05\/T758911607-300x225.jpg\" alt=\"Si\u00e9ge Velvet FR - Aldeco\" width=\"300\" height=\"225\"><\/p>\n<p><a href=\"https:\/\/www.instagram.com\/aldeco_interiorfabrics\/\">https:\/\/www.instagram.com\/aldeco_interiorfabrics\/<\/a><a href=\"https:\/\/aldeco.pt\/staging\/product\/siege-velvet-fr\/?attribute_pa_aldeco-color=0071-beige\">https:\/\/aldeco.pt\/staging\/product\/siege-velvet-fr\/?attribute_pa_aldeco-color=0071-beige<\/a><\/p>\n","protected":false},"featured_media":161215,"template":"","meta":[],"product_brand":[],"product_cat":[6146],"product_tag":[],"class_list":{"0":"post-189428","1":"product","2":"type-product","3":"status-publish","4":"has-post-thumbnail","6":"product_cat-aldeco-2-es","7":"pa_cleanability-8283","8":"pa_composition-ext-overall-100-co-pile-100-co-es","9":"pa_contract-fabrics-1-es","10":"pa_interior-fabrics-1-es","11":"pa_line-telas","12":"pa_lithfastness-4-es","13":"pa_outdoor-0-es","14":"pa_range-terciopelo","17":"first","18":"instock","19":"purchasable","20":"product-type-variable"},"acf":[],"_links":{"self":[{"href":"https:\/\/staging.aldeco.pt\/es\/wp-json\/wp\/v2\/product\/189428","targetHints":{"allow":["GET"]}}],"collection":[{"href":"https:\/\/staging.aldeco.pt\/es\/wp-json\/wp\/v2\/product"}],"about":[{"href":"https:\/\/staging.aldeco.pt\/es\/wp-json\/wp\/v2\/types\/product"}],"version-history":[{"count":2,"href":"https:\/\/staging.aldeco.pt\/es\/wp-json\/wp\/v2\/product\/189428\/revisions"}],"predecessor-version":[{"id":195368,"href":"https:\/\/staging.aldeco.pt\/es\/wp-json\/wp\/v2\/product\/189428\/revisions\/195368"}],"wp:featuredmedia":[{"embeddable":true,"href":"https:\/\/staging.aldeco.pt\/es\/wp-json\/wp\/v2\/media\/161215"}],"wp:attachment":[{"href":"https:\/\/staging.aldeco.pt\/es\/wp-json\/wp\/v2\/media?parent=189428"}],"wp:term":[{"taxonomy":"product_brand","embeddable":true,"href":"https:\/\/staging.aldeco.pt\/es\/wp-json\/wp\/v2\/product_brand?post=189428"},{"taxonomy":"product_cat","embeddable":true,"href":"https:\/\/staging.aldeco.pt\/es\/wp-json\/wp\/v2\/product_cat?post=189428"},{"taxonomy":"product_tag","embeddable":true,"href":"https:\/\/staging.aldeco.pt\/es\/wp-json\/wp\/v2\/product_tag?post=189428"}],"curies":[{"name":"wp","href":"https:\/\/api.w.org\/{rel}","templated":true}]}}