{"id":187561,"date":"2024-05-09T22:54:40","date_gmt":"2024-05-09T22:54:40","guid":{"rendered":"https:\/\/aldeco.pt\/staging\/product\/velvalpaca\/"},"modified":"2024-09-24T09:00:48","modified_gmt":"2024-09-24T09:00:48","slug":"velvalpaca","status":"publish","type":"product","link":"https:\/\/staging.aldeco.pt\/es\/product\/velvalpaca\/","title":{"rendered":"VELVALPACA"},"content":{"rendered":"<p>Terciopelo de doble ancho tejido con aspecto de alpaca, consiste en hilos que se colocan en forma de onda y luego se pasan uno a trav\u00e9s del otro. Terciopelo ancho tejido hecho de una selecci\u00f3n de hilos de poli\u00e9ster. Tiene un aspecto y sensaci\u00f3n de lana de alpaca muy suave.<\/p>\n","protected":false},"excerpt":{"rendered":"<p>Terciopelo de doble ancho tejido con aspecto de alpaca, consiste en hilos que se colocan en forma de onda y luego se pasan uno a trav\u00e9s del otro. Terciopelo ancho tejido hecho de una selecci\u00f3n de hilos de poli\u00e9ster. Tiene un aspecto y sensaci\u00f3n de lana de alpaca muy suave.<\/p>\n<h2>Velvalpaca, es un terciopelo de doble ancho tejido con aspecto de alpaca, consiste en hilos que se colocan en forma de onda y luego se pasan uno a trav\u00e9s del otro. Terciopelo ancho tejido hecho de una selecci\u00f3n de hilos de poli\u00e9ster. Tiene un aspecto y sensaci\u00f3n de lana de alpaca muy suave.<\/h2>\n<p><img fetchpriority=\"high\" decoding=\"async\" class=\"alignnone wp-image-189295 size-medium\" src=\"https:\/\/aldeco.pt\/staging\/wp-content\/uploads\/2024\/01\/T191580001-3-300x225.jpg\" alt=\"Velvalpaca - Aldeco\" width=\"300\" height=\"225\" \/><\/p>\n<p><a href=\"https:\/\/www.instagram.com\/aldeco_interiorfabrics\/\">https:\/\/www.instagram.com\/aldeco_interiorfabrics\/<\/a><a href=\"https:\/\/aldeco.pt\/staging\/product\/velvalpaca\/?attribute_pa_aldeco-color=01-ecru\">https:\/\/aldeco.pt\/staging\/product\/velvalpaca\/?attribute_pa_aldeco-color=01-ecru<\/a><\/p>\n","protected":false},"featured_media":161004,"template":"","meta":[],"product_brand":[],"product_cat":[6154],"product_tag":[],"class_list":{"0":"post-187561","1":"product","2":"type-product","3":"status-publish","4":"has-post-thumbnail","6":"product_cat-aldeco-smarter-es","7":"pa_cleanability-8283","8":"pa_composition-ext-100-pl-es","9":"pa_interior-fabrics-1-es","10":"pa_line-telas","11":"pa_lithfastness-5-es","12":"pa_outdoor-0-es","13":"pa_range-liso-es","14":"pa_range-terciopelo","17":"first","18":"instock","19":"purchasable","20":"product-type-variable"},"acf":[],"_links":{"self":[{"href":"https:\/\/staging.aldeco.pt\/es\/wp-json\/wp\/v2\/product\/187561","targetHints":{"allow":["GET"]}}],"collection":[{"href":"https:\/\/staging.aldeco.pt\/es\/wp-json\/wp\/v2\/product"}],"about":[{"href":"https:\/\/staging.aldeco.pt\/es\/wp-json\/wp\/v2\/types\/product"}],"version-history":[{"count":3,"href":"https:\/\/staging.aldeco.pt\/es\/wp-json\/wp\/v2\/product\/187561\/revisions"}],"predecessor-version":[{"id":200786,"href":"https:\/\/staging.aldeco.pt\/es\/wp-json\/wp\/v2\/product\/187561\/revisions\/200786"}],"wp:featuredmedia":[{"embeddable":true,"href":"https:\/\/staging.aldeco.pt\/es\/wp-json\/wp\/v2\/media\/161004"}],"wp:attachment":[{"href":"https:\/\/staging.aldeco.pt\/es\/wp-json\/wp\/v2\/media?parent=187561"}],"wp:term":[{"taxonomy":"product_brand","embeddable":true,"href":"https:\/\/staging.aldeco.pt\/es\/wp-json\/wp\/v2\/product_brand?post=187561"},{"taxonomy":"product_cat","embeddable":true,"href":"https:\/\/staging.aldeco.pt\/es\/wp-json\/wp\/v2\/product_cat?post=187561"},{"taxonomy":"product_tag","embeddable":true,"href":"https:\/\/staging.aldeco.pt\/es\/wp-json\/wp\/v2\/product_tag?post=187561"}],"curies":[{"name":"wp","href":"https:\/\/api.w.org\/{rel}","templated":true}]}}